{"id":46942,"date":"2025-02-10T21:38:26","date_gmt":"2025-02-10T20:38:26","guid":{"rendered":"https:\/\/shop.rescuesheet.net\/produkt\/isuzu-n-serie-typ-n85-n75-n1r-n2r-double-cab-2009-2010\/"},"modified":"2025-02-19T14:38:13","modified_gmt":"2025-02-19T13:38:13","slug":"isuzu-n-serie-typ-n85-n75-n1r-n2r-double-cab-2009-2010","status":"publish","type":"product","link":"https:\/\/rescuesheet.net\/tr\/produkt\/isuzu-n-serie-typ-n85-n75-n1r-n2r-double-cab-2009-2010\/","title":{"rendered":"Isuzu N-Serie Typ N85 N75 N1R N2R Double Cab (&gt;2009-2010)"},"content":{"rendered":"\t\t\t<link rel=\"stylesheet\" id=\"elementor-post-68350-css\" href=\"https:\/\/rescuesheet.net\/wp-content\/uploads\/elementor\/css\/post-68350.css?ver=1777524685\" type=\"text\/css\" media=\"all\">\n\t\t\t\t\t<div data-elementor-type=\"wp-post\" data-elementor-id=\"68350\" class=\"elementor elementor-68350 elementor-16883\" data-elementor-post-type=\"cms_block\">\n\t\t\t\t<div class=\"wd-negative-gap elementor-element elementor-element-4b566da e-flex e-con-boxed e-con e-parent\" data-id=\"4b566da\" data-element_type=\"container\" data-e-type=\"container\">\n\t\t\t\t\t<div class=\"e-con-inner\">\n\t\t\t\t<div class=\"elementor-element elementor-element-73bbd22 elementor-widget elementor-widget-wd_image_or_svg\" data-id=\"73bbd22\" data-element_type=\"widget\" data-e-type=\"widget\" data-widget_type=\"wd_image_or_svg.default\">\n\t\t\t\t<div class=\"elementor-widget-container\">\n\t\t\t\t\t\n\t\t<div class=\"wd-image text-left\">\n\t\t\t\t\t\t\t\t<img decoding=\"async\" width=\"1940\" height=\"600\" src=\"https:\/\/rescuesheet.net\/wp-content\/uploads\/beitrag-bilder\/001_tr.jpg\" class=\"attachment-full size-full\" alt=\"Araba kazas\u0131\" srcset=\"https:\/\/rescuesheet.net\/wp-content\/uploads\/beitrag-bilder\/001_tr.jpg 1940w, https:\/\/rescuesheet.net\/wp-content\/uploads\/beitrag-bilder\/001_tr-400x124.jpg 400w, https:\/\/rescuesheet.net\/wp-content\/uploads\/beitrag-bilder\/001_tr-1300x402.jpg 1300w, https:\/\/rescuesheet.net\/wp-content\/uploads\/beitrag-bilder\/001_tr-768x238.jpg 768w, https:\/\/rescuesheet.net\/wp-content\/uploads\/beitrag-bilder\/001_tr-1536x475.jpg 1536w, https:\/\/rescuesheet.net\/wp-content\/uploads\/beitrag-bilder\/001_tr-1320x408.jpg 1320w, https:\/\/rescuesheet.net\/wp-content\/uploads\/beitrag-bilder\/001_tr-430x133.jpg 430w, https:\/\/rescuesheet.net\/wp-content\/uploads\/beitrag-bilder\/001_tr-700x216.jpg 700w, https:\/\/rescuesheet.net\/wp-content\/uploads\/beitrag-bilder\/001_tr-150x46.jpg 150w\" sizes=\"(max-width: 1940px) 100vw, 1940px\" \/>\t\t\t\t\t<\/div>\n\n\t\t\t\t\t\t<\/div>\n\t\t\t\t<\/div>\n\t\t\t\t<div class=\"elementor-element elementor-element-257bb09 elementor-widget elementor-widget-wd_image_or_svg\" data-id=\"257bb09\" data-element_type=\"widget\" data-e-type=\"widget\" data-widget_type=\"wd_image_or_svg.default\">\n\t\t\t\t<div class=\"elementor-widget-container\">\n\t\t\t\t\t\n\t\t<div class=\"wd-image text-left\">\n\t\t\t\t\t\t\t\t<img decoding=\"async\" width=\"1940\" height=\"600\" src=\"https:\/\/rescuesheet.net\/wp-content\/uploads\/beitrag-bilder\/003_tr.jpg\" class=\"attachment-full size-full\" alt=\"Araba kazas\u0131\" srcset=\"https:\/\/rescuesheet.net\/wp-content\/uploads\/beitrag-bilder\/003_tr.jpg 1940w, https:\/\/rescuesheet.net\/wp-content\/uploads\/beitrag-bilder\/003_tr-400x124.jpg 400w, https:\/\/rescuesheet.net\/wp-content\/uploads\/beitrag-bilder\/003_tr-1300x402.jpg 1300w, https:\/\/rescuesheet.net\/wp-content\/uploads\/beitrag-bilder\/003_tr-768x238.jpg 768w, https:\/\/rescuesheet.net\/wp-content\/uploads\/beitrag-bilder\/003_tr-1536x475.jpg 1536w, https:\/\/rescuesheet.net\/wp-content\/uploads\/beitrag-bilder\/003_tr-1320x408.jpg 1320w, https:\/\/rescuesheet.net\/wp-content\/uploads\/beitrag-bilder\/003_tr-430x133.jpg 430w, https:\/\/rescuesheet.net\/wp-content\/uploads\/beitrag-bilder\/003_tr-700x216.jpg 700w, https:\/\/rescuesheet.net\/wp-content\/uploads\/beitrag-bilder\/003_tr-150x46.jpg 150w\" sizes=\"(max-width: 1940px) 100vw, 1940px\" \/>\t\t\t\t\t<\/div>\n\n\t\t\t\t\t\t<\/div>\n\t\t\t\t<\/div>\n\t\t\t\t\t<\/div>\n\t\t\t\t<\/div>\n\t\t<div class=\"elementor-element elementor-element-d9f5a73 e-grid e-con-full e-con e-parent\" data-id=\"d9f5a73\" data-element_type=\"container\" data-e-type=\"container\">\n\t\t\t\t<div class=\"elementor-element elementor-element-54d0e89 elementor-widget__width-inherit elementor-position-top elementor-widget elementor-widget-image-box\" data-id=\"54d0e89\" data-element_type=\"widget\" data-e-type=\"widget\" data-widget_type=\"image-box.default\">\n\t\t\t\t<div class=\"elementor-widget-container\">\n\t\t\t\t\t<div class=\"elementor-image-box-wrapper\"><figure class=\"elementor-image-box-img\"><img decoding=\"async\" width=\"1000\" height=\"1000\" src=\"https:\/\/rescuesheet.net\/wp-content\/uploads\/beitrag-bilder\/002_a.jpg\" class=\"attachment-full size-full wp-image-16932\" alt=\"Feuerwehr\" srcset=\"https:\/\/rescuesheet.net\/wp-content\/uploads\/beitrag-bilder\/002_a.jpg 1000w, https:\/\/rescuesheet.net\/wp-content\/uploads\/beitrag-bilder\/002_a-300x300.jpg 300w, https:\/\/rescuesheet.net\/wp-content\/uploads\/beitrag-bilder\/002_a-800x800.jpg 800w, https:\/\/rescuesheet.net\/wp-content\/uploads\/beitrag-bilder\/002_a-150x150.jpg 150w, https:\/\/rescuesheet.net\/wp-content\/uploads\/beitrag-bilder\/002_a-768x768.jpg 768w, https:\/\/rescuesheet.net\/wp-content\/uploads\/beitrag-bilder\/002_a-430x430.jpg 430w, https:\/\/rescuesheet.net\/wp-content\/uploads\/beitrag-bilder\/002_a-700x700.jpg 700w\" sizes=\"(max-width: 1000px) 100vw, 1000px\" \/><\/figure><div class=\"elementor-image-box-content\"><h3 class=\"elementor-image-box-title\">90 markadan 3200'den fazla ara\u00e7 modeli<\/h3><\/div><\/div>\t\t\t\t<\/div>\n\t\t\t\t<\/div>\n\t\t\t\t<div class=\"elementor-element elementor-element-6c4d9b8 elementor-widget__width-inherit elementor-position-top elementor-widget elementor-widget-image-box\" data-id=\"6c4d9b8\" data-element_type=\"widget\" data-e-type=\"widget\" data-widget_type=\"image-box.default\">\n\t\t\t\t<div class=\"elementor-widget-container\">\n\t\t\t\t\t<div class=\"elementor-image-box-wrapper\"><figure class=\"elementor-image-box-img\"><img decoding=\"async\" width=\"1000\" height=\"1000\" src=\"https:\/\/rescuesheet.net\/wp-content\/uploads\/beitrag-bilder\/002_b.jpg\" class=\"attachment-full size-full wp-image-16941\" alt=\"Rettung\" srcset=\"https:\/\/rescuesheet.net\/wp-content\/uploads\/beitrag-bilder\/002_b.jpg 1000w, https:\/\/rescuesheet.net\/wp-content\/uploads\/beitrag-bilder\/002_b-300x300.jpg 300w, https:\/\/rescuesheet.net\/wp-content\/uploads\/beitrag-bilder\/002_b-800x800.jpg 800w, https:\/\/rescuesheet.net\/wp-content\/uploads\/beitrag-bilder\/002_b-150x150.jpg 150w, https:\/\/rescuesheet.net\/wp-content\/uploads\/beitrag-bilder\/002_b-768x768.jpg 768w, https:\/\/rescuesheet.net\/wp-content\/uploads\/beitrag-bilder\/002_b-430x430.jpg 430w, https:\/\/rescuesheet.net\/wp-content\/uploads\/beitrag-bilder\/002_b-700x700.jpg 700w\" sizes=\"(max-width: 1000px) 100vw, 1000px\" \/><\/figure><div class=\"elementor-image-box-content\"><h3 class=\"elementor-image-box-title\">Saniyeler i\u00e7inde do\u011fru kurtarma kart\u0131<\/h3><\/div><\/div>\t\t\t\t<\/div>\n\t\t\t\t<\/div>\n\t\t\t\t<div class=\"elementor-element elementor-element-44f95a9 elementor-widget__width-inherit elementor-position-top elementor-widget elementor-widget-image-box\" data-id=\"44f95a9\" data-element_type=\"widget\" data-e-type=\"widget\" data-widget_type=\"image-box.default\">\n\t\t\t\t<div class=\"elementor-widget-container\">\n\t\t\t\t\t<div class=\"elementor-image-box-wrapper\"><figure class=\"elementor-image-box-img\"><img decoding=\"async\" width=\"1000\" height=\"1000\" src=\"https:\/\/rescuesheet.net\/wp-content\/uploads\/beitrag-bilder\/002_c.jpg\" class=\"attachment-full size-full wp-image-16948\" alt=\"Sprachen\" srcset=\"https:\/\/rescuesheet.net\/wp-content\/uploads\/beitrag-bilder\/002_c.jpg 1000w, https:\/\/rescuesheet.net\/wp-content\/uploads\/beitrag-bilder\/002_c-300x300.jpg 300w, https:\/\/rescuesheet.net\/wp-content\/uploads\/beitrag-bilder\/002_c-800x800.jpg 800w, https:\/\/rescuesheet.net\/wp-content\/uploads\/beitrag-bilder\/002_c-150x150.jpg 150w, https:\/\/rescuesheet.net\/wp-content\/uploads\/beitrag-bilder\/002_c-768x768.jpg 768w, https:\/\/rescuesheet.net\/wp-content\/uploads\/beitrag-bilder\/002_c-430x430.jpg 430w, https:\/\/rescuesheet.net\/wp-content\/uploads\/beitrag-bilder\/002_c-700x700.jpg 700w\" sizes=\"(max-width: 1000px) 100vw, 1000px\" \/><\/figure><div class=\"elementor-image-box-content\"><h3 class=\"elementor-image-box-title\">Ayn\u0131 QR koduna sahip \u00e7ok dilli kurtarma kartlar\u0131<\/h3><\/div><\/div>\t\t\t\t<\/div>\n\t\t\t\t<\/div>\n\t\t\t\t<\/div>\n\t\t<div class=\"wd-negative-gap elementor-element elementor-element-c2ac555 e-flex e-con-boxed e-con e-parent\" data-id=\"c2ac555\" data-element_type=\"container\" data-e-type=\"container\">\n\t\t\t\t\t<div class=\"e-con-inner\">\n\t\t\t\t\t<\/div>\n\t\t\t\t<\/div>\n\t\t\t\t<\/div>\n\t\t\n<p><b>Her saniye \u00f6nemli oldu\u011funda!<\/b><\/p>\n<p>Kurtarma kart\u0131, bir trafik kazas\u0131 durumunda insanlar\u0131 ara\u00e7lar\u0131ndan etkin bir \u015fekilde kurtarmak i\u00e7in \u00f6nemli bir ara\u00e7t\u0131r. Bu kartta s\u00f6z konusu arac\u0131n hava yast\u0131klar\u0131, kemer gerdiriciler, ak\u00fc, yak\u0131t deposu ve g\u00f6vde takviyeleri gibi temel bile\u015fenleri listelenir. QR kodumuz herhangi bir ak\u0131ll\u0131 telefon ile taranabilir. Ara\u00e7la ilgili bir kurtarma haritas\u0131 g\u00f6r\u00fcnt\u00fclenir. Bu, hayati kurtarma operasyonlar\u0131nda itfaiyeyi destekler. Serpme makineleri ve kurtarma makaslar\u0131 gibi kurtarma ekipmanlar\u0131 i\u00e7in optimum sald\u0131r\u0131 noktalar\u0131n\u0131n h\u0131zl\u0131 ve g\u00fcvenli bir \u015fekilde bulunmas\u0131na yard\u0131mc\u0131 olur.     <\/p>\n<p><b>\u00c7ok dilli<\/b><\/p>\n<p>Ayn\u0131 QR koduna sahip \u00e7ok dilli kurtarma kartlar\u0131. Die Karte wird automatisch in der vom Benutzer gew\u00fcnschten Sprache angezeigt. Ideal f\u00fcr Reisen. <\/p>\n<p><b>Veritaban\u0131m\u0131z<\/b><\/p>\n<p>Die angebotenen Rettungskarten werden kontinuierlich aktualisiert und erweitert. Sollten Sie hier keinen passenden QR-Code finden, k\u00f6nnen Sie uns einfach Ihre Fahrzeug-Identifikationsnummer (FIN\/VIN) senden. Wir k\u00fcmmern uns um den Rest und schicken Ihnen die passende digitale Rettungskarte zu.  <\/p>\n<p><b>Unterst\u00fctzen Sie unsere Rettungskr\u00e4fte dabei, Ihnen zu helfen.<\/b><\/p>\n","protected":false},"excerpt":{"rendered":"<p>QR kodlu kurtarma kart\u0131 \/ Etiket \/ Araba \u00f6n cam\u0131 \/ Kart kapa\u011f\u0131 kendinden yap\u0131\u015fkanl\u0131 \/ Kurtarma Kart\u0131 Sayfalar\u0131<\/p>\n","protected":false},"featured_media":24698,"comment_status":"open","ping_status":"closed","template":"","meta":{"jetpack_publicize_message":"","jetpack_publicize_feature_enabled":true,"jetpack_social_post_already_shared":false,"jetpack_social_options":{"image_generator_settings":{"template":"highway","default_image_id":0,"font":"","enabled":false},"version":2}},"product_brand":[],"product_cat":[383],"product_tag":[223,224,222,225,229,228,231,226,227,230],"class_list":{"0":"post-46942","1":"product","2":"type-product","3":"status-publish","4":"has-post-thumbnail","6":"product_cat-isuzu-tr","7":"product_tag-araba","8":"product_tag-arac-modelleri","9":"product_tag-cikartma","10":"product_tag-kart-kilifi","11":"product_tag-kendinden-yapiskanli","12":"product_tag-kurtarma-karti","13":"product_tag-oen-cam","14":"product_tag-qr-code-tr","15":"product_tag-rescue-tr","16":"product_tag-sheets-tr","18":"first","19":"instock","20":"taxable","21":"shipping-taxable","22":"purchasable","23":"product-type-simple"},"yoast_head":"<!-- This site is optimized with the Yoast SEO plugin v27.2 - https:\/\/yoast.com\/product\/yoast-seo-wordpress\/ -->\n<title>Isuzu N-Serie Typ N85 N75 N1R N2R Double Cab (&gt;2009-2010) - Digitale Rettungskarte per QR Code - Wenn es um Sekunden geht<\/title>\n<meta name=\"description\" content=\"Kurtarma kart\u0131, bir trafik kazas\u0131 durumunda insanlar\u0131 ara\u00e7lar\u0131ndan etkin bir \u015fekilde kurtarmak i\u00e7in \u00f6nemli bir ara\u00e7t\u0131r. QR kodumuz herhangi bir ak\u0131ll\u0131 telefon ile taranabilir. Ara\u00e7la ilgili bir kurtarma kart\u0131 g\u00f6r\u00fcnt\u00fclenir. Bu, hayati kurtarma operasyonlar\u0131nda itfaiyeyi destekler. Serpme makineleri ve kurtarma makaslar\u0131 gibi kurtarma ekipmanlar\u0131 i\u00e7in optimum sald\u0131r\u0131 noktalar\u0131n\u0131n h\u0131zl\u0131 ve g\u00fcvenli bir \u015fekilde bulunmas\u0131na yard\u0131mc\u0131 olur.\" \/>\n<meta name=\"robots\" content=\"index, follow, max-snippet:-1, max-image-preview:large, max-video-preview:-1\" \/>\n<link rel=\"canonical\" href=\"https:\/\/rescuesheet.net\/tr\/produkt\/isuzu-n-serie-typ-n85-n75-n1r-n2r-double-cab-2009-2010\/\" \/>\n<meta property=\"og:locale\" content=\"tr_TR\" \/>\n<meta property=\"og:type\" content=\"article\" \/>\n<meta property=\"og:title\" content=\"Isuzu N-Serie Typ N85 N75 N1R N2R Double Cab (&gt;2009-2010) - Digitale Rettungskarte per QR Code - Wenn es um Sekunden geht\" \/>\n<meta property=\"og:description\" content=\"Kurtarma kart\u0131, bir trafik kazas\u0131 durumunda insanlar\u0131 ara\u00e7lar\u0131ndan etkin bir \u015fekilde kurtarmak i\u00e7in \u00f6nemli bir ara\u00e7t\u0131r. QR kodumuz herhangi bir ak\u0131ll\u0131 telefon ile taranabilir. Ara\u00e7la ilgili bir kurtarma kart\u0131 g\u00f6r\u00fcnt\u00fclenir. Bu, hayati kurtarma operasyonlar\u0131nda itfaiyeyi destekler. Serpme makineleri ve kurtarma makaslar\u0131 gibi kurtarma ekipmanlar\u0131 i\u00e7in optimum sald\u0131r\u0131 noktalar\u0131n\u0131n h\u0131zl\u0131 ve g\u00fcvenli bir \u015fekilde bulunmas\u0131na yard\u0131mc\u0131 olur.\" \/>\n<meta property=\"og:url\" content=\"https:\/\/rescuesheet.net\/tr\/produkt\/isuzu-n-serie-typ-n85-n75-n1r-n2r-double-cab-2009-2010\/\" \/>\n<meta property=\"og:site_name\" content=\"Digitale Rettungskarte per QR Code - Wenn es um Sekunden geht\" \/>\n<meta property=\"article:modified_time\" content=\"2025-02-19T13:38:13+00:00\" \/>\n<meta property=\"og:image\" content=\"https:\/\/rescuesheet.net\/wp-content\/uploads\/2025\/02\/Isuzu.jpg\" \/>\n\t<meta property=\"og:image:width\" content=\"800\" \/>\n\t<meta property=\"og:image:height\" content=\"796\" \/>\n\t<meta property=\"og:image:type\" content=\"image\/jpeg\" \/>\n<meta name=\"twitter:card\" content=\"summary_large_image\" \/>\n<meta name=\"twitter:label1\" content=\"Tahmini okuma s\u00fcresi\" \/>\n\t<meta name=\"twitter:data1\" content=\"1 dakika\" \/>\n<script type=\"application\/ld+json\" class=\"yoast-schema-graph\">{\"@context\":\"https:\/\/schema.org\",\"@graph\":[{\"@type\":\"WebPage\",\"@id\":\"https:\/\/rescuesheet.net\/tr\/produkt\/isuzu-n-serie-typ-n85-n75-n1r-n2r-double-cab-2009-2010\/\",\"url\":\"https:\/\/rescuesheet.net\/tr\/produkt\/isuzu-n-serie-typ-n85-n75-n1r-n2r-double-cab-2009-2010\/\",\"name\":\"Isuzu N-Serie Typ N85 N75 N1R N2R Double Cab (&gt;2009-2010) - Digitale Rettungskarte per QR Code - Wenn es um Sekunden geht\",\"isPartOf\":{\"@id\":\"https:\/\/rescuesheet.net\/tr\/#website\"},\"primaryImageOfPage\":{\"@id\":\"https:\/\/rescuesheet.net\/tr\/produkt\/isuzu-n-serie-typ-n85-n75-n1r-n2r-double-cab-2009-2010\/#primaryimage\"},\"image\":{\"@id\":\"https:\/\/rescuesheet.net\/tr\/produkt\/isuzu-n-serie-typ-n85-n75-n1r-n2r-double-cab-2009-2010\/#primaryimage\"},\"thumbnailUrl\":\"https:\/\/rescuesheet.net\/wp-content\/uploads\/2025\/02\/Isuzu.jpg\",\"datePublished\":\"2025-02-10T20:38:26+00:00\",\"dateModified\":\"2025-02-19T13:38:13+00:00\",\"description\":\"Kurtarma kart\u0131, bir trafik kazas\u0131 durumunda insanlar\u0131 ara\u00e7lar\u0131ndan etkin bir \u015fekilde kurtarmak i\u00e7in \u00f6nemli bir ara\u00e7t\u0131r. QR kodumuz herhangi bir ak\u0131ll\u0131 telefon ile taranabilir. Ara\u00e7la ilgili bir kurtarma kart\u0131 g\u00f6r\u00fcnt\u00fclenir. Bu, hayati kurtarma operasyonlar\u0131nda itfaiyeyi destekler. Serpme makineleri ve kurtarma makaslar\u0131 gibi kurtarma ekipmanlar\u0131 i\u00e7in optimum sald\u0131r\u0131 noktalar\u0131n\u0131n h\u0131zl\u0131 ve g\u00fcvenli bir \u015fekilde bulunmas\u0131na yard\u0131mc\u0131 olur.\",\"breadcrumb\":{\"@id\":\"https:\/\/rescuesheet.net\/tr\/produkt\/isuzu-n-serie-typ-n85-n75-n1r-n2r-double-cab-2009-2010\/#breadcrumb\"},\"inLanguage\":\"tr\",\"potentialAction\":[{\"@type\":\"ReadAction\",\"target\":[\"https:\/\/rescuesheet.net\/tr\/produkt\/isuzu-n-serie-typ-n85-n75-n1r-n2r-double-cab-2009-2010\/\"]}]},{\"@type\":\"ImageObject\",\"inLanguage\":\"tr\",\"@id\":\"https:\/\/rescuesheet.net\/tr\/produkt\/isuzu-n-serie-typ-n85-n75-n1r-n2r-double-cab-2009-2010\/#primaryimage\",\"url\":\"https:\/\/rescuesheet.net\/wp-content\/uploads\/2025\/02\/Isuzu.jpg\",\"contentUrl\":\"https:\/\/rescuesheet.net\/wp-content\/uploads\/2025\/02\/Isuzu.jpg\",\"width\":800,\"height\":796,\"caption\":\"Isuzu\"},{\"@type\":\"BreadcrumbList\",\"@id\":\"https:\/\/rescuesheet.net\/tr\/produkt\/isuzu-n-serie-typ-n85-n75-n1r-n2r-double-cab-2009-2010\/#breadcrumb\",\"itemListElement\":[{\"@type\":\"ListItem\",\"position\":1,\"name\":\"Startseite\",\"item\":\"https:\/\/rescuesheet.net\/tr\/home\/\"},{\"@type\":\"ListItem\",\"position\":2,\"name\":\"Shop\",\"item\":\"https:\/\/rescuesheet.net\/tr\/shop\/\"},{\"@type\":\"ListItem\",\"position\":3,\"name\":\"Isuzu N-Serie Typ N85 N75 N1R N2R Double Cab (&gt;2009-2010)\"}]},{\"@type\":\"WebSite\",\"@id\":\"https:\/\/rescuesheet.net\/tr\/#website\",\"url\":\"https:\/\/rescuesheet.net\/tr\/\",\"name\":\"Digitale Rettungskarte per QR Code - Wenn es um Sekunden geht\",\"description\":\"Setzen Sie Ihren QR-Code in Ihrem Fahrzeug ein, um im Notfall rasch und effizient Hilfe zu erhalten.\",\"publisher\":{\"@id\":\"https:\/\/rescuesheet.net\/tr\/#organization\"},\"potentialAction\":[{\"@type\":\"SearchAction\",\"target\":{\"@type\":\"EntryPoint\",\"urlTemplate\":\"https:\/\/rescuesheet.net\/tr\/?s={search_term_string}\"},\"query-input\":{\"@type\":\"PropertyValueSpecification\",\"valueRequired\":true,\"valueName\":\"search_term_string\"}}],\"inLanguage\":\"tr\"},{\"@type\":\"Organization\",\"@id\":\"https:\/\/rescuesheet.net\/tr\/#organization\",\"name\":\"Ogbon GmbH\",\"url\":\"https:\/\/rescuesheet.net\/tr\/\",\"logo\":{\"@type\":\"ImageObject\",\"inLanguage\":\"tr\",\"@id\":\"https:\/\/rescuesheet.net\/tr\/#\/schema\/logo\/image\/\",\"url\":\"https:\/\/shop.rescuesheet.net\/wp-content\/uploads\/logos\/logo_ogbon.png\",\"contentUrl\":\"https:\/\/shop.rescuesheet.net\/wp-content\/uploads\/logos\/logo_ogbon.png\",\"width\":974,\"height\":423,\"caption\":\"Ogbon GmbH\"},\"image\":{\"@id\":\"https:\/\/rescuesheet.net\/tr\/#\/schema\/logo\/image\/\"}}]}<\/script>\n<!-- \/ Yoast SEO plugin. -->","yoast_head_json":{"title":"Isuzu N-Serie Typ N85 N75 N1R N2R Double Cab (&gt;2009-2010) - Digitale Rettungskarte per QR Code - Wenn es um Sekunden geht","description":"Kurtarma kart\u0131, bir trafik kazas\u0131 durumunda insanlar\u0131 ara\u00e7lar\u0131ndan etkin bir \u015fekilde kurtarmak i\u00e7in \u00f6nemli bir ara\u00e7t\u0131r. QR kodumuz herhangi bir ak\u0131ll\u0131 telefon ile taranabilir. Ara\u00e7la ilgili bir kurtarma kart\u0131 g\u00f6r\u00fcnt\u00fclenir. Bu, hayati kurtarma operasyonlar\u0131nda itfaiyeyi destekler. Serpme makineleri ve kurtarma makaslar\u0131 gibi kurtarma ekipmanlar\u0131 i\u00e7in optimum sald\u0131r\u0131 noktalar\u0131n\u0131n h\u0131zl\u0131 ve g\u00fcvenli bir \u015fekilde bulunmas\u0131na yard\u0131mc\u0131 olur.","robots":{"index":"index","follow":"follow","max-snippet":"max-snippet:-1","max-image-preview":"max-image-preview:large","max-video-preview":"max-video-preview:-1"},"canonical":"https:\/\/rescuesheet.net\/tr\/produkt\/isuzu-n-serie-typ-n85-n75-n1r-n2r-double-cab-2009-2010\/","og_locale":"tr_TR","og_type":"article","og_title":"Isuzu N-Serie Typ N85 N75 N1R N2R Double Cab (&gt;2009-2010) - Digitale Rettungskarte per QR Code - Wenn es um Sekunden geht","og_description":"Kurtarma kart\u0131, bir trafik kazas\u0131 durumunda insanlar\u0131 ara\u00e7lar\u0131ndan etkin bir \u015fekilde kurtarmak i\u00e7in \u00f6nemli bir ara\u00e7t\u0131r. QR kodumuz herhangi bir ak\u0131ll\u0131 telefon ile taranabilir. Ara\u00e7la ilgili bir kurtarma kart\u0131 g\u00f6r\u00fcnt\u00fclenir. Bu, hayati kurtarma operasyonlar\u0131nda itfaiyeyi destekler. Serpme makineleri ve kurtarma makaslar\u0131 gibi kurtarma ekipmanlar\u0131 i\u00e7in optimum sald\u0131r\u0131 noktalar\u0131n\u0131n h\u0131zl\u0131 ve g\u00fcvenli bir \u015fekilde bulunmas\u0131na yard\u0131mc\u0131 olur.","og_url":"https:\/\/rescuesheet.net\/tr\/produkt\/isuzu-n-serie-typ-n85-n75-n1r-n2r-double-cab-2009-2010\/","og_site_name":"Digitale Rettungskarte per QR Code - Wenn es um Sekunden geht","article_modified_time":"2025-02-19T13:38:13+00:00","og_image":[{"width":800,"height":796,"url":"https:\/\/rescuesheet.net\/wp-content\/uploads\/2025\/02\/Isuzu.jpg","type":"image\/jpeg"}],"twitter_card":"summary_large_image","twitter_misc":{"Tahmini okuma s\u00fcresi":"1 dakika"},"schema":{"@context":"https:\/\/schema.org","@graph":[{"@type":"WebPage","@id":"https:\/\/rescuesheet.net\/tr\/produkt\/isuzu-n-serie-typ-n85-n75-n1r-n2r-double-cab-2009-2010\/","url":"https:\/\/rescuesheet.net\/tr\/produkt\/isuzu-n-serie-typ-n85-n75-n1r-n2r-double-cab-2009-2010\/","name":"Isuzu N-Serie Typ N85 N75 N1R N2R Double Cab (&gt;2009-2010) - Digitale Rettungskarte per QR Code - Wenn es um Sekunden geht","isPartOf":{"@id":"https:\/\/rescuesheet.net\/tr\/#website"},"primaryImageOfPage":{"@id":"https:\/\/rescuesheet.net\/tr\/produkt\/isuzu-n-serie-typ-n85-n75-n1r-n2r-double-cab-2009-2010\/#primaryimage"},"image":{"@id":"https:\/\/rescuesheet.net\/tr\/produkt\/isuzu-n-serie-typ-n85-n75-n1r-n2r-double-cab-2009-2010\/#primaryimage"},"thumbnailUrl":"https:\/\/rescuesheet.net\/wp-content\/uploads\/2025\/02\/Isuzu.jpg","datePublished":"2025-02-10T20:38:26+00:00","dateModified":"2025-02-19T13:38:13+00:00","description":"Kurtarma kart\u0131, bir trafik kazas\u0131 durumunda insanlar\u0131 ara\u00e7lar\u0131ndan etkin bir \u015fekilde kurtarmak i\u00e7in \u00f6nemli bir ara\u00e7t\u0131r. QR kodumuz herhangi bir ak\u0131ll\u0131 telefon ile taranabilir. Ara\u00e7la ilgili bir kurtarma kart\u0131 g\u00f6r\u00fcnt\u00fclenir. Bu, hayati kurtarma operasyonlar\u0131nda itfaiyeyi destekler. Serpme makineleri ve kurtarma makaslar\u0131 gibi kurtarma ekipmanlar\u0131 i\u00e7in optimum sald\u0131r\u0131 noktalar\u0131n\u0131n h\u0131zl\u0131 ve g\u00fcvenli bir \u015fekilde bulunmas\u0131na yard\u0131mc\u0131 olur.","breadcrumb":{"@id":"https:\/\/rescuesheet.net\/tr\/produkt\/isuzu-n-serie-typ-n85-n75-n1r-n2r-double-cab-2009-2010\/#breadcrumb"},"inLanguage":"tr","potentialAction":[{"@type":"ReadAction","target":["https:\/\/rescuesheet.net\/tr\/produkt\/isuzu-n-serie-typ-n85-n75-n1r-n2r-double-cab-2009-2010\/"]}]},{"@type":"ImageObject","inLanguage":"tr","@id":"https:\/\/rescuesheet.net\/tr\/produkt\/isuzu-n-serie-typ-n85-n75-n1r-n2r-double-cab-2009-2010\/#primaryimage","url":"https:\/\/rescuesheet.net\/wp-content\/uploads\/2025\/02\/Isuzu.jpg","contentUrl":"https:\/\/rescuesheet.net\/wp-content\/uploads\/2025\/02\/Isuzu.jpg","width":800,"height":796,"caption":"Isuzu"},{"@type":"BreadcrumbList","@id":"https:\/\/rescuesheet.net\/tr\/produkt\/isuzu-n-serie-typ-n85-n75-n1r-n2r-double-cab-2009-2010\/#breadcrumb","itemListElement":[{"@type":"ListItem","position":1,"name":"Startseite","item":"https:\/\/rescuesheet.net\/tr\/home\/"},{"@type":"ListItem","position":2,"name":"Shop","item":"https:\/\/rescuesheet.net\/tr\/shop\/"},{"@type":"ListItem","position":3,"name":"Isuzu N-Serie Typ N85 N75 N1R N2R Double Cab (&gt;2009-2010)"}]},{"@type":"WebSite","@id":"https:\/\/rescuesheet.net\/tr\/#website","url":"https:\/\/rescuesheet.net\/tr\/","name":"Digitale Rettungskarte per QR Code - Wenn es um Sekunden geht","description":"Setzen Sie Ihren QR-Code in Ihrem Fahrzeug ein, um im Notfall rasch und effizient Hilfe zu erhalten.","publisher":{"@id":"https:\/\/rescuesheet.net\/tr\/#organization"},"potentialAction":[{"@type":"SearchAction","target":{"@type":"EntryPoint","urlTemplate":"https:\/\/rescuesheet.net\/tr\/?s={search_term_string}"},"query-input":{"@type":"PropertyValueSpecification","valueRequired":true,"valueName":"search_term_string"}}],"inLanguage":"tr"},{"@type":"Organization","@id":"https:\/\/rescuesheet.net\/tr\/#organization","name":"Ogbon GmbH","url":"https:\/\/rescuesheet.net\/tr\/","logo":{"@type":"ImageObject","inLanguage":"tr","@id":"https:\/\/rescuesheet.net\/tr\/#\/schema\/logo\/image\/","url":"https:\/\/shop.rescuesheet.net\/wp-content\/uploads\/logos\/logo_ogbon.png","contentUrl":"https:\/\/shop.rescuesheet.net\/wp-content\/uploads\/logos\/logo_ogbon.png","width":974,"height":423,"caption":"Ogbon GmbH"},"image":{"@id":"https:\/\/rescuesheet.net\/tr\/#\/schema\/logo\/image\/"}}]}},"jetpack_publicize_connections":[],"jetpack_sharing_enabled":true,"_links":{"self":[{"href":"https:\/\/rescuesheet.net\/tr\/wp-json\/wp\/v2\/product\/46942","targetHints":{"allow":["GET"]}}],"collection":[{"href":"https:\/\/rescuesheet.net\/tr\/wp-json\/wp\/v2\/product"}],"about":[{"href":"https:\/\/rescuesheet.net\/tr\/wp-json\/wp\/v2\/types\/product"}],"replies":[{"embeddable":true,"href":"https:\/\/rescuesheet.net\/tr\/wp-json\/wp\/v2\/comments?post=46942"}],"version-history":[{"count":0,"href":"https:\/\/rescuesheet.net\/tr\/wp-json\/wp\/v2\/product\/46942\/revisions"}],"wp:featuredmedia":[{"embeddable":true,"href":"https:\/\/rescuesheet.net\/tr\/wp-json\/wp\/v2\/media\/24698"}],"wp:attachment":[{"href":"https:\/\/rescuesheet.net\/tr\/wp-json\/wp\/v2\/media?parent=46942"}],"wp:term":[{"taxonomy":"product_brand","embeddable":true,"href":"https:\/\/rescuesheet.net\/tr\/wp-json\/wp\/v2\/product_brand?post=46942"},{"taxonomy":"product_cat","embeddable":true,"href":"https:\/\/rescuesheet.net\/tr\/wp-json\/wp\/v2\/product_cat?post=46942"},{"taxonomy":"product_tag","embeddable":true,"href":"https:\/\/rescuesheet.net\/tr\/wp-json\/wp\/v2\/product_tag?post=46942"}],"curies":[{"name":"wp","href":"https:\/\/api.w.org\/{rel}","templated":true}]}}