{"id":44417,"date":"2025-02-10T22:14:50","date_gmt":"2025-02-10T21:14:50","guid":{"rendered":"https:\/\/shop.rescuesheet.net\/produkt\/cs-reisemobile-rondo-901-905\/"},"modified":"2025-02-19T21:11:43","modified_gmt":"2025-02-19T20:11:43","slug":"cs-reisemobile-rondo-901-905","status":"publish","type":"product","link":"https:\/\/rescuesheet.net\/tr\/produkt\/cs-reisemobile-rondo-901-905\/","title":{"rendered":"CS-Reisemobile Rondo 901-905"},"content":{"rendered":"\t\t\t<link rel=\"stylesheet\" id=\"elementor-post-68350-css\" href=\"https:\/\/rescuesheet.net\/wp-content\/uploads\/elementor\/css\/post-68350.css?ver=1775235090\" type=\"text\/css\" media=\"all\">\n\t\t\t\t\t<div data-elementor-type=\"wp-post\" data-elementor-id=\"68350\" class=\"elementor elementor-68350 elementor-16883\" data-elementor-post-type=\"cms_block\">\n\t\t\t\t<div class=\"wd-negative-gap elementor-element elementor-element-4b566da e-flex e-con-boxed e-con e-parent\" data-id=\"4b566da\" data-element_type=\"container\" data-e-type=\"container\">\n\t\t\t\t\t<div class=\"e-con-inner\">\n\t\t\t\t<div class=\"elementor-element elementor-element-73bbd22 elementor-widget elementor-widget-wd_image_or_svg\" data-id=\"73bbd22\" data-element_type=\"widget\" data-e-type=\"widget\" data-widget_type=\"wd_image_or_svg.default\">\n\t\t\t\t<div class=\"elementor-widget-container\">\n\t\t\t\t\t\n\t\t<div class=\"wd-image text-left\">\n\t\t\t\t\t\t\t\t<img decoding=\"async\" width=\"1940\" height=\"600\" src=\"https:\/\/rescuesheet.net\/wp-content\/uploads\/beitrag-bilder\/001_tr.jpg\" class=\"attachment-full size-full\" alt=\"Araba kazas\u0131\" srcset=\"https:\/\/rescuesheet.net\/wp-content\/uploads\/beitrag-bilder\/001_tr.jpg 1940w, https:\/\/rescuesheet.net\/wp-content\/uploads\/beitrag-bilder\/001_tr-400x124.jpg 400w, https:\/\/rescuesheet.net\/wp-content\/uploads\/beitrag-bilder\/001_tr-1300x402.jpg 1300w, https:\/\/rescuesheet.net\/wp-content\/uploads\/beitrag-bilder\/001_tr-768x238.jpg 768w, https:\/\/rescuesheet.net\/wp-content\/uploads\/beitrag-bilder\/001_tr-1536x475.jpg 1536w, https:\/\/rescuesheet.net\/wp-content\/uploads\/beitrag-bilder\/001_tr-1320x408.jpg 1320w, https:\/\/rescuesheet.net\/wp-content\/uploads\/beitrag-bilder\/001_tr-430x133.jpg 430w, https:\/\/rescuesheet.net\/wp-content\/uploads\/beitrag-bilder\/001_tr-700x216.jpg 700w, https:\/\/rescuesheet.net\/wp-content\/uploads\/beitrag-bilder\/001_tr-150x46.jpg 150w\" sizes=\"(max-width: 1940px) 100vw, 1940px\" \/>\t\t\t\t\t<\/div>\n\n\t\t\t\t\t\t<\/div>\n\t\t\t\t<\/div>\n\t\t\t\t<div class=\"elementor-element elementor-element-257bb09 elementor-widget elementor-widget-wd_image_or_svg\" data-id=\"257bb09\" data-element_type=\"widget\" data-e-type=\"widget\" data-widget_type=\"wd_image_or_svg.default\">\n\t\t\t\t<div class=\"elementor-widget-container\">\n\t\t\t\t\t\n\t\t<div class=\"wd-image text-left\">\n\t\t\t\t\t\t\t\t<img decoding=\"async\" width=\"1940\" height=\"600\" src=\"https:\/\/rescuesheet.net\/wp-content\/uploads\/beitrag-bilder\/003_tr.jpg\" class=\"attachment-full size-full\" alt=\"Araba kazas\u0131\" srcset=\"https:\/\/rescuesheet.net\/wp-content\/uploads\/beitrag-bilder\/003_tr.jpg 1940w, https:\/\/rescuesheet.net\/wp-content\/uploads\/beitrag-bilder\/003_tr-400x124.jpg 400w, https:\/\/rescuesheet.net\/wp-content\/uploads\/beitrag-bilder\/003_tr-1300x402.jpg 1300w, https:\/\/rescuesheet.net\/wp-content\/uploads\/beitrag-bilder\/003_tr-768x238.jpg 768w, https:\/\/rescuesheet.net\/wp-content\/uploads\/beitrag-bilder\/003_tr-1536x475.jpg 1536w, https:\/\/rescuesheet.net\/wp-content\/uploads\/beitrag-bilder\/003_tr-1320x408.jpg 1320w, https:\/\/rescuesheet.net\/wp-content\/uploads\/beitrag-bilder\/003_tr-430x133.jpg 430w, https:\/\/rescuesheet.net\/wp-content\/uploads\/beitrag-bilder\/003_tr-700x216.jpg 700w, https:\/\/rescuesheet.net\/wp-content\/uploads\/beitrag-bilder\/003_tr-150x46.jpg 150w\" sizes=\"(max-width: 1940px) 100vw, 1940px\" \/>\t\t\t\t\t<\/div>\n\n\t\t\t\t\t\t<\/div>\n\t\t\t\t<\/div>\n\t\t\t\t\t<\/div>\n\t\t\t\t<\/div>\n\t\t<div class=\"elementor-element elementor-element-d9f5a73 e-grid e-con-full e-con e-parent\" data-id=\"d9f5a73\" data-element_type=\"container\" data-e-type=\"container\">\n\t\t\t\t<div class=\"elementor-element elementor-element-54d0e89 elementor-widget__width-inherit elementor-position-top elementor-widget elementor-widget-image-box\" data-id=\"54d0e89\" data-element_type=\"widget\" data-e-type=\"widget\" data-widget_type=\"image-box.default\">\n\t\t\t\t<div class=\"elementor-widget-container\">\n\t\t\t\t\t<div class=\"elementor-image-box-wrapper\"><figure class=\"elementor-image-box-img\"><img decoding=\"async\" width=\"1000\" height=\"1000\" src=\"https:\/\/rescuesheet.net\/wp-content\/uploads\/beitrag-bilder\/002_a.jpg\" class=\"attachment-full size-full wp-image-16932\" alt=\"Feuerwehr\" srcset=\"https:\/\/rescuesheet.net\/wp-content\/uploads\/beitrag-bilder\/002_a.jpg 1000w, https:\/\/rescuesheet.net\/wp-content\/uploads\/beitrag-bilder\/002_a-300x300.jpg 300w, https:\/\/rescuesheet.net\/wp-content\/uploads\/beitrag-bilder\/002_a-800x800.jpg 800w, https:\/\/rescuesheet.net\/wp-content\/uploads\/beitrag-bilder\/002_a-150x150.jpg 150w, https:\/\/rescuesheet.net\/wp-content\/uploads\/beitrag-bilder\/002_a-768x768.jpg 768w, https:\/\/rescuesheet.net\/wp-content\/uploads\/beitrag-bilder\/002_a-430x430.jpg 430w, https:\/\/rescuesheet.net\/wp-content\/uploads\/beitrag-bilder\/002_a-700x700.jpg 700w\" sizes=\"(max-width: 1000px) 100vw, 1000px\" \/><\/figure><div class=\"elementor-image-box-content\"><h3 class=\"elementor-image-box-title\">90 markadan 3200'den fazla ara\u00e7 modeli<\/h3><\/div><\/div>\t\t\t\t<\/div>\n\t\t\t\t<\/div>\n\t\t\t\t<div class=\"elementor-element elementor-element-6c4d9b8 elementor-widget__width-inherit elementor-position-top elementor-widget elementor-widget-image-box\" data-id=\"6c4d9b8\" data-element_type=\"widget\" data-e-type=\"widget\" data-widget_type=\"image-box.default\">\n\t\t\t\t<div class=\"elementor-widget-container\">\n\t\t\t\t\t<div class=\"elementor-image-box-wrapper\"><figure class=\"elementor-image-box-img\"><img decoding=\"async\" width=\"1000\" height=\"1000\" src=\"https:\/\/rescuesheet.net\/wp-content\/uploads\/beitrag-bilder\/002_b.jpg\" class=\"attachment-full size-full wp-image-16941\" alt=\"Rettung\" srcset=\"https:\/\/rescuesheet.net\/wp-content\/uploads\/beitrag-bilder\/002_b.jpg 1000w, https:\/\/rescuesheet.net\/wp-content\/uploads\/beitrag-bilder\/002_b-300x300.jpg 300w, https:\/\/rescuesheet.net\/wp-content\/uploads\/beitrag-bilder\/002_b-800x800.jpg 800w, https:\/\/rescuesheet.net\/wp-content\/uploads\/beitrag-bilder\/002_b-150x150.jpg 150w, https:\/\/rescuesheet.net\/wp-content\/uploads\/beitrag-bilder\/002_b-768x768.jpg 768w, https:\/\/rescuesheet.net\/wp-content\/uploads\/beitrag-bilder\/002_b-430x430.jpg 430w, https:\/\/rescuesheet.net\/wp-content\/uploads\/beitrag-bilder\/002_b-700x700.jpg 700w\" sizes=\"(max-width: 1000px) 100vw, 1000px\" \/><\/figure><div class=\"elementor-image-box-content\"><h3 class=\"elementor-image-box-title\">Saniyeler i\u00e7inde do\u011fru kurtarma kart\u0131<\/h3><\/div><\/div>\t\t\t\t<\/div>\n\t\t\t\t<\/div>\n\t\t\t\t<div class=\"elementor-element elementor-element-44f95a9 elementor-widget__width-inherit elementor-position-top elementor-widget elementor-widget-image-box\" data-id=\"44f95a9\" data-element_type=\"widget\" data-e-type=\"widget\" data-widget_type=\"image-box.default\">\n\t\t\t\t<div class=\"elementor-widget-container\">\n\t\t\t\t\t<div class=\"elementor-image-box-wrapper\"><figure class=\"elementor-image-box-img\"><img decoding=\"async\" width=\"1000\" height=\"1000\" src=\"https:\/\/rescuesheet.net\/wp-content\/uploads\/beitrag-bilder\/002_c.jpg\" class=\"attachment-full size-full wp-image-16948\" alt=\"Sprachen\" srcset=\"https:\/\/rescuesheet.net\/wp-content\/uploads\/beitrag-bilder\/002_c.jpg 1000w, https:\/\/rescuesheet.net\/wp-content\/uploads\/beitrag-bilder\/002_c-300x300.jpg 300w, https:\/\/rescuesheet.net\/wp-content\/uploads\/beitrag-bilder\/002_c-800x800.jpg 800w, https:\/\/rescuesheet.net\/wp-content\/uploads\/beitrag-bilder\/002_c-150x150.jpg 150w, https:\/\/rescuesheet.net\/wp-content\/uploads\/beitrag-bilder\/002_c-768x768.jpg 768w, https:\/\/rescuesheet.net\/wp-content\/uploads\/beitrag-bilder\/002_c-430x430.jpg 430w, https:\/\/rescuesheet.net\/wp-content\/uploads\/beitrag-bilder\/002_c-700x700.jpg 700w\" sizes=\"(max-width: 1000px) 100vw, 1000px\" \/><\/figure><div class=\"elementor-image-box-content\"><h3 class=\"elementor-image-box-title\">Ayn\u0131 QR koduna sahip \u00e7ok dilli kurtarma kartlar\u0131<\/h3><\/div><\/div>\t\t\t\t<\/div>\n\t\t\t\t<\/div>\n\t\t\t\t<\/div>\n\t\t<div class=\"wd-negative-gap elementor-element elementor-element-c2ac555 e-flex e-con-boxed e-con e-parent\" data-id=\"c2ac555\" data-element_type=\"container\" data-e-type=\"container\">\n\t\t\t\t\t<div class=\"e-con-inner\">\n\t\t\t\t\t<\/div>\n\t\t\t\t<\/div>\n\t\t\t\t<\/div>\n\t\t\n<p><strong>When every second counts!<\/strong><\/p>\n<p>A rescue card is an important tool for efficiently rescuing people from their vehicle in the event of a road accident. This card lists key components of the vehicle in question, including airbags, belt tensioners, battery, fuel tank and body reinforcements. Our QR code can be scanned with any smartphone. A vehicle-related rescue map is displayed. This supports the fire service in vital rescue operations. It helps to quickly and safely find the optimum points of attack for rescue equipment such as spreaders and rescue shears.<\/p>\n<p><strong>Multilingual<\/strong><\/p>\n<p>Multilingual rescue cards with the same QR code. The map is automatically displayed in the user&#8217;s preferred language. Ideal for travelling.<\/p>\n<p><strong>Our database<\/strong><\/p>\n<p>The rescue cards on offer are continuously updated and expanded. If you cannot find a suitable QR code here, you can simply send us your vehicle identification number (VIN\/VIN). We will take care of the rest and send you the appropriate digital rescue card.<\/p>\n<p><strong>Support our rescue services in helping you.<\/strong><\/p>\n","protected":false},"excerpt":{"rendered":"<p>Rescue card by QR code \/ Sticker \/ Car windscreen \/ Card cover self-adhesive \/ Rescue Card Sheets<\/p>\n","protected":false},"featured_media":27940,"comment_status":"open","ping_status":"closed","template":"","meta":{"jetpack_publicize_message":"","jetpack_publicize_feature_enabled":true,"jetpack_social_post_already_shared":false,"jetpack_social_options":{"image_generator_settings":{"template":"highway","default_image_id":0,"font":"","enabled":false},"version":2}},"product_brand":[],"product_cat":[269],"product_tag":[223,224,222,225,229,228,231,226,227,230],"class_list":{"0":"post-44417","1":"product","2":"type-product","3":"status-publish","4":"has-post-thumbnail","6":"product_cat-cs-reisemobile-tr","7":"product_tag-araba","8":"product_tag-arac-modelleri","9":"product_tag-cikartma","10":"product_tag-kart-kilifi","11":"product_tag-kendinden-yapiskanli","12":"product_tag-kurtarma-karti","13":"product_tag-oen-cam","14":"product_tag-qr-code-tr","15":"product_tag-rescue-tr","16":"product_tag-sheets-tr","18":"first","19":"instock","20":"taxable","21":"shipping-taxable","22":"purchasable","23":"product-type-simple"},"yoast_head":"<!-- This site is optimized with the Yoast SEO plugin v27.2 - https:\/\/yoast.com\/product\/yoast-seo-wordpress\/ -->\n<title>CS-Reisemobile Rondo 901-905 - Digitale Rettungskarte per QR Code - Wenn es um Sekunden geht<\/title>\n<meta name=\"description\" content=\"A rescue card is an important tool for efficiently rescuing people from their vehicle in the event of a road accident. Our QR code can be scanned with any smartphone. A vehicle-related rescue card is displayed. This supports the fire brigade in vital rescue operations. It helps to quickly and safely find the optimum points of attack for rescue equipment such as spreaders and rescue shears.\" \/>\n<meta name=\"robots\" content=\"index, follow, max-snippet:-1, max-image-preview:large, max-video-preview:-1\" \/>\n<link rel=\"canonical\" href=\"https:\/\/rescuesheet.net\/tr\/produkt\/cs-reisemobile-rondo-901-905\/\" \/>\n<meta property=\"og:locale\" content=\"tr_TR\" \/>\n<meta property=\"og:type\" content=\"article\" \/>\n<meta property=\"og:title\" content=\"CS-Reisemobile Rondo 901-905 - Digitale Rettungskarte per QR Code - Wenn es um Sekunden geht\" \/>\n<meta property=\"og:description\" content=\"A rescue card is an important tool for efficiently rescuing people from their vehicle in the event of a road accident. Our QR code can be scanned with any smartphone. A vehicle-related rescue card is displayed. This supports the fire brigade in vital rescue operations. It helps to quickly and safely find the optimum points of attack for rescue equipment such as spreaders and rescue shears.\" \/>\n<meta property=\"og:url\" content=\"https:\/\/rescuesheet.net\/tr\/produkt\/cs-reisemobile-rondo-901-905\/\" \/>\n<meta property=\"og:site_name\" content=\"Digitale Rettungskarte per QR Code - Wenn es um Sekunden geht\" \/>\n<meta property=\"article:modified_time\" content=\"2025-02-19T20:11:43+00:00\" \/>\n<meta property=\"og:image\" content=\"https:\/\/rescuesheet.net\/wp-content\/uploads\/2025\/02\/CS-Reisemobile.jpg\" \/>\n\t<meta property=\"og:image:width\" content=\"800\" \/>\n\t<meta property=\"og:image:height\" content=\"796\" \/>\n\t<meta property=\"og:image:type\" content=\"image\/jpeg\" \/>\n<meta name=\"twitter:card\" content=\"summary_large_image\" \/>\n<meta name=\"twitter:label1\" content=\"Tahmini okuma s\u00fcresi\" \/>\n\t<meta name=\"twitter:data1\" content=\"1 dakika\" \/>\n<script type=\"application\/ld+json\" class=\"yoast-schema-graph\">{\"@context\":\"https:\/\/schema.org\",\"@graph\":[{\"@type\":\"WebPage\",\"@id\":\"https:\/\/rescuesheet.net\/tr\/produkt\/cs-reisemobile-rondo-901-905\/\",\"url\":\"https:\/\/rescuesheet.net\/tr\/produkt\/cs-reisemobile-rondo-901-905\/\",\"name\":\"CS-Reisemobile Rondo 901-905 - Digitale Rettungskarte per QR Code - Wenn es um Sekunden geht\",\"isPartOf\":{\"@id\":\"https:\/\/rescuesheet.net\/tr\/#website\"},\"primaryImageOfPage\":{\"@id\":\"https:\/\/rescuesheet.net\/tr\/produkt\/cs-reisemobile-rondo-901-905\/#primaryimage\"},\"image\":{\"@id\":\"https:\/\/rescuesheet.net\/tr\/produkt\/cs-reisemobile-rondo-901-905\/#primaryimage\"},\"thumbnailUrl\":\"https:\/\/rescuesheet.net\/wp-content\/uploads\/2025\/02\/CS-Reisemobile.jpg\",\"datePublished\":\"2025-02-10T21:14:50+00:00\",\"dateModified\":\"2025-02-19T20:11:43+00:00\",\"description\":\"A rescue card is an important tool for efficiently rescuing people from their vehicle in the event of a road accident. Our QR code can be scanned with any smartphone. A vehicle-related rescue card is displayed. This supports the fire brigade in vital rescue operations. It helps to quickly and safely find the optimum points of attack for rescue equipment such as spreaders and rescue shears.\",\"breadcrumb\":{\"@id\":\"https:\/\/rescuesheet.net\/tr\/produkt\/cs-reisemobile-rondo-901-905\/#breadcrumb\"},\"inLanguage\":\"tr\",\"potentialAction\":[{\"@type\":\"ReadAction\",\"target\":[\"https:\/\/rescuesheet.net\/tr\/produkt\/cs-reisemobile-rondo-901-905\/\"]}]},{\"@type\":\"ImageObject\",\"inLanguage\":\"tr\",\"@id\":\"https:\/\/rescuesheet.net\/tr\/produkt\/cs-reisemobile-rondo-901-905\/#primaryimage\",\"url\":\"https:\/\/rescuesheet.net\/wp-content\/uploads\/2025\/02\/CS-Reisemobile.jpg\",\"contentUrl\":\"https:\/\/rescuesheet.net\/wp-content\/uploads\/2025\/02\/CS-Reisemobile.jpg\",\"width\":800,\"height\":796},{\"@type\":\"BreadcrumbList\",\"@id\":\"https:\/\/rescuesheet.net\/tr\/produkt\/cs-reisemobile-rondo-901-905\/#breadcrumb\",\"itemListElement\":[{\"@type\":\"ListItem\",\"position\":1,\"name\":\"Startseite\",\"item\":\"https:\/\/rescuesheet.net\/tr\/home\/\"},{\"@type\":\"ListItem\",\"position\":2,\"name\":\"Shop\",\"item\":\"https:\/\/rescuesheet.net\/tr\/shop\/\"},{\"@type\":\"ListItem\",\"position\":3,\"name\":\"CS-Reisemobile Rondo 901-905\"}]},{\"@type\":\"WebSite\",\"@id\":\"https:\/\/rescuesheet.net\/tr\/#website\",\"url\":\"https:\/\/rescuesheet.net\/tr\/\",\"name\":\"Digitale Rettungskarte per QR Code - Wenn es um Sekunden geht\",\"description\":\"Setzen Sie Ihren QR-Code in Ihrem Fahrzeug ein, um im Notfall rasch und effizient Hilfe zu erhalten.\",\"publisher\":{\"@id\":\"https:\/\/rescuesheet.net\/tr\/#organization\"},\"potentialAction\":[{\"@type\":\"SearchAction\",\"target\":{\"@type\":\"EntryPoint\",\"urlTemplate\":\"https:\/\/rescuesheet.net\/tr\/?s={search_term_string}\"},\"query-input\":{\"@type\":\"PropertyValueSpecification\",\"valueRequired\":true,\"valueName\":\"search_term_string\"}}],\"inLanguage\":\"tr\"},{\"@type\":\"Organization\",\"@id\":\"https:\/\/rescuesheet.net\/tr\/#organization\",\"name\":\"Ogbon GmbH\",\"url\":\"https:\/\/rescuesheet.net\/tr\/\",\"logo\":{\"@type\":\"ImageObject\",\"inLanguage\":\"tr\",\"@id\":\"https:\/\/rescuesheet.net\/tr\/#\/schema\/logo\/image\/\",\"url\":\"https:\/\/shop.rescuesheet.net\/wp-content\/uploads\/logos\/logo_ogbon.png\",\"contentUrl\":\"https:\/\/shop.rescuesheet.net\/wp-content\/uploads\/logos\/logo_ogbon.png\",\"width\":974,\"height\":423,\"caption\":\"Ogbon GmbH\"},\"image\":{\"@id\":\"https:\/\/rescuesheet.net\/tr\/#\/schema\/logo\/image\/\"}}]}<\/script>\n<!-- \/ Yoast SEO plugin. -->","yoast_head_json":{"title":"CS-Reisemobile Rondo 901-905 - Digitale Rettungskarte per QR Code - Wenn es um Sekunden geht","description":"A rescue card is an important tool for efficiently rescuing people from their vehicle in the event of a road accident. Our QR code can be scanned with any smartphone. A vehicle-related rescue card is displayed. This supports the fire brigade in vital rescue operations. It helps to quickly and safely find the optimum points of attack for rescue equipment such as spreaders and rescue shears.","robots":{"index":"index","follow":"follow","max-snippet":"max-snippet:-1","max-image-preview":"max-image-preview:large","max-video-preview":"max-video-preview:-1"},"canonical":"https:\/\/rescuesheet.net\/tr\/produkt\/cs-reisemobile-rondo-901-905\/","og_locale":"tr_TR","og_type":"article","og_title":"CS-Reisemobile Rondo 901-905 - Digitale Rettungskarte per QR Code - Wenn es um Sekunden geht","og_description":"A rescue card is an important tool for efficiently rescuing people from their vehicle in the event of a road accident. Our QR code can be scanned with any smartphone. A vehicle-related rescue card is displayed. This supports the fire brigade in vital rescue operations. It helps to quickly and safely find the optimum points of attack for rescue equipment such as spreaders and rescue shears.","og_url":"https:\/\/rescuesheet.net\/tr\/produkt\/cs-reisemobile-rondo-901-905\/","og_site_name":"Digitale Rettungskarte per QR Code - Wenn es um Sekunden geht","article_modified_time":"2025-02-19T20:11:43+00:00","og_image":[{"width":800,"height":796,"url":"https:\/\/rescuesheet.net\/wp-content\/uploads\/2025\/02\/CS-Reisemobile.jpg","type":"image\/jpeg"}],"twitter_card":"summary_large_image","twitter_misc":{"Tahmini okuma s\u00fcresi":"1 dakika"},"schema":{"@context":"https:\/\/schema.org","@graph":[{"@type":"WebPage","@id":"https:\/\/rescuesheet.net\/tr\/produkt\/cs-reisemobile-rondo-901-905\/","url":"https:\/\/rescuesheet.net\/tr\/produkt\/cs-reisemobile-rondo-901-905\/","name":"CS-Reisemobile Rondo 901-905 - Digitale Rettungskarte per QR Code - Wenn es um Sekunden geht","isPartOf":{"@id":"https:\/\/rescuesheet.net\/tr\/#website"},"primaryImageOfPage":{"@id":"https:\/\/rescuesheet.net\/tr\/produkt\/cs-reisemobile-rondo-901-905\/#primaryimage"},"image":{"@id":"https:\/\/rescuesheet.net\/tr\/produkt\/cs-reisemobile-rondo-901-905\/#primaryimage"},"thumbnailUrl":"https:\/\/rescuesheet.net\/wp-content\/uploads\/2025\/02\/CS-Reisemobile.jpg","datePublished":"2025-02-10T21:14:50+00:00","dateModified":"2025-02-19T20:11:43+00:00","description":"A rescue card is an important tool for efficiently rescuing people from their vehicle in the event of a road accident. Our QR code can be scanned with any smartphone. A vehicle-related rescue card is displayed. This supports the fire brigade in vital rescue operations. It helps to quickly and safely find the optimum points of attack for rescue equipment such as spreaders and rescue shears.","breadcrumb":{"@id":"https:\/\/rescuesheet.net\/tr\/produkt\/cs-reisemobile-rondo-901-905\/#breadcrumb"},"inLanguage":"tr","potentialAction":[{"@type":"ReadAction","target":["https:\/\/rescuesheet.net\/tr\/produkt\/cs-reisemobile-rondo-901-905\/"]}]},{"@type":"ImageObject","inLanguage":"tr","@id":"https:\/\/rescuesheet.net\/tr\/produkt\/cs-reisemobile-rondo-901-905\/#primaryimage","url":"https:\/\/rescuesheet.net\/wp-content\/uploads\/2025\/02\/CS-Reisemobile.jpg","contentUrl":"https:\/\/rescuesheet.net\/wp-content\/uploads\/2025\/02\/CS-Reisemobile.jpg","width":800,"height":796},{"@type":"BreadcrumbList","@id":"https:\/\/rescuesheet.net\/tr\/produkt\/cs-reisemobile-rondo-901-905\/#breadcrumb","itemListElement":[{"@type":"ListItem","position":1,"name":"Startseite","item":"https:\/\/rescuesheet.net\/tr\/home\/"},{"@type":"ListItem","position":2,"name":"Shop","item":"https:\/\/rescuesheet.net\/tr\/shop\/"},{"@type":"ListItem","position":3,"name":"CS-Reisemobile Rondo 901-905"}]},{"@type":"WebSite","@id":"https:\/\/rescuesheet.net\/tr\/#website","url":"https:\/\/rescuesheet.net\/tr\/","name":"Digitale Rettungskarte per QR Code - Wenn es um Sekunden geht","description":"Setzen Sie Ihren QR-Code in Ihrem Fahrzeug ein, um im Notfall rasch und effizient Hilfe zu erhalten.","publisher":{"@id":"https:\/\/rescuesheet.net\/tr\/#organization"},"potentialAction":[{"@type":"SearchAction","target":{"@type":"EntryPoint","urlTemplate":"https:\/\/rescuesheet.net\/tr\/?s={search_term_string}"},"query-input":{"@type":"PropertyValueSpecification","valueRequired":true,"valueName":"search_term_string"}}],"inLanguage":"tr"},{"@type":"Organization","@id":"https:\/\/rescuesheet.net\/tr\/#organization","name":"Ogbon GmbH","url":"https:\/\/rescuesheet.net\/tr\/","logo":{"@type":"ImageObject","inLanguage":"tr","@id":"https:\/\/rescuesheet.net\/tr\/#\/schema\/logo\/image\/","url":"https:\/\/shop.rescuesheet.net\/wp-content\/uploads\/logos\/logo_ogbon.png","contentUrl":"https:\/\/shop.rescuesheet.net\/wp-content\/uploads\/logos\/logo_ogbon.png","width":974,"height":423,"caption":"Ogbon GmbH"},"image":{"@id":"https:\/\/rescuesheet.net\/tr\/#\/schema\/logo\/image\/"}}]}},"jetpack_publicize_connections":[],"jetpack_sharing_enabled":true,"_links":{"self":[{"href":"https:\/\/rescuesheet.net\/tr\/wp-json\/wp\/v2\/product\/44417","targetHints":{"allow":["GET"]}}],"collection":[{"href":"https:\/\/rescuesheet.net\/tr\/wp-json\/wp\/v2\/product"}],"about":[{"href":"https:\/\/rescuesheet.net\/tr\/wp-json\/wp\/v2\/types\/product"}],"replies":[{"embeddable":true,"href":"https:\/\/rescuesheet.net\/tr\/wp-json\/wp\/v2\/comments?post=44417"}],"version-history":[{"count":0,"href":"https:\/\/rescuesheet.net\/tr\/wp-json\/wp\/v2\/product\/44417\/revisions"}],"wp:featuredmedia":[{"embeddable":true,"href":"https:\/\/rescuesheet.net\/tr\/wp-json\/wp\/v2\/media\/27940"}],"wp:attachment":[{"href":"https:\/\/rescuesheet.net\/tr\/wp-json\/wp\/v2\/media?parent=44417"}],"wp:term":[{"taxonomy":"product_brand","embeddable":true,"href":"https:\/\/rescuesheet.net\/tr\/wp-json\/wp\/v2\/product_brand?post=44417"},{"taxonomy":"product_cat","embeddable":true,"href":"https:\/\/rescuesheet.net\/tr\/wp-json\/wp\/v2\/product_cat?post=44417"},{"taxonomy":"product_tag","embeddable":true,"href":"https:\/\/rescuesheet.net\/tr\/wp-json\/wp\/v2\/product_tag?post=44417"}],"curies":[{"name":"wp","href":"https:\/\/api.w.org\/{rel}","templated":true}]}}