{"id":85824,"date":"2025-04-19T13:23:28","date_gmt":"2025-04-19T11:23:28","guid":{"rendered":"https:\/\/rescuesheet.net\/sirketler-icin-teklif\/"},"modified":"2025-04-20T13:59:50","modified_gmt":"2025-04-20T11:59:50","slug":"sirketler-icin-teklif","status":"publish","type":"page","link":"https:\/\/rescuesheet.net\/tr\/sirketler-icin-teklif\/","title":{"rendered":"\u015eirketler i\u00e7in teklif"},"content":{"rendered":"\t\t<div data-elementor-type=\"wp-page\" data-elementor-id=\"85824\" class=\"elementor elementor-85824 elementor-85798\" data-elementor-post-type=\"page\">\n\t\t\t\t<div class=\"wd-negative-gap elementor-element elementor-element-aaabccf e-flex e-con-boxed e-con e-parent\" data-id=\"aaabccf\" data-element_type=\"container\" data-e-type=\"container\">\n\t\t\t\t\t<div class=\"e-con-inner\">\n\t\t\t\t<div class=\"elementor-element elementor-element-e73e255 elementor-widget elementor-widget-theme-post-featured-image elementor-widget-image\" data-id=\"e73e255\" data-element_type=\"widget\" data-e-type=\"widget\" data-widget_type=\"theme-post-featured-image.default\">\n\t\t\t\t<div class=\"elementor-widget-container\">\n\t\t\t\t\t\t\t\t\t\t\t\t\t\t\t<img decoding=\"async\" width=\"1200\" height=\"343\" src=\"https:\/\/rescuesheet.net\/wp-content\/uploads\/2025\/04\/fuer_firmen.jpg\" class=\"attachment-full size-full wp-image-85801\" alt=\"Firmenkunden\" srcset=\"https:\/\/rescuesheet.net\/wp-content\/uploads\/2025\/04\/fuer_firmen.jpg 1200w, https:\/\/rescuesheet.net\/wp-content\/uploads\/2025\/04\/fuer_firmen-400x114.jpg 400w, https:\/\/rescuesheet.net\/wp-content\/uploads\/2025\/04\/fuer_firmen-768x220.jpg 768w, https:\/\/rescuesheet.net\/wp-content\/uploads\/2025\/04\/fuer_firmen-430x123.jpg 430w, https:\/\/rescuesheet.net\/wp-content\/uploads\/2025\/04\/fuer_firmen-700x200.jpg 700w, https:\/\/rescuesheet.net\/wp-content\/uploads\/2025\/04\/fuer_firmen-150x43.jpg 150w, https:\/\/rescuesheet.net\/wp-content\/uploads\/2025\/04\/fuer_firmen-350x100.jpg 350w\" sizes=\"(max-width: 1200px) 100vw, 1200px\" \/>\t\t\t\t\t\t\t\t\t\t\t\t\t\t\t<\/div>\n\t\t\t\t<\/div>\n\t\t\t\t\t<\/div>\n\t\t\t\t<\/div>\n\t\t<div class=\"wd-negative-gap elementor-element elementor-element-ac64d3a e-flex e-con-boxed e-con e-parent\" data-id=\"ac64d3a\" data-element_type=\"container\" data-e-type=\"container\">\n\t\t\t\t\t<div class=\"e-con-inner\">\n\t\t\t\t<div class=\"elementor-element elementor-element-dc9b507 elementor-widget elementor-widget-heading\" data-id=\"dc9b507\" data-element_type=\"widget\" data-e-type=\"widget\" data-widget_type=\"heading.default\">\n\t\t\t\t<div class=\"elementor-widget-container\">\n\t\t\t\t\t<h1 class=\"elementor-heading-title elementor-size-default\">Kurumsal m\u00fc\u015fteriler i\u00e7in \u00f6zel ko\u015fullar<\/h1>\t\t\t\t<\/div>\n\t\t\t\t<\/div>\n\t\t\t\t\t<\/div>\n\t\t\t\t<\/div>\n\t\t<div class=\"wd-negative-gap elementor-element elementor-element-a15a809 e-flex e-con-boxed e-con e-parent\" data-id=\"a15a809\" data-element_type=\"container\" data-e-type=\"container\">\n\t\t\t\t\t<div class=\"e-con-inner\">\n\t\t\t\t<div class=\"elementor-element elementor-element-0220b97 ay_firma color-scheme-inherit text-left elementor-widget elementor-widget-text-editor\" data-id=\"0220b97\" data-element_type=\"widget\" data-e-type=\"widget\" data-widget_type=\"text-editor.default\">\n\t\t\t\t<div class=\"elementor-widget-container\">\n\t\t\t\t\t\t\t\t\t<p>Yol g\u00fcvenli\u011fi iyi bir haz\u0131rl\u0131kla ba\u015flar. Bu nedenle \u015firketlere ara\u00e7lar\u0131 i\u00e7in cazip bir tercihli fiyatla kurtarma kart\u0131 sat\u0131n alma f\u0131rsat\u0131 sunuyoruz. <\/p><p><strong><span style=\"color: #000000;\">Kurtarma kart\u0131 ba\u015f\u0131na sadece 9,50 \u20ac (KDV dahil, normal 12,50 \u20ac yerine)<\/span><\/strong><\/p><p>Kurtarma kartlar\u0131, bir kaza durumunda h\u0131zl\u0131 ve hedefe y\u00f6nelik bir kurtarma sa\u011flayan araca \u00f6zg\u00fc bilgiler i\u00e7erir &#8211; \u00e7al\u0131\u015fanlar\u0131n\u0131z\u0131n korunmas\u0131na ve operasyonel sorumlulu\u011fa \u00f6nemli bir katk\u0131.<\/p><p><span style=\"color: #000000;\"><strong>Bu teklif a\u015fa\u011f\u0131dakiler i\u00e7in ge\u00e7erlidir:<\/strong><\/span><\/p><ul><li><strong><span style=\"color: #000000;\">\u015eirket arabas\u0131<\/span><\/strong><\/li><li><strong><span style=\"color: #000000;\">\u015eirket ara\u00e7lar\u0131<\/span><\/strong><\/li><li><strong><span style=\"color: #000000;\">\u00c7al\u0131\u015fanlar\u0131n \u00f6zel ara\u00e7lar\u0131<\/span><\/strong><\/li><\/ul><p><span style=\"color: #000000;\"><strong>Prosed\u00fcr<\/strong><\/span>:<br>L\u00fctfen a\u015fa\u011f\u0131daki formu \u015firketinizin bilgileri ile doldurun.<br>Sorgunuzu kontrol ettikten sonra, bizden bireysel bir kupon kodu alacaks\u0131n\u0131z.<br>\u00d6zel fiyat\u0131 etkinle\u015ftirmek i\u00e7in bu kupon kodunu \u00e7evrimi\u00e7i ma\u011fazam\u0131z\u0131n al\u0131\u015fveri\u015f sepetinde kullanabilirsiniz.<\/p><p><span style=\"color: #000000;\"><strong>Notlar:<\/strong><\/span><br>\u2714 Kupon kodu istedi\u011finiz s\u0131kl\u0131kta kullan\u0131labilir<br>\u2714 Minimum sipari\u015f de\u011feri yoktur<br>\u2714 Herhangi bir miktardaki sipari\u015fler i\u00e7in ge\u00e7erlidir &#8211; do\u011frudan \u00e7evrimi\u00e7i olarak 50 karta kadar, daha b\u00fcy\u00fck miktarlar i\u00e7in l\u00fctfen bizimle ileti\u015fime ge\u00e7in<\/p>\t\t\t\t\t\t\t\t<\/div>\n\t\t\t\t<\/div>\n\t\t\t\t\t<\/div>\n\t\t\t\t<\/div>\n\t\t<div class=\"wd-negative-gap elementor-element elementor-element-fc2b99d e-flex e-con-boxed e-con e-parent\" data-id=\"fc2b99d\" data-element_type=\"container\" data-e-type=\"container\">\n\t\t\t\t\t<div class=\"e-con-inner\">\n\t\t\t\t<div class=\"elementor-element elementor-element-322f4d4 ay-form-1 wd-cf7 elementor-widget elementor-widget-wd_contact_form_7\" data-id=\"322f4d4\" data-element_type=\"widget\" data-e-type=\"widget\" data-widget_type=\"wd_contact_form_7.default\">\n\t\t\t\t<div class=\"elementor-widget-container\">\n\t\t\t\t\t\n<div class=\"wpcf7 no-js\" id=\"wpcf7-f85829-o1\" lang=\"tr-TR\" dir=\"ltr\" data-wpcf7-id=\"85829\">\n<div class=\"screen-reader-response\"><p role=\"status\" aria-live=\"polite\" aria-atomic=\"true\"><\/p> <ul><\/ul><\/div>\n<form action=\"\/tr\/wp-json\/wp\/v2\/pages\/85824#wpcf7-f85829-o1\" method=\"post\" class=\"wpcf7-form init\" aria-label=\"\u0130leti\u015fim Formu\" novalidate=\"novalidate\" data-status=\"init\">\n<fieldset class=\"hidden-fields-container\"><input type=\"hidden\" name=\"_wpcf7\" value=\"85829\" \/><input type=\"hidden\" name=\"_wpcf7_version\" value=\"6.1.5\" \/><input type=\"hidden\" name=\"_wpcf7_locale\" value=\"tr_TR\" \/><input type=\"hidden\" name=\"_wpcf7_unit_tag\" value=\"wpcf7-f85829-o1\" \/><input type=\"hidden\" name=\"_wpcf7_container_post\" value=\"0\" \/><input type=\"hidden\" name=\"_wpcf7_posted_data_hash\" value=\"\" \/>\n<\/fieldset>\n<p><label> \u015eirket<br \/>\n<span class=\"wpcf7-form-control-wrap\" data-name=\"firma\"><input size=\"40\" maxlength=\"99\" minlength=\"3\" class=\"wpcf7-form-control wpcf7-text wpcf7-validates-as-required\" aria-required=\"true\" aria-invalid=\"false\" value=\"\" type=\"text\" name=\"firma\" \/><\/span><\/label>\n<\/p>\n<p><label><br \/>\nAdres<br \/>\n<span class=\"wpcf7-form-control-wrap\" data-name=\"adresse\"><textarea cols=\"40\" rows=\"10\" maxlength=\"2000\" class=\"wpcf7-form-control wpcf7-textarea\" aria-invalid=\"false\" name=\"adresse\"><\/textarea><\/span> <\/label>\n<\/p>\n<p><label> Ad\u0131n\u0131z<br \/>\n<span class=\"wpcf7-form-control-wrap\" data-name=\"your-name\"><input size=\"40\" maxlength=\"400\" class=\"wpcf7-form-control wpcf7-text wpcf7-validates-as-required\" autocomplete=\"name\" aria-required=\"true\" aria-invalid=\"false\" value=\"\" type=\"text\" name=\"your-name\" \/><\/span> <\/label>\n<\/p>\n<p><label> E-posta adresiniz<br \/>\n<span class=\"wpcf7-form-control-wrap\" data-name=\"your-email\"><input size=\"40\" maxlength=\"400\" class=\"wpcf7-form-control wpcf7-email wpcf7-validates-as-required wpcf7-text wpcf7-validates-as-email\" autocomplete=\"email\" aria-required=\"true\" aria-invalid=\"false\" value=\"\" type=\"email\" name=\"your-email\" \/><\/span> <\/label>\n<\/p>\n<p><span class=\"wpcf7-form-control-wrap\" data-name=\"quiz-399\"><label><span class=\"wpcf7-quiz-label\">5+3 nedir?<\/span> <input size=\"40\" class=\"wpcf7-form-control wpcf7-quiz\" autocomplete=\"off\" aria-required=\"true\" aria-invalid=\"false\" type=\"text\" name=\"quiz-399\" \/><\/label><input type=\"hidden\" name=\"_wpcf7_quiz_answer_quiz-399\" value=\"fee96082b08133db17fc1e285fbea530\" \/><\/span>\n<\/p>\n<p><input class=\"wpcf7-form-control wpcf7-submit has-spinner\" type=\"submit\" value=\"G\u00f6nder\" \/>\n<\/p><div class=\"wpcf7-response-output\" aria-hidden=\"true\"><\/div>\n<\/form>\n<\/div>\n\t\t\t\t<\/div>\n\t\t\t\t<\/div>\n\t\t\t\t\t<\/div>\n\t\t\t\t<\/div>\n\t\t\t\t<\/div>\n\t\t","protected":false},"excerpt":{"rendered":"<p>Kurumsal m\u00fc\u015fteriler i\u00e7in \u00f6zel ko\u015fullar Yol g\u00fcvenli\u011fi iyi bir haz\u0131rl\u0131kla ba\u015flar. Bu nedenle \u015firketlere ara\u00e7lar\u0131 i\u00e7in cazip bir tercihli fiyatla<\/p>\n","protected":false},"author":1,"featured_media":0,"parent":0,"menu_order":0,"comment_status":"closed","ping_status":"closed","template":"","meta":{"footnotes":""},"class_list":["post-85824","page","type-page","status-publish","hentry"],"yoast_head":"<!-- This site is optimized with the Yoast SEO plugin v27.2 - https:\/\/yoast.com\/product\/yoast-seo-wordpress\/ -->\n<title>\u015eirketler i\u00e7in teklif - Digitale Rettungskarte per QR Code - Wenn es um Sekunden geht<\/title>\n<meta name=\"description\" content=\"Yorulmak bilmeyen \u00e7abalar\u0131n\u0131za duydu\u011fumuz minnettarl\u0131\u011f\u0131n bir ifadesi olarak, kurtarma hizmetlerine kurtarma kartlar\u0131n\u0131 \u00f6nemli \u00f6l\u00e7\u00fcde indirimli fiyattan sat\u0131n alma f\u0131rsat\u0131 sunuyoruz. Bu teklif hem \u015firket ara\u00e7lar\u0131 hem de acil durum hizmetleri personelinin \u00f6zel ara\u00e7lar\u0131 i\u00e7in ge\u00e7erlidir.\" \/>\n<meta name=\"robots\" content=\"index, follow, max-snippet:-1, max-image-preview:large, max-video-preview:-1\" \/>\n<link rel=\"canonical\" href=\"https:\/\/rescuesheet.net\/tr\/sirketler-icin-teklif\/\" \/>\n<meta property=\"og:locale\" content=\"tr_TR\" \/>\n<meta property=\"og:type\" content=\"article\" \/>\n<meta property=\"og:title\" content=\"\u015eirketler i\u00e7in teklif - Digitale Rettungskarte per QR Code - Wenn es um Sekunden geht\" \/>\n<meta property=\"og:description\" content=\"Yorulmak bilmeyen \u00e7abalar\u0131n\u0131za duydu\u011fumuz minnettarl\u0131\u011f\u0131n bir ifadesi olarak, kurtarma hizmetlerine kurtarma kartlar\u0131n\u0131 \u00f6nemli \u00f6l\u00e7\u00fcde indirimli fiyattan sat\u0131n alma f\u0131rsat\u0131 sunuyoruz. Bu teklif hem \u015firket ara\u00e7lar\u0131 hem de acil durum hizmetleri personelinin \u00f6zel ara\u00e7lar\u0131 i\u00e7in ge\u00e7erlidir.\" \/>\n<meta property=\"og:url\" content=\"https:\/\/rescuesheet.net\/tr\/sirketler-icin-teklif\/\" \/>\n<meta property=\"og:site_name\" content=\"Digitale Rettungskarte per QR Code - Wenn es um Sekunden geht\" \/>\n<meta property=\"article:modified_time\" content=\"2025-04-20T11:59:50+00:00\" \/>\n<meta name=\"twitter:card\" content=\"summary_large_image\" \/>\n<meta name=\"twitter:label1\" content=\"Tahmini okuma s\u00fcresi\" \/>\n\t<meta name=\"twitter:data1\" content=\"1 dakika\" \/>\n<script type=\"application\/ld+json\" class=\"yoast-schema-graph\">{\"@context\":\"https:\/\/schema.org\",\"@graph\":[{\"@type\":\"WebPage\",\"@id\":\"https:\/\/rescuesheet.net\/tr\/sirketler-icin-teklif\/\",\"url\":\"https:\/\/rescuesheet.net\/tr\/sirketler-icin-teklif\/\",\"name\":\"\u015eirketler i\u00e7in teklif - Digitale Rettungskarte per QR Code - Wenn es um Sekunden geht\",\"isPartOf\":{\"@id\":\"https:\/\/rescuesheet.net\/tr\/#website\"},\"datePublished\":\"2025-04-19T11:23:28+00:00\",\"dateModified\":\"2025-04-20T11:59:50+00:00\",\"description\":\"Yorulmak bilmeyen \u00e7abalar\u0131n\u0131za duydu\u011fumuz minnettarl\u0131\u011f\u0131n bir ifadesi olarak, kurtarma hizmetlerine kurtarma kartlar\u0131n\u0131 \u00f6nemli \u00f6l\u00e7\u00fcde indirimli fiyattan sat\u0131n alma f\u0131rsat\u0131 sunuyoruz. Bu teklif hem \u015firket ara\u00e7lar\u0131 hem de acil durum hizmetleri personelinin \u00f6zel ara\u00e7lar\u0131 i\u00e7in ge\u00e7erlidir.\",\"breadcrumb\":{\"@id\":\"https:\/\/rescuesheet.net\/tr\/sirketler-icin-teklif\/#breadcrumb\"},\"inLanguage\":\"tr\",\"potentialAction\":[{\"@type\":\"ReadAction\",\"target\":[\"https:\/\/rescuesheet.net\/tr\/sirketler-icin-teklif\/\"]}]},{\"@type\":\"BreadcrumbList\",\"@id\":\"https:\/\/rescuesheet.net\/tr\/sirketler-icin-teklif\/#breadcrumb\",\"itemListElement\":[{\"@type\":\"ListItem\",\"position\":1,\"name\":\"Startseite\",\"item\":\"https:\/\/rescuesheet.net\/tr\/home\/\"},{\"@type\":\"ListItem\",\"position\":2,\"name\":\"\u015eirketler i\u00e7in teklif\"}]},{\"@type\":\"WebSite\",\"@id\":\"https:\/\/rescuesheet.net\/tr\/#website\",\"url\":\"https:\/\/rescuesheet.net\/tr\/\",\"name\":\"Digitale Rettungskarte per QR Code - Wenn es um Sekunden geht\",\"description\":\"Setzen Sie Ihren QR-Code in Ihrem Fahrzeug ein, um im Notfall rasch und effizient Hilfe zu erhalten.\",\"publisher\":{\"@id\":\"https:\/\/rescuesheet.net\/tr\/#organization\"},\"potentialAction\":[{\"@type\":\"SearchAction\",\"target\":{\"@type\":\"EntryPoint\",\"urlTemplate\":\"https:\/\/rescuesheet.net\/tr\/?s={search_term_string}\"},\"query-input\":{\"@type\":\"PropertyValueSpecification\",\"valueRequired\":true,\"valueName\":\"search_term_string\"}}],\"inLanguage\":\"tr\"},{\"@type\":\"Organization\",\"@id\":\"https:\/\/rescuesheet.net\/tr\/#organization\",\"name\":\"Ogbon GmbH\",\"url\":\"https:\/\/rescuesheet.net\/tr\/\",\"logo\":{\"@type\":\"ImageObject\",\"inLanguage\":\"tr\",\"@id\":\"https:\/\/rescuesheet.net\/tr\/#\/schema\/logo\/image\/\",\"url\":\"https:\/\/shop.rescuesheet.net\/wp-content\/uploads\/logos\/logo_ogbon.png\",\"contentUrl\":\"https:\/\/shop.rescuesheet.net\/wp-content\/uploads\/logos\/logo_ogbon.png\",\"width\":974,\"height\":423,\"caption\":\"Ogbon GmbH\"},\"image\":{\"@id\":\"https:\/\/rescuesheet.net\/tr\/#\/schema\/logo\/image\/\"}}]}<\/script>\n<!-- \/ Yoast SEO plugin. -->","yoast_head_json":{"title":"\u015eirketler i\u00e7in teklif - Digitale Rettungskarte per QR Code - Wenn es um Sekunden geht","description":"Yorulmak bilmeyen \u00e7abalar\u0131n\u0131za duydu\u011fumuz minnettarl\u0131\u011f\u0131n bir ifadesi olarak, kurtarma hizmetlerine kurtarma kartlar\u0131n\u0131 \u00f6nemli \u00f6l\u00e7\u00fcde indirimli fiyattan sat\u0131n alma f\u0131rsat\u0131 sunuyoruz. Bu teklif hem \u015firket ara\u00e7lar\u0131 hem de acil durum hizmetleri personelinin \u00f6zel ara\u00e7lar\u0131 i\u00e7in ge\u00e7erlidir.","robots":{"index":"index","follow":"follow","max-snippet":"max-snippet:-1","max-image-preview":"max-image-preview:large","max-video-preview":"max-video-preview:-1"},"canonical":"https:\/\/rescuesheet.net\/tr\/sirketler-icin-teklif\/","og_locale":"tr_TR","og_type":"article","og_title":"\u015eirketler i\u00e7in teklif - Digitale Rettungskarte per QR Code - Wenn es um Sekunden geht","og_description":"Yorulmak bilmeyen \u00e7abalar\u0131n\u0131za duydu\u011fumuz minnettarl\u0131\u011f\u0131n bir ifadesi olarak, kurtarma hizmetlerine kurtarma kartlar\u0131n\u0131 \u00f6nemli \u00f6l\u00e7\u00fcde indirimli fiyattan sat\u0131n alma f\u0131rsat\u0131 sunuyoruz. Bu teklif hem \u015firket ara\u00e7lar\u0131 hem de acil durum hizmetleri personelinin \u00f6zel ara\u00e7lar\u0131 i\u00e7in ge\u00e7erlidir.","og_url":"https:\/\/rescuesheet.net\/tr\/sirketler-icin-teklif\/","og_site_name":"Digitale Rettungskarte per QR Code - Wenn es um Sekunden geht","article_modified_time":"2025-04-20T11:59:50+00:00","twitter_card":"summary_large_image","twitter_misc":{"Tahmini okuma s\u00fcresi":"1 dakika"},"schema":{"@context":"https:\/\/schema.org","@graph":[{"@type":"WebPage","@id":"https:\/\/rescuesheet.net\/tr\/sirketler-icin-teklif\/","url":"https:\/\/rescuesheet.net\/tr\/sirketler-icin-teklif\/","name":"\u015eirketler i\u00e7in teklif - Digitale Rettungskarte per QR Code - Wenn es um Sekunden geht","isPartOf":{"@id":"https:\/\/rescuesheet.net\/tr\/#website"},"datePublished":"2025-04-19T11:23:28+00:00","dateModified":"2025-04-20T11:59:50+00:00","description":"Yorulmak bilmeyen \u00e7abalar\u0131n\u0131za duydu\u011fumuz minnettarl\u0131\u011f\u0131n bir ifadesi olarak, kurtarma hizmetlerine kurtarma kartlar\u0131n\u0131 \u00f6nemli \u00f6l\u00e7\u00fcde indirimli fiyattan sat\u0131n alma f\u0131rsat\u0131 sunuyoruz. Bu teklif hem \u015firket ara\u00e7lar\u0131 hem de acil durum hizmetleri personelinin \u00f6zel ara\u00e7lar\u0131 i\u00e7in ge\u00e7erlidir.","breadcrumb":{"@id":"https:\/\/rescuesheet.net\/tr\/sirketler-icin-teklif\/#breadcrumb"},"inLanguage":"tr","potentialAction":[{"@type":"ReadAction","target":["https:\/\/rescuesheet.net\/tr\/sirketler-icin-teklif\/"]}]},{"@type":"BreadcrumbList","@id":"https:\/\/rescuesheet.net\/tr\/sirketler-icin-teklif\/#breadcrumb","itemListElement":[{"@type":"ListItem","position":1,"name":"Startseite","item":"https:\/\/rescuesheet.net\/tr\/home\/"},{"@type":"ListItem","position":2,"name":"\u015eirketler i\u00e7in teklif"}]},{"@type":"WebSite","@id":"https:\/\/rescuesheet.net\/tr\/#website","url":"https:\/\/rescuesheet.net\/tr\/","name":"Digitale Rettungskarte per QR Code - Wenn es um Sekunden geht","description":"Setzen Sie Ihren QR-Code in Ihrem Fahrzeug ein, um im Notfall rasch und effizient Hilfe zu erhalten.","publisher":{"@id":"https:\/\/rescuesheet.net\/tr\/#organization"},"potentialAction":[{"@type":"SearchAction","target":{"@type":"EntryPoint","urlTemplate":"https:\/\/rescuesheet.net\/tr\/?s={search_term_string}"},"query-input":{"@type":"PropertyValueSpecification","valueRequired":true,"valueName":"search_term_string"}}],"inLanguage":"tr"},{"@type":"Organization","@id":"https:\/\/rescuesheet.net\/tr\/#organization","name":"Ogbon GmbH","url":"https:\/\/rescuesheet.net\/tr\/","logo":{"@type":"ImageObject","inLanguage":"tr","@id":"https:\/\/rescuesheet.net\/tr\/#\/schema\/logo\/image\/","url":"https:\/\/shop.rescuesheet.net\/wp-content\/uploads\/logos\/logo_ogbon.png","contentUrl":"https:\/\/shop.rescuesheet.net\/wp-content\/uploads\/logos\/logo_ogbon.png","width":974,"height":423,"caption":"Ogbon GmbH"},"image":{"@id":"https:\/\/rescuesheet.net\/tr\/#\/schema\/logo\/image\/"}}]}},"jetpack_sharing_enabled":true,"_links":{"self":[{"href":"https:\/\/rescuesheet.net\/tr\/wp-json\/wp\/v2\/pages\/85824","targetHints":{"allow":["GET"]}}],"collection":[{"href":"https:\/\/rescuesheet.net\/tr\/wp-json\/wp\/v2\/pages"}],"about":[{"href":"https:\/\/rescuesheet.net\/tr\/wp-json\/wp\/v2\/types\/page"}],"author":[{"embeddable":true,"href":"https:\/\/rescuesheet.net\/tr\/wp-json\/wp\/v2\/users\/1"}],"replies":[{"embeddable":true,"href":"https:\/\/rescuesheet.net\/tr\/wp-json\/wp\/v2\/comments?post=85824"}],"version-history":[{"count":0,"href":"https:\/\/rescuesheet.net\/tr\/wp-json\/wp\/v2\/pages\/85824\/revisions"}],"wp:attachment":[{"href":"https:\/\/rescuesheet.net\/tr\/wp-json\/wp\/v2\/media?parent=85824"}],"curies":[{"name":"wp","href":"https:\/\/api.w.org\/{rel}","templated":true}]}}