{"id":85817,"date":"2025-04-18T18:46:37","date_gmt":"2025-04-18T16:46:37","guid":{"rendered":"https:\/\/rescuesheet.net\/kurtarma-hizmetleri-icin-teklif\/"},"modified":"2025-08-20T13:35:49","modified_gmt":"2025-08-20T11:35:49","slug":"kurtarma-hizmetleri-icin-teklif","status":"publish","type":"page","link":"https:\/\/rescuesheet.net\/tr\/kurtarma-hizmetleri-icin-teklif\/","title":{"rendered":"Kurtarma hizmetleri i\u00e7in teklif"},"content":{"rendered":"\t\t<div data-elementor-type=\"wp-page\" data-elementor-id=\"85817\" class=\"elementor elementor-85817 elementor-85785\" data-elementor-post-type=\"page\">\n\t\t\t\t<div class=\"wd-negative-gap elementor-element elementor-element-aaabccf e-flex e-con-boxed e-con e-parent\" data-id=\"aaabccf\" data-element_type=\"container\" data-e-type=\"container\">\n\t\t\t\t\t<div class=\"e-con-inner\">\n\t\t\t\t<div class=\"elementor-element elementor-element-e73e255 elementor-widget elementor-widget-theme-post-featured-image elementor-widget-image\" data-id=\"e73e255\" data-element_type=\"widget\" data-e-type=\"widget\" data-widget_type=\"theme-post-featured-image.default\">\n\t\t\t\t<div class=\"elementor-widget-container\">\n\t\t\t\t\t\t\t\t\t\t\t\t\t\t\t<img decoding=\"async\" width=\"1200\" height=\"343\" src=\"https:\/\/rescuesheet.net\/wp-content\/uploads\/2025\/04\/fuer_retter-1.jpg\" class=\"attachment-full size-full wp-image-85807\" alt=\"F\u00fcr Retter\" srcset=\"https:\/\/rescuesheet.net\/wp-content\/uploads\/2025\/04\/fuer_retter-1.jpg 1200w, https:\/\/rescuesheet.net\/wp-content\/uploads\/2025\/04\/fuer_retter-1-400x114.jpg 400w, https:\/\/rescuesheet.net\/wp-content\/uploads\/2025\/04\/fuer_retter-1-768x220.jpg 768w, https:\/\/rescuesheet.net\/wp-content\/uploads\/2025\/04\/fuer_retter-1-430x123.jpg 430w, https:\/\/rescuesheet.net\/wp-content\/uploads\/2025\/04\/fuer_retter-1-700x200.jpg 700w, https:\/\/rescuesheet.net\/wp-content\/uploads\/2025\/04\/fuer_retter-1-150x43.jpg 150w, https:\/\/rescuesheet.net\/wp-content\/uploads\/2025\/04\/fuer_retter-1-350x100.jpg 350w\" sizes=\"(max-width: 1200px) 100vw, 1200px\" \/>\t\t\t\t\t\t\t\t\t\t\t\t\t\t\t<\/div>\n\t\t\t\t<\/div>\n\t\t\t\t\t<\/div>\n\t\t\t\t<\/div>\n\t\t<div class=\"wd-negative-gap elementor-element elementor-element-ac64d3a e-flex e-con-boxed e-con e-parent\" data-id=\"ac64d3a\" data-element_type=\"container\" data-e-type=\"container\">\n\t\t\t\t\t<div class=\"e-con-inner\">\n\t\t\t\t<div class=\"elementor-element elementor-element-dc9b507 elementor-widget elementor-widget-heading\" data-id=\"dc9b507\" data-element_type=\"widget\" data-e-type=\"widget\" data-widget_type=\"heading.default\">\n\t\t\t\t<div class=\"elementor-widget-container\">\n\t\t\t\t\t<h1 class=\"elementor-heading-title elementor-size-default\">Kurtarma hizmetleri i\u00e7in teklif<\/h1>\t\t\t\t<\/div>\n\t\t\t\t<\/div>\n\t\t\t\t\t<\/div>\n\t\t\t\t<\/div>\n\t\t<div class=\"wd-negative-gap elementor-element elementor-element-a15a809 e-flex e-con-boxed e-con e-parent\" data-id=\"a15a809\" data-element_type=\"container\" data-e-type=\"container\">\n\t\t\t\t\t<div class=\"e-con-inner\">\n\t\t\t\t<div class=\"elementor-element elementor-element-0220b97 color-scheme-inherit text-left elementor-widget elementor-widget-text-editor\" data-id=\"0220b97\" data-element_type=\"widget\" data-e-type=\"widget\" data-widget_type=\"text-editor.default\">\n\t\t\t\t<div class=\"elementor-widget-container\">\n\t\t\t\t\t\t\t\t\t<p>Yorulmak bilmeyen \u00e7abalar\u0131n\u0131z i\u00e7in minnettarl\u0131\u011f\u0131m\u0131z\u0131n bir ifadesi olarak, kurtarma hizmetlerine kurtarma kartlar\u0131n\u0131 \u00f6nemli \u00f6l\u00e7\u00fcde indirimli bir fiyata sat\u0131n alma f\u0131rsat\u0131 sunuyoruz. Teklif a\u015fa\u011f\u0131dakiler i\u00e7in ge\u00e7erlidir <span style=\"color: #000000;\"><strong>hi\u0307zmet ara\u00e7lari<\/strong> <\/span>yan\u0131 s\u0131ra <span style=\"color: #000000;\"><strong>acil servislerin \u00f6zel ara\u00e7lar\u0131<\/strong><\/span>. <\/p><p><span style=\"color: #000000;\"><strong>Kurtarma kart\u0131 ba\u015f\u0131na 3,00 \u20ac (normal 12,50 \u20ac yerine)<\/strong><\/span><\/p><p><span style=\"color: #000000;\"><strong>Prosed\u00fcr:<\/strong><\/span><br>L\u00fctfen a\u015fa\u011f\u0131daki formu eksiksiz doldurun.<br>Bilgilerinizi kontrol ettikten sonra, bizden ki\u015fisel bir kupon kodu alacaks\u0131n\u0131z.<br>\u0130ndirimli fiyat\u0131 almak i\u00e7in bu kupon kodunu \u00e7evrimi\u00e7i ma\u011fazam\u0131z\u0131n al\u0131\u015fveri\u015f sepetinde kullanabilirsiniz.<\/p><p><span style=\"color: #000000;\"><strong>Not:<\/strong><\/span><br>Kupon kodu bir kez ge\u00e7erlidir ve en fazla 12 kurtarma kart\u0131 sipari\u015fi i\u00e7in kullan\u0131labilir.<br>De\u011ferli \u00e7al\u0131\u015fmalar\u0131n\u0131z i\u00e7in te\u015fekk\u00fcr eder, bu teklifle size destek olabilmeyi umar\u0131z.<\/p>\t\t\t\t\t\t\t\t<\/div>\n\t\t\t\t<\/div>\n\t\t\t\t\t<\/div>\n\t\t\t\t<\/div>\n\t\t<div class=\"wd-negative-gap elementor-element elementor-element-fc2b99d e-flex e-con-boxed e-con e-parent\" data-id=\"fc2b99d\" data-element_type=\"container\" data-e-type=\"container\">\n\t\t\t\t\t<div class=\"e-con-inner\">\n\t\t\t\t<div class=\"elementor-element elementor-element-322f4d4 ay-form-1 wd-cf7 elementor-widget elementor-widget-wd_contact_form_7\" data-id=\"322f4d4\" data-element_type=\"widget\" data-e-type=\"widget\" data-widget_type=\"wd_contact_form_7.default\">\n\t\t\t\t<div class=\"elementor-widget-container\">\n\t\t\t\t\t\n<div class=\"wpcf7 no-js\" id=\"wpcf7-f85821-o1\" lang=\"tr-TR\" dir=\"ltr\" data-wpcf7-id=\"85821\">\n<div class=\"screen-reader-response\"><p role=\"status\" aria-live=\"polite\" aria-atomic=\"true\"><\/p> <ul><\/ul><\/div>\n<form action=\"\/tr\/wp-json\/wp\/v2\/pages\/85817#wpcf7-f85821-o1\" method=\"post\" class=\"wpcf7-form init\" aria-label=\"\u0130leti\u015fim Formu\" novalidate=\"novalidate\" data-status=\"init\">\n<fieldset class=\"hidden-fields-container\"><input type=\"hidden\" name=\"_wpcf7\" value=\"85821\" \/><input type=\"hidden\" name=\"_wpcf7_version\" value=\"6.1.5\" \/><input type=\"hidden\" name=\"_wpcf7_locale\" value=\"tr_TR\" \/><input type=\"hidden\" name=\"_wpcf7_unit_tag\" value=\"wpcf7-f85821-o1\" \/><input type=\"hidden\" name=\"_wpcf7_container_post\" value=\"0\" \/><input type=\"hidden\" name=\"_wpcf7_posted_data_hash\" value=\"\" \/>\n<\/fieldset>\n<p><label> Kurtarma hizmeti<br \/>\n<span class=\"wpcf7-form-control-wrap\" data-name=\"dienst\"><select class=\"wpcf7-form-control wpcf7-select wpcf7-validates-as-required\" aria-required=\"true\" aria-invalid=\"false\" name=\"dienst\"><option value=\"\u0130tfaiye\">\u0130tfaiye<\/option><option value=\"Polis\">Polis<\/option><option value=\"Sivil savunma\">Sivil savunma<\/option><option value=\"Acil doktor\">Acil doktor<\/option><option value=\"Ambulanslar, t\u0131bbi hizmetler\">Ambulanslar, t\u0131bbi hizmetler<\/option><option value=\"Ar\u0131za yard\u0131m\u0131, \u00e7ekici hizmeti\">Ar\u0131za yard\u0131m\u0131, \u00e7ekici hizmeti<\/option><option value=\"Di\u011fer kurtarma hizmetleri\">Di\u011fer kurtarma hizmetleri<\/option><\/select><\/span><\/label>\n<\/p>\n<p><label><br \/>\nKurtarma hizmetinin ad\u0131<br \/>\n<span class=\"wpcf7-form-control-wrap\" data-name=\"name_dienst\"><input size=\"40\" maxlength=\"333\" minlength=\"3\" class=\"wpcf7-form-control wpcf7-text wpcf7-validates-as-required\" aria-required=\"true\" aria-invalid=\"false\" value=\"\" type=\"text\" name=\"name_dienst\" \/><\/span> <\/label>\n<\/p>\n<p><label> Ad\u0131n\u0131z<br \/>\n<span class=\"wpcf7-form-control-wrap\" data-name=\"your-name\"><input size=\"40\" maxlength=\"400\" class=\"wpcf7-form-control wpcf7-text wpcf7-validates-as-required\" autocomplete=\"name\" aria-required=\"true\" aria-invalid=\"false\" value=\"\" type=\"text\" name=\"your-name\" \/><\/span> <\/label>\n<\/p>\n<p><label> E-posta adresiniz<br \/>\n<span class=\"wpcf7-form-control-wrap\" data-name=\"your-email\"><input size=\"40\" maxlength=\"400\" class=\"wpcf7-form-control wpcf7-email wpcf7-validates-as-required wpcf7-text wpcf7-validates-as-email\" autocomplete=\"email\" aria-required=\"true\" aria-invalid=\"false\" value=\"\" type=\"email\" name=\"your-email\" \/><\/span> <\/label>\n<\/p>\n<p><span class=\"wpcf7-form-control-wrap\" data-name=\"quiz-399\"><label><span class=\"wpcf7-quiz-label\">2+3 nedir?<\/span> <input size=\"40\" class=\"wpcf7-form-control wpcf7-quiz\" autocomplete=\"off\" aria-required=\"true\" aria-invalid=\"false\" type=\"text\" name=\"quiz-399\" \/><\/label><input type=\"hidden\" name=\"_wpcf7_quiz_answer_quiz-399\" value=\"1d1b6730cb37c828662eaeebd511d230\" \/><\/span>\n<\/p>\n<p><input class=\"wpcf7-form-control wpcf7-submit has-spinner\" type=\"submit\" value=\"G\u00f6nder\" \/>\n<\/p><div class=\"wpcf7-response-output\" aria-hidden=\"true\"><\/div>\n<\/form>\n<\/div>\n\t\t\t\t<\/div>\n\t\t\t\t<\/div>\n\t\t\t\t\t<\/div>\n\t\t\t\t<\/div>\n\t\t\t\t<\/div>\n\t\t","protected":false},"excerpt":{"rendered":"<p>Kurtarma hizmetleri i\u00e7in teklif Yorulmak bilmeyen \u00e7abalar\u0131n\u0131z i\u00e7in minnettarl\u0131\u011f\u0131m\u0131z\u0131n bir ifadesi olarak, kurtarma hizmetlerine kurtarma kartlar\u0131n\u0131 \u00f6nemli \u00f6l\u00e7\u00fcde indirimli bir<\/p>\n","protected":false},"author":1,"featured_media":0,"parent":0,"menu_order":0,"comment_status":"closed","ping_status":"closed","template":"","meta":{"footnotes":""},"class_list":["post-85817","page","type-page","status-publish","hentry"],"yoast_head":"<!-- This site is optimized with the Yoast SEO plugin v27.2 - https:\/\/yoast.com\/product\/yoast-seo-wordpress\/ -->\n<title>Kurtarma hizmetleri i\u00e7in teklif - Digitale Rettungskarte per QR Code - Wenn es um Sekunden geht<\/title>\n<meta name=\"description\" content=\"Yorulmak bilmeyen \u00e7abalar\u0131n\u0131za duydu\u011fumuz minnettarl\u0131\u011f\u0131n bir ifadesi olarak, kurtarma hizmetlerine kurtarma kartlar\u0131n\u0131 \u00f6nemli \u00f6l\u00e7\u00fcde indirimli fiyattan sat\u0131n alma f\u0131rsat\u0131 sunuyoruz. Bu teklif hem \u015firket ara\u00e7lar\u0131 hem de acil durum hizmetleri personelinin \u00f6zel ara\u00e7lar\u0131 i\u00e7in ge\u00e7erlidir.\" \/>\n<meta name=\"robots\" content=\"index, follow, max-snippet:-1, max-image-preview:large, max-video-preview:-1\" \/>\n<link rel=\"canonical\" href=\"https:\/\/rescuesheet.net\/tr\/kurtarma-hizmetleri-icin-teklif\/\" \/>\n<meta property=\"og:locale\" content=\"tr_TR\" \/>\n<meta property=\"og:type\" content=\"article\" \/>\n<meta property=\"og:title\" content=\"Kurtarma hizmetleri i\u00e7in teklif - Digitale Rettungskarte per QR Code - Wenn es um Sekunden geht\" \/>\n<meta property=\"og:description\" content=\"Yorulmak bilmeyen \u00e7abalar\u0131n\u0131za duydu\u011fumuz minnettarl\u0131\u011f\u0131n bir ifadesi olarak, kurtarma hizmetlerine kurtarma kartlar\u0131n\u0131 \u00f6nemli \u00f6l\u00e7\u00fcde indirimli fiyattan sat\u0131n alma f\u0131rsat\u0131 sunuyoruz. Bu teklif hem \u015firket ara\u00e7lar\u0131 hem de acil durum hizmetleri personelinin \u00f6zel ara\u00e7lar\u0131 i\u00e7in ge\u00e7erlidir.\" \/>\n<meta property=\"og:url\" content=\"https:\/\/rescuesheet.net\/tr\/kurtarma-hizmetleri-icin-teklif\/\" \/>\n<meta property=\"og:site_name\" content=\"Digitale Rettungskarte per QR Code - Wenn es um Sekunden geht\" \/>\n<meta property=\"article:modified_time\" content=\"2025-08-20T11:35:49+00:00\" \/>\n<meta name=\"twitter:card\" content=\"summary_large_image\" \/>\n<meta name=\"twitter:label1\" content=\"Tahmini okuma s\u00fcresi\" \/>\n\t<meta name=\"twitter:data1\" content=\"1 dakika\" \/>\n<script type=\"application\/ld+json\" class=\"yoast-schema-graph\">{\"@context\":\"https:\/\/schema.org\",\"@graph\":[{\"@type\":\"WebPage\",\"@id\":\"https:\/\/rescuesheet.net\/tr\/kurtarma-hizmetleri-icin-teklif\/\",\"url\":\"https:\/\/rescuesheet.net\/tr\/kurtarma-hizmetleri-icin-teklif\/\",\"name\":\"Kurtarma hizmetleri i\u00e7in teklif - Digitale Rettungskarte per QR Code - Wenn es um Sekunden geht\",\"isPartOf\":{\"@id\":\"https:\/\/rescuesheet.net\/tr\/#website\"},\"datePublished\":\"2025-04-18T16:46:37+00:00\",\"dateModified\":\"2025-08-20T11:35:49+00:00\",\"description\":\"Yorulmak bilmeyen \u00e7abalar\u0131n\u0131za duydu\u011fumuz minnettarl\u0131\u011f\u0131n bir ifadesi olarak, kurtarma hizmetlerine kurtarma kartlar\u0131n\u0131 \u00f6nemli \u00f6l\u00e7\u00fcde indirimli fiyattan sat\u0131n alma f\u0131rsat\u0131 sunuyoruz. Bu teklif hem \u015firket ara\u00e7lar\u0131 hem de acil durum hizmetleri personelinin \u00f6zel ara\u00e7lar\u0131 i\u00e7in ge\u00e7erlidir.\",\"breadcrumb\":{\"@id\":\"https:\/\/rescuesheet.net\/tr\/kurtarma-hizmetleri-icin-teklif\/#breadcrumb\"},\"inLanguage\":\"tr\",\"potentialAction\":[{\"@type\":\"ReadAction\",\"target\":[\"https:\/\/rescuesheet.net\/tr\/kurtarma-hizmetleri-icin-teklif\/\"]}]},{\"@type\":\"BreadcrumbList\",\"@id\":\"https:\/\/rescuesheet.net\/tr\/kurtarma-hizmetleri-icin-teklif\/#breadcrumb\",\"itemListElement\":[{\"@type\":\"ListItem\",\"position\":1,\"name\":\"Startseite\",\"item\":\"https:\/\/rescuesheet.net\/tr\/home\/\"},{\"@type\":\"ListItem\",\"position\":2,\"name\":\"Kurtarma hizmetleri i\u00e7in teklif\"}]},{\"@type\":\"WebSite\",\"@id\":\"https:\/\/rescuesheet.net\/tr\/#website\",\"url\":\"https:\/\/rescuesheet.net\/tr\/\",\"name\":\"Digitale Rettungskarte per QR Code - Wenn es um Sekunden geht\",\"description\":\"Setzen Sie Ihren QR-Code in Ihrem Fahrzeug ein, um im Notfall rasch und effizient Hilfe zu erhalten.\",\"publisher\":{\"@id\":\"https:\/\/rescuesheet.net\/tr\/#organization\"},\"potentialAction\":[{\"@type\":\"SearchAction\",\"target\":{\"@type\":\"EntryPoint\",\"urlTemplate\":\"https:\/\/rescuesheet.net\/tr\/?s={search_term_string}\"},\"query-input\":{\"@type\":\"PropertyValueSpecification\",\"valueRequired\":true,\"valueName\":\"search_term_string\"}}],\"inLanguage\":\"tr\"},{\"@type\":\"Organization\",\"@id\":\"https:\/\/rescuesheet.net\/tr\/#organization\",\"name\":\"Ogbon GmbH\",\"url\":\"https:\/\/rescuesheet.net\/tr\/\",\"logo\":{\"@type\":\"ImageObject\",\"inLanguage\":\"tr\",\"@id\":\"https:\/\/rescuesheet.net\/tr\/#\/schema\/logo\/image\/\",\"url\":\"https:\/\/shop.rescuesheet.net\/wp-content\/uploads\/logos\/logo_ogbon.png\",\"contentUrl\":\"https:\/\/shop.rescuesheet.net\/wp-content\/uploads\/logos\/logo_ogbon.png\",\"width\":974,\"height\":423,\"caption\":\"Ogbon GmbH\"},\"image\":{\"@id\":\"https:\/\/rescuesheet.net\/tr\/#\/schema\/logo\/image\/\"}}]}<\/script>\n<!-- \/ Yoast SEO plugin. -->","yoast_head_json":{"title":"Kurtarma hizmetleri i\u00e7in teklif - Digitale Rettungskarte per QR Code - Wenn es um Sekunden geht","description":"Yorulmak bilmeyen \u00e7abalar\u0131n\u0131za duydu\u011fumuz minnettarl\u0131\u011f\u0131n bir ifadesi olarak, kurtarma hizmetlerine kurtarma kartlar\u0131n\u0131 \u00f6nemli \u00f6l\u00e7\u00fcde indirimli fiyattan sat\u0131n alma f\u0131rsat\u0131 sunuyoruz. Bu teklif hem \u015firket ara\u00e7lar\u0131 hem de acil durum hizmetleri personelinin \u00f6zel ara\u00e7lar\u0131 i\u00e7in ge\u00e7erlidir.","robots":{"index":"index","follow":"follow","max-snippet":"max-snippet:-1","max-image-preview":"max-image-preview:large","max-video-preview":"max-video-preview:-1"},"canonical":"https:\/\/rescuesheet.net\/tr\/kurtarma-hizmetleri-icin-teklif\/","og_locale":"tr_TR","og_type":"article","og_title":"Kurtarma hizmetleri i\u00e7in teklif - Digitale Rettungskarte per QR Code - Wenn es um Sekunden geht","og_description":"Yorulmak bilmeyen \u00e7abalar\u0131n\u0131za duydu\u011fumuz minnettarl\u0131\u011f\u0131n bir ifadesi olarak, kurtarma hizmetlerine kurtarma kartlar\u0131n\u0131 \u00f6nemli \u00f6l\u00e7\u00fcde indirimli fiyattan sat\u0131n alma f\u0131rsat\u0131 sunuyoruz. Bu teklif hem \u015firket ara\u00e7lar\u0131 hem de acil durum hizmetleri personelinin \u00f6zel ara\u00e7lar\u0131 i\u00e7in ge\u00e7erlidir.","og_url":"https:\/\/rescuesheet.net\/tr\/kurtarma-hizmetleri-icin-teklif\/","og_site_name":"Digitale Rettungskarte per QR Code - Wenn es um Sekunden geht","article_modified_time":"2025-08-20T11:35:49+00:00","twitter_card":"summary_large_image","twitter_misc":{"Tahmini okuma s\u00fcresi":"1 dakika"},"schema":{"@context":"https:\/\/schema.org","@graph":[{"@type":"WebPage","@id":"https:\/\/rescuesheet.net\/tr\/kurtarma-hizmetleri-icin-teklif\/","url":"https:\/\/rescuesheet.net\/tr\/kurtarma-hizmetleri-icin-teklif\/","name":"Kurtarma hizmetleri i\u00e7in teklif - Digitale Rettungskarte per QR Code - Wenn es um Sekunden geht","isPartOf":{"@id":"https:\/\/rescuesheet.net\/tr\/#website"},"datePublished":"2025-04-18T16:46:37+00:00","dateModified":"2025-08-20T11:35:49+00:00","description":"Yorulmak bilmeyen \u00e7abalar\u0131n\u0131za duydu\u011fumuz minnettarl\u0131\u011f\u0131n bir ifadesi olarak, kurtarma hizmetlerine kurtarma kartlar\u0131n\u0131 \u00f6nemli \u00f6l\u00e7\u00fcde indirimli fiyattan sat\u0131n alma f\u0131rsat\u0131 sunuyoruz. Bu teklif hem \u015firket ara\u00e7lar\u0131 hem de acil durum hizmetleri personelinin \u00f6zel ara\u00e7lar\u0131 i\u00e7in ge\u00e7erlidir.","breadcrumb":{"@id":"https:\/\/rescuesheet.net\/tr\/kurtarma-hizmetleri-icin-teklif\/#breadcrumb"},"inLanguage":"tr","potentialAction":[{"@type":"ReadAction","target":["https:\/\/rescuesheet.net\/tr\/kurtarma-hizmetleri-icin-teklif\/"]}]},{"@type":"BreadcrumbList","@id":"https:\/\/rescuesheet.net\/tr\/kurtarma-hizmetleri-icin-teklif\/#breadcrumb","itemListElement":[{"@type":"ListItem","position":1,"name":"Startseite","item":"https:\/\/rescuesheet.net\/tr\/home\/"},{"@type":"ListItem","position":2,"name":"Kurtarma hizmetleri i\u00e7in teklif"}]},{"@type":"WebSite","@id":"https:\/\/rescuesheet.net\/tr\/#website","url":"https:\/\/rescuesheet.net\/tr\/","name":"Digitale Rettungskarte per QR Code - Wenn es um Sekunden geht","description":"Setzen Sie Ihren QR-Code in Ihrem Fahrzeug ein, um im Notfall rasch und effizient Hilfe zu erhalten.","publisher":{"@id":"https:\/\/rescuesheet.net\/tr\/#organization"},"potentialAction":[{"@type":"SearchAction","target":{"@type":"EntryPoint","urlTemplate":"https:\/\/rescuesheet.net\/tr\/?s={search_term_string}"},"query-input":{"@type":"PropertyValueSpecification","valueRequired":true,"valueName":"search_term_string"}}],"inLanguage":"tr"},{"@type":"Organization","@id":"https:\/\/rescuesheet.net\/tr\/#organization","name":"Ogbon GmbH","url":"https:\/\/rescuesheet.net\/tr\/","logo":{"@type":"ImageObject","inLanguage":"tr","@id":"https:\/\/rescuesheet.net\/tr\/#\/schema\/logo\/image\/","url":"https:\/\/shop.rescuesheet.net\/wp-content\/uploads\/logos\/logo_ogbon.png","contentUrl":"https:\/\/shop.rescuesheet.net\/wp-content\/uploads\/logos\/logo_ogbon.png","width":974,"height":423,"caption":"Ogbon GmbH"},"image":{"@id":"https:\/\/rescuesheet.net\/tr\/#\/schema\/logo\/image\/"}}]}},"jetpack_sharing_enabled":true,"_links":{"self":[{"href":"https:\/\/rescuesheet.net\/tr\/wp-json\/wp\/v2\/pages\/85817","targetHints":{"allow":["GET"]}}],"collection":[{"href":"https:\/\/rescuesheet.net\/tr\/wp-json\/wp\/v2\/pages"}],"about":[{"href":"https:\/\/rescuesheet.net\/tr\/wp-json\/wp\/v2\/types\/page"}],"author":[{"embeddable":true,"href":"https:\/\/rescuesheet.net\/tr\/wp-json\/wp\/v2\/users\/1"}],"replies":[{"embeddable":true,"href":"https:\/\/rescuesheet.net\/tr\/wp-json\/wp\/v2\/comments?post=85817"}],"version-history":[{"count":0,"href":"https:\/\/rescuesheet.net\/tr\/wp-json\/wp\/v2\/pages\/85817\/revisions"}],"wp:attachment":[{"href":"https:\/\/rescuesheet.net\/tr\/wp-json\/wp\/v2\/media?parent=85817"}],"curies":[{"name":"wp","href":"https:\/\/api.w.org\/{rel}","templated":true}]}}