{"id":37915,"date":"2021-10-12T16:27:24","date_gmt":"2021-10-12T14:27:24","guid":{"rendered":"https:\/\/shop.rescuesheet.net\/bize-ulasin\/"},"modified":"2025-02-12T12:16:26","modified_gmt":"2025-02-12T11:16:26","slug":"bize-ulasin","status":"publish","type":"page","link":"https:\/\/rescuesheet.net\/tr\/bize-ulasin\/","title":{"rendered":"Bize ula\u015f\u0131n"},"content":{"rendered":"\t\t<div data-elementor-type=\"wp-page\" data-elementor-id=\"37915\" class=\"elementor elementor-37915 elementor-4439\" data-elementor-post-type=\"page\">\n\t\t\t\t<div class=\"wd-negative-gap elementor-element elementor-element-cb322d0 e-flex e-con-boxed e-con e-parent\" data-id=\"cb322d0\" data-element_type=\"container\" data-e-type=\"container\">\n\t\t\t\t\t<div class=\"e-con-inner\">\n\t\t<div class=\"elementor-element elementor-element-789122a e-con-full e-flex e-con e-child\" data-id=\"789122a\" data-element_type=\"container\" data-e-type=\"container\">\n\t\t\t\t<div class=\"elementor-element elementor-element-775ddc4 wd-width-100 elementor-widget elementor-widget-wd_title\" data-id=\"775ddc4\" data-element_type=\"widget\" data-e-type=\"widget\" data-widget_type=\"wd_title.default\">\n\t\t\t\t<div class=\"elementor-widget-container\">\n\t\t\t\t\t\t\t<div class=\"title-wrapper wd-set-mb reset-last-child wd-title-color-default wd-title-style-default wd-title-size-default text-left\">\n\n\t\t\t\t\t\t\t\t\t\t\t<div class=\"title-subtitle subtitle-color-default subtitle-style-default wd-fontsize-xs\">\n\t\t\t\t\tHAKKIMIZDA BI\u0307LGI\u0307LER\t\t\t\t<\/div>\n\t\t\t\n\t\t\t<div class=\"liner-continer\">\n\t\t\t\t<h4 class=\"woodmart-title-container title wd-fontsize-l\">HERHANGI\u0307 BI\u0307R SORUNUZ VARSA BI\u0307ZI\u0307MLE I\u0307LETI\u0307\u015eI\u0307ME GE\u00c7I\u0307N<\/h4> \n\t\t\t\t\t\t\t<\/div>\n\n\t\t\t\t\t<\/div>\n\t\t\t\t\t\t<\/div>\n\t\t\t\t<\/div>\n\t\t\t\t<div class=\"elementor-element elementor-element-3c67846 wd-cf7 elementor-widget elementor-widget-wd_contact_form_7\" data-id=\"3c67846\" data-element_type=\"widget\" data-e-type=\"widget\" data-widget_type=\"wd_contact_form_7.default\">\n\t\t\t\t<div class=\"elementor-widget-container\">\n\t\t\t\t\t\n<div class=\"wpcf7 no-js\" id=\"wpcf7-f37910-o1\" lang=\"tr-TR\" dir=\"ltr\" data-wpcf7-id=\"37910\">\n<div class=\"screen-reader-response\"><p role=\"status\" aria-live=\"polite\" aria-atomic=\"true\"><\/p> <ul><\/ul><\/div>\n<form action=\"\/tr\/wp-json\/wp\/v2\/pages\/37915#wpcf7-f37910-o1\" method=\"post\" class=\"wpcf7-form init\" aria-label=\"\u0130leti\u015fim Formu\" novalidate=\"novalidate\" data-status=\"init\">\n<fieldset class=\"hidden-fields-container\"><input type=\"hidden\" name=\"_wpcf7\" value=\"37910\" \/><input type=\"hidden\" name=\"_wpcf7_version\" value=\"6.1.5\" \/><input type=\"hidden\" name=\"_wpcf7_locale\" value=\"tr_TR\" \/><input type=\"hidden\" name=\"_wpcf7_unit_tag\" value=\"wpcf7-f37910-o1\" \/><input type=\"hidden\" name=\"_wpcf7_container_post\" value=\"0\" \/><input type=\"hidden\" name=\"_wpcf7_posted_data_hash\" value=\"\" \/>\n<\/fieldset>\n<div class=\"row\">\n\t<div class=\"col-md-6\">\n\t\t<p><label> Sizin ad\u0131n\u0131z<br \/>\n<span class=\"wpcf7-form-control-wrap\" data-name=\"your-name\"><input size=\"40\" maxlength=\"400\" class=\"wpcf7-form-control wpcf7-text wpcf7-validates-as-required\" autocomplete=\"name\" aria-required=\"true\" aria-invalid=\"false\" value=\"\" type=\"text\" name=\"your-name\" \/><\/span> <\/label>\n\t\t<\/p>\n\t<\/div>\n\t<div class=\"col-md-6\">\n\t\t<p><label> E-posta adresiniz<br \/>\n<span class=\"wpcf7-form-control-wrap\" data-name=\"your-email\"><input size=\"40\" maxlength=\"400\" class=\"wpcf7-form-control wpcf7-email wpcf7-validates-as-required wpcf7-text wpcf7-validates-as-email\" autocomplete=\"email\" aria-required=\"true\" aria-invalid=\"false\" value=\"\" type=\"email\" name=\"your-email\" \/><\/span> <\/label>\n\t\t<\/p>\n\t<\/div>\n<\/div>\n<p><label> Konu<br \/>\n<span class=\"wpcf7-form-control-wrap\" data-name=\"your-subject\"><input size=\"40\" maxlength=\"400\" class=\"wpcf7-form-control wpcf7-text wpcf7-validates-as-required\" aria-required=\"true\" aria-invalid=\"false\" value=\"\" type=\"text\" name=\"your-subject\" \/><\/span> <\/label>\n<\/p>\n<p><label> Mesaj\u0131n\u0131z (iste\u011fe ba\u011fl\u0131)<br \/>\n<span class=\"wpcf7-form-control-wrap\" data-name=\"your-message\"><textarea cols=\"40\" rows=\"10\" maxlength=\"2000\" class=\"wpcf7-form-control wpcf7-textarea\" aria-invalid=\"false\" name=\"your-message\"><\/textarea><\/span> <\/label>\n<\/p>\n<p><span class=\"wpcf7-form-control-wrap\" data-name=\"quiz-399\"><label><span class=\"wpcf7-quiz-label\">2+3 nedir?<\/span> <input size=\"40\" class=\"wpcf7-form-control wpcf7-quiz\" autocomplete=\"off\" aria-required=\"true\" aria-invalid=\"false\" type=\"text\" name=\"quiz-399\" \/><\/label><input type=\"hidden\" name=\"_wpcf7_quiz_answer_quiz-399\" value=\"1d1b6730cb37c828662eaeebd511d230\" \/><\/span>\n<\/p>\n<p><input class=\"wpcf7-form-control wpcf7-submit has-spinner\" type=\"submit\" value=\"G\u00f6nder\" \/>\n<\/p><div class=\"wpcf7-response-output\" aria-hidden=\"true\"><\/div>\n<\/form>\n<\/div>\n\t\t\t\t<\/div>\n\t\t\t\t<\/div>\n\t\t\t\t<\/div>\n\t\t\t\t\t<\/div>\n\t\t\t\t<\/div>\n\t\t\t\t<\/div>\n\t\t","protected":false},"excerpt":{"rendered":"<p>HAKKIMIZDA BI\u0307LGI\u0307LER HERHANGI\u0307 BI\u0307R SORUNUZ VARSA BI\u0307ZI\u0307MLE I\u0307LETI\u0307\u015eI\u0307ME GE\u00c7I\u0307N Dein Name Deine E-Mail-Adresse Betreff Deine Nachricht (optional)<\/p>\n","protected":false},"author":1,"featured_media":0,"parent":0,"menu_order":0,"comment_status":"closed","ping_status":"closed","template":"","meta":{"footnotes":""},"class_list":["post-37915","page","type-page","status-publish","hentry"],"yoast_head":"<!-- This site is optimized with the Yoast SEO plugin v27.2 - https:\/\/yoast.com\/product\/yoast-seo-wordpress\/ -->\n<title>Bize ula\u015f\u0131n - Digitale Rettungskarte per QR Code - Wenn es um Sekunden geht<\/title>\n<meta name=\"robots\" content=\"index, follow, max-snippet:-1, max-image-preview:large, max-video-preview:-1\" \/>\n<link rel=\"canonical\" href=\"https:\/\/rescuesheet.net\/tr\/bize-ulasin\/\" \/>\n<meta property=\"og:locale\" content=\"tr_TR\" \/>\n<meta property=\"og:type\" content=\"article\" \/>\n<meta property=\"og:title\" content=\"Bize ula\u015f\u0131n - Digitale Rettungskarte per QR Code - Wenn es um Sekunden geht\" \/>\n<meta property=\"og:description\" content=\"HAKKIMIZDA BI\u0307LGI\u0307LER HERHANGI\u0307 BI\u0307R SORUNUZ VARSA BI\u0307ZI\u0307MLE I\u0307LETI\u0307\u015eI\u0307ME GE\u00c7I\u0307N Dein Name Deine E-Mail-Adresse Betreff Deine Nachricht (optional)\" \/>\n<meta property=\"og:url\" content=\"https:\/\/rescuesheet.net\/tr\/bize-ulasin\/\" \/>\n<meta property=\"og:site_name\" content=\"Digitale Rettungskarte per QR Code - Wenn es um Sekunden geht\" \/>\n<meta property=\"article:modified_time\" content=\"2025-02-12T11:16:26+00:00\" \/>\n<meta name=\"twitter:card\" content=\"summary_large_image\" \/>\n<script type=\"application\/ld+json\" class=\"yoast-schema-graph\">{\"@context\":\"https:\/\/schema.org\",\"@graph\":[{\"@type\":\"WebPage\",\"@id\":\"https:\/\/rescuesheet.net\/tr\/bize-ulasin\/\",\"url\":\"https:\/\/rescuesheet.net\/tr\/bize-ulasin\/\",\"name\":\"Bize ula\u015f\u0131n - Digitale Rettungskarte per QR Code - Wenn es um Sekunden geht\",\"isPartOf\":{\"@id\":\"https:\/\/rescuesheet.net\/tr\/#website\"},\"datePublished\":\"2021-10-12T14:27:24+00:00\",\"dateModified\":\"2025-02-12T11:16:26+00:00\",\"breadcrumb\":{\"@id\":\"https:\/\/rescuesheet.net\/tr\/bize-ulasin\/#breadcrumb\"},\"inLanguage\":\"tr\",\"potentialAction\":[{\"@type\":\"ReadAction\",\"target\":[\"https:\/\/rescuesheet.net\/tr\/bize-ulasin\/\"]}]},{\"@type\":\"BreadcrumbList\",\"@id\":\"https:\/\/rescuesheet.net\/tr\/bize-ulasin\/#breadcrumb\",\"itemListElement\":[{\"@type\":\"ListItem\",\"position\":1,\"name\":\"Startseite\",\"item\":\"https:\/\/rescuesheet.net\/tr\/home\/\"},{\"@type\":\"ListItem\",\"position\":2,\"name\":\"Bize ula\u015f\u0131n\"}]},{\"@type\":\"WebSite\",\"@id\":\"https:\/\/rescuesheet.net\/tr\/#website\",\"url\":\"https:\/\/rescuesheet.net\/tr\/\",\"name\":\"Digitale Rettungskarte per QR Code - Wenn es um Sekunden geht\",\"description\":\"Setzen Sie Ihren QR-Code in Ihrem Fahrzeug ein, um im Notfall rasch und effizient Hilfe zu erhalten.\",\"publisher\":{\"@id\":\"https:\/\/rescuesheet.net\/tr\/#organization\"},\"potentialAction\":[{\"@type\":\"SearchAction\",\"target\":{\"@type\":\"EntryPoint\",\"urlTemplate\":\"https:\/\/rescuesheet.net\/tr\/?s={search_term_string}\"},\"query-input\":{\"@type\":\"PropertyValueSpecification\",\"valueRequired\":true,\"valueName\":\"search_term_string\"}}],\"inLanguage\":\"tr\"},{\"@type\":\"Organization\",\"@id\":\"https:\/\/rescuesheet.net\/tr\/#organization\",\"name\":\"Ogbon GmbH\",\"url\":\"https:\/\/rescuesheet.net\/tr\/\",\"logo\":{\"@type\":\"ImageObject\",\"inLanguage\":\"tr\",\"@id\":\"https:\/\/rescuesheet.net\/tr\/#\/schema\/logo\/image\/\",\"url\":\"https:\/\/shop.rescuesheet.net\/wp-content\/uploads\/logos\/logo_ogbon.png\",\"contentUrl\":\"https:\/\/shop.rescuesheet.net\/wp-content\/uploads\/logos\/logo_ogbon.png\",\"width\":974,\"height\":423,\"caption\":\"Ogbon GmbH\"},\"image\":{\"@id\":\"https:\/\/rescuesheet.net\/tr\/#\/schema\/logo\/image\/\"}}]}<\/script>\n<!-- \/ Yoast SEO plugin. -->","yoast_head_json":{"title":"Bize ula\u015f\u0131n - Digitale Rettungskarte per QR Code - Wenn es um Sekunden geht","robots":{"index":"index","follow":"follow","max-snippet":"max-snippet:-1","max-image-preview":"max-image-preview:large","max-video-preview":"max-video-preview:-1"},"canonical":"https:\/\/rescuesheet.net\/tr\/bize-ulasin\/","og_locale":"tr_TR","og_type":"article","og_title":"Bize ula\u015f\u0131n - Digitale Rettungskarte per QR Code - Wenn es um Sekunden geht","og_description":"HAKKIMIZDA BI\u0307LGI\u0307LER HERHANGI\u0307 BI\u0307R SORUNUZ VARSA BI\u0307ZI\u0307MLE I\u0307LETI\u0307\u015eI\u0307ME GE\u00c7I\u0307N Dein Name Deine E-Mail-Adresse Betreff Deine Nachricht (optional)","og_url":"https:\/\/rescuesheet.net\/tr\/bize-ulasin\/","og_site_name":"Digitale Rettungskarte per QR Code - Wenn es um Sekunden geht","article_modified_time":"2025-02-12T11:16:26+00:00","twitter_card":"summary_large_image","schema":{"@context":"https:\/\/schema.org","@graph":[{"@type":"WebPage","@id":"https:\/\/rescuesheet.net\/tr\/bize-ulasin\/","url":"https:\/\/rescuesheet.net\/tr\/bize-ulasin\/","name":"Bize ula\u015f\u0131n - Digitale Rettungskarte per QR Code - Wenn es um Sekunden geht","isPartOf":{"@id":"https:\/\/rescuesheet.net\/tr\/#website"},"datePublished":"2021-10-12T14:27:24+00:00","dateModified":"2025-02-12T11:16:26+00:00","breadcrumb":{"@id":"https:\/\/rescuesheet.net\/tr\/bize-ulasin\/#breadcrumb"},"inLanguage":"tr","potentialAction":[{"@type":"ReadAction","target":["https:\/\/rescuesheet.net\/tr\/bize-ulasin\/"]}]},{"@type":"BreadcrumbList","@id":"https:\/\/rescuesheet.net\/tr\/bize-ulasin\/#breadcrumb","itemListElement":[{"@type":"ListItem","position":1,"name":"Startseite","item":"https:\/\/rescuesheet.net\/tr\/home\/"},{"@type":"ListItem","position":2,"name":"Bize ula\u015f\u0131n"}]},{"@type":"WebSite","@id":"https:\/\/rescuesheet.net\/tr\/#website","url":"https:\/\/rescuesheet.net\/tr\/","name":"Digitale Rettungskarte per QR Code - Wenn es um Sekunden geht","description":"Setzen Sie Ihren QR-Code in Ihrem Fahrzeug ein, um im Notfall rasch und effizient Hilfe zu erhalten.","publisher":{"@id":"https:\/\/rescuesheet.net\/tr\/#organization"},"potentialAction":[{"@type":"SearchAction","target":{"@type":"EntryPoint","urlTemplate":"https:\/\/rescuesheet.net\/tr\/?s={search_term_string}"},"query-input":{"@type":"PropertyValueSpecification","valueRequired":true,"valueName":"search_term_string"}}],"inLanguage":"tr"},{"@type":"Organization","@id":"https:\/\/rescuesheet.net\/tr\/#organization","name":"Ogbon GmbH","url":"https:\/\/rescuesheet.net\/tr\/","logo":{"@type":"ImageObject","inLanguage":"tr","@id":"https:\/\/rescuesheet.net\/tr\/#\/schema\/logo\/image\/","url":"https:\/\/shop.rescuesheet.net\/wp-content\/uploads\/logos\/logo_ogbon.png","contentUrl":"https:\/\/shop.rescuesheet.net\/wp-content\/uploads\/logos\/logo_ogbon.png","width":974,"height":423,"caption":"Ogbon GmbH"},"image":{"@id":"https:\/\/rescuesheet.net\/tr\/#\/schema\/logo\/image\/"}}]}},"jetpack_sharing_enabled":true,"_links":{"self":[{"href":"https:\/\/rescuesheet.net\/tr\/wp-json\/wp\/v2\/pages\/37915","targetHints":{"allow":["GET"]}}],"collection":[{"href":"https:\/\/rescuesheet.net\/tr\/wp-json\/wp\/v2\/pages"}],"about":[{"href":"https:\/\/rescuesheet.net\/tr\/wp-json\/wp\/v2\/types\/page"}],"author":[{"embeddable":true,"href":"https:\/\/rescuesheet.net\/tr\/wp-json\/wp\/v2\/users\/1"}],"replies":[{"embeddable":true,"href":"https:\/\/rescuesheet.net\/tr\/wp-json\/wp\/v2\/comments?post=37915"}],"version-history":[{"count":0,"href":"https:\/\/rescuesheet.net\/tr\/wp-json\/wp\/v2\/pages\/37915\/revisions"}],"wp:attachment":[{"href":"https:\/\/rescuesheet.net\/tr\/wp-json\/wp\/v2\/media?parent=37915"}],"curies":[{"name":"wp","href":"https:\/\/api.w.org\/{rel}","templated":true}]}}