{"id":41505,"date":"2025-02-10T23:21:25","date_gmt":"2025-02-10T22:21:25","guid":{"rendered":"https:\/\/shop.rescuesheet.net\/produkt\/sunlight-c-590-4x4-2024\/"},"modified":"2025-02-19T23:32:23","modified_gmt":"2025-02-19T22:32:23","slug":"sunlight-c-590-4x4-2024","status":"publish","type":"product","link":"https:\/\/rescuesheet.net\/fr\/produkt\/sunlight-c-590-4x4-2024\/","title":{"rendered":"Sunlight C 590 4&#215;4 (>2024)"},"content":{"rendered":"\t\t\t<link rel=\"stylesheet\" id=\"elementor-post-68346-css\" href=\"https:\/\/rescuesheet.net\/wp-content\/uploads\/elementor\/css\/post-68346.css?ver=1775235083\" type=\"text\/css\" media=\"all\">\n\t\t\t\t\t<div data-elementor-type=\"wp-post\" data-elementor-id=\"68346\" class=\"elementor elementor-68346 elementor-16883\" data-elementor-post-type=\"cms_block\">\n\t\t\t\t<div class=\"wd-negative-gap elementor-element elementor-element-4b566da e-flex e-con-boxed e-con e-parent\" data-id=\"4b566da\" data-element_type=\"container\" data-e-type=\"container\">\n\t\t\t\t\t<div class=\"e-con-inner\">\n\t\t\t\t<div class=\"elementor-element elementor-element-73bbd22 elementor-widget elementor-widget-wd_image_or_svg\" data-id=\"73bbd22\" data-element_type=\"widget\" data-e-type=\"widget\" data-widget_type=\"wd_image_or_svg.default\">\n\t\t\t\t<div class=\"elementor-widget-container\">\n\t\t\t\t\t\n\t\t<div class=\"wd-image text-left\">\n\t\t\t\t\t\t\t\t<img decoding=\"async\" src=\"https:\/\/shop.rescuesheet.net\/wp-content\/uploads\/beitrag-bilder\/001_fr.jpg\">\t\t\t\t\t<\/div>\n\n\t\t\t\t\t\t<\/div>\n\t\t\t\t<\/div>\n\t\t\t\t<div class=\"elementor-element elementor-element-257bb09 elementor-widget elementor-widget-wd_image_or_svg\" data-id=\"257bb09\" data-element_type=\"widget\" data-e-type=\"widget\" data-widget_type=\"wd_image_or_svg.default\">\n\t\t\t\t<div class=\"elementor-widget-container\">\n\t\t\t\t\t\n\t\t<div class=\"wd-image text-left\">\n\t\t\t\t\t\t\t\t<img decoding=\"async\" width=\"1940\" height=\"600\" src=\"https:\/\/rescuesheet.net\/wp-content\/uploads\/beitrag-bilder\/003_fr.jpg\" class=\"attachment-full size-full\" alt=\"Accident de voiture\" srcset=\"https:\/\/rescuesheet.net\/wp-content\/uploads\/beitrag-bilder\/003_fr.jpg 1940w, https:\/\/rescuesheet.net\/wp-content\/uploads\/beitrag-bilder\/003_fr-400x124.jpg 400w, https:\/\/rescuesheet.net\/wp-content\/uploads\/beitrag-bilder\/003_fr-1300x402.jpg 1300w, https:\/\/rescuesheet.net\/wp-content\/uploads\/beitrag-bilder\/003_fr-768x238.jpg 768w, https:\/\/rescuesheet.net\/wp-content\/uploads\/beitrag-bilder\/003_fr-1536x475.jpg 1536w, https:\/\/rescuesheet.net\/wp-content\/uploads\/beitrag-bilder\/003_fr-1320x408.jpg 1320w, https:\/\/rescuesheet.net\/wp-content\/uploads\/beitrag-bilder\/003_fr-430x133.jpg 430w, https:\/\/rescuesheet.net\/wp-content\/uploads\/beitrag-bilder\/003_fr-700x216.jpg 700w, https:\/\/rescuesheet.net\/wp-content\/uploads\/beitrag-bilder\/003_fr-150x46.jpg 150w\" sizes=\"(max-width: 1940px) 100vw, 1940px\" \/>\t\t\t\t\t<\/div>\n\n\t\t\t\t\t\t<\/div>\n\t\t\t\t<\/div>\n\t\t\t\t\t<\/div>\n\t\t\t\t<\/div>\n\t\t<div class=\"elementor-element elementor-element-d9f5a73 e-grid e-con-full e-con e-parent\" data-id=\"d9f5a73\" data-element_type=\"container\" data-e-type=\"container\">\n\t\t\t\t<div class=\"elementor-element elementor-element-54d0e89 elementor-widget__width-inherit elementor-position-top elementor-widget elementor-widget-image-box\" data-id=\"54d0e89\" data-element_type=\"widget\" data-e-type=\"widget\" data-widget_type=\"image-box.default\">\n\t\t\t\t<div class=\"elementor-widget-container\">\n\t\t\t\t\t<div class=\"elementor-image-box-wrapper\"><figure class=\"elementor-image-box-img\"><img decoding=\"async\" width=\"1000\" height=\"1000\" src=\"https:\/\/rescuesheet.net\/wp-content\/uploads\/beitrag-bilder\/002_a.jpg\" class=\"attachment-full size-full wp-image-16930\" alt=\"Feuerwehr\" srcset=\"https:\/\/rescuesheet.net\/wp-content\/uploads\/beitrag-bilder\/002_a.jpg 1000w, https:\/\/rescuesheet.net\/wp-content\/uploads\/beitrag-bilder\/002_a-300x300.jpg 300w, https:\/\/rescuesheet.net\/wp-content\/uploads\/beitrag-bilder\/002_a-800x800.jpg 800w, https:\/\/rescuesheet.net\/wp-content\/uploads\/beitrag-bilder\/002_a-150x150.jpg 150w, https:\/\/rescuesheet.net\/wp-content\/uploads\/beitrag-bilder\/002_a-768x768.jpg 768w, https:\/\/rescuesheet.net\/wp-content\/uploads\/beitrag-bilder\/002_a-430x430.jpg 430w, https:\/\/rescuesheet.net\/wp-content\/uploads\/beitrag-bilder\/002_a-700x700.jpg 700w\" sizes=\"(max-width: 1000px) 100vw, 1000px\" \/><\/figure><div class=\"elementor-image-box-content\"><h3 class=\"elementor-image-box-title\">Plus de 3200 mod\u00e8les de v\u00e9hicules de 90 marques diff\u00e9rentes<\/h3><\/div><\/div>\t\t\t\t<\/div>\n\t\t\t\t<\/div>\n\t\t\t\t<div class=\"elementor-element elementor-element-6c4d9b8 elementor-widget__width-inherit elementor-position-top elementor-widget elementor-widget-image-box\" data-id=\"6c4d9b8\" data-element_type=\"widget\" data-e-type=\"widget\" data-widget_type=\"image-box.default\">\n\t\t\t\t<div class=\"elementor-widget-container\">\n\t\t\t\t\t<div class=\"elementor-image-box-wrapper\"><figure class=\"elementor-image-box-img\"><img decoding=\"async\" width=\"1000\" height=\"1000\" src=\"https:\/\/rescuesheet.net\/wp-content\/uploads\/beitrag-bilder\/002_b.jpg\" class=\"attachment-full size-full wp-image-16939\" alt=\"Rettung\" srcset=\"https:\/\/rescuesheet.net\/wp-content\/uploads\/beitrag-bilder\/002_b.jpg 1000w, https:\/\/rescuesheet.net\/wp-content\/uploads\/beitrag-bilder\/002_b-300x300.jpg 300w, https:\/\/rescuesheet.net\/wp-content\/uploads\/beitrag-bilder\/002_b-800x800.jpg 800w, https:\/\/rescuesheet.net\/wp-content\/uploads\/beitrag-bilder\/002_b-150x150.jpg 150w, https:\/\/rescuesheet.net\/wp-content\/uploads\/beitrag-bilder\/002_b-768x768.jpg 768w, https:\/\/rescuesheet.net\/wp-content\/uploads\/beitrag-bilder\/002_b-430x430.jpg 430w, https:\/\/rescuesheet.net\/wp-content\/uploads\/beitrag-bilder\/002_b-700x700.jpg 700w\" sizes=\"(max-width: 1000px) 100vw, 1000px\" \/><\/figure><div class=\"elementor-image-box-content\"><h3 class=\"elementor-image-box-title\">La carte de secours appropri\u00e9e en quelques secondes<\/h3><\/div><\/div>\t\t\t\t<\/div>\n\t\t\t\t<\/div>\n\t\t\t\t<div class=\"elementor-element elementor-element-44f95a9 elementor-widget__width-inherit elementor-position-top elementor-widget elementor-widget-image-box\" data-id=\"44f95a9\" data-element_type=\"widget\" data-e-type=\"widget\" data-widget_type=\"image-box.default\">\n\t\t\t\t<div class=\"elementor-widget-container\">\n\t\t\t\t\t<div class=\"elementor-image-box-wrapper\"><figure class=\"elementor-image-box-img\"><img decoding=\"async\" width=\"1000\" height=\"1000\" src=\"https:\/\/rescuesheet.net\/wp-content\/uploads\/beitrag-bilder\/002_c.jpg\" class=\"attachment-full size-full wp-image-16946\" alt=\"Sprachen\" srcset=\"https:\/\/rescuesheet.net\/wp-content\/uploads\/beitrag-bilder\/002_c.jpg 1000w, https:\/\/rescuesheet.net\/wp-content\/uploads\/beitrag-bilder\/002_c-300x300.jpg 300w, https:\/\/rescuesheet.net\/wp-content\/uploads\/beitrag-bilder\/002_c-800x800.jpg 800w, https:\/\/rescuesheet.net\/wp-content\/uploads\/beitrag-bilder\/002_c-150x150.jpg 150w, https:\/\/rescuesheet.net\/wp-content\/uploads\/beitrag-bilder\/002_c-768x768.jpg 768w, https:\/\/rescuesheet.net\/wp-content\/uploads\/beitrag-bilder\/002_c-430x430.jpg 430w, https:\/\/rescuesheet.net\/wp-content\/uploads\/beitrag-bilder\/002_c-700x700.jpg 700w\" sizes=\"(max-width: 1000px) 100vw, 1000px\" \/><\/figure><div class=\"elementor-image-box-content\"><h3 class=\"elementor-image-box-title\">Cartes de secours multilingues avec le m\u00eame code QR<\/h3><\/div><\/div>\t\t\t\t<\/div>\n\t\t\t\t<\/div>\n\t\t\t\t<\/div>\n\t\t<div class=\"wd-negative-gap elementor-element elementor-element-c2ac555 e-flex e-con-boxed e-con e-parent\" data-id=\"c2ac555\" data-element_type=\"container\" data-e-type=\"container\">\n\t\t\t\t\t<div class=\"e-con-inner\">\n\t\t\t\t\t<\/div>\n\t\t\t\t<\/div>\n\t\t\t\t<\/div>\n\t\t\n<p><strong>When every second counts!<\/strong><\/p>\n<p>A rescue card is an important tool for efficiently rescuing people from their vehicle in the event of a road accident. This card lists key components of the vehicle in question, including airbags, belt tensioners, battery, fuel tank and body reinforcements. Our QR code can be scanned with any smartphone. A vehicle-related rescue map is displayed. This supports the fire service in vital rescue operations. It helps to quickly and safely find the optimum points of attack for rescue equipment such as spreaders and rescue shears.<\/p>\n<p><strong>Multilingual<\/strong><\/p>\n<p>Multilingual rescue cards with the same QR code. The map is automatically displayed in the user&rsquo;s preferred language. Ideal for travelling.<\/p>\n<p><strong>Our database<\/strong><\/p>\n<p>The rescue cards on offer are continuously updated and expanded. If you cannot find a suitable QR code here, you can simply send us your vehicle identification number (VIN\/VIN). We will take care of the rest and send you the appropriate digital rescue card.<\/p>\n<p><strong>Support our rescue services in helping you.<\/strong><\/p>\n","protected":false},"excerpt":{"rendered":"<p>Rescue card by QR code \/ Sticker \/ Car windscreen \/ Card cover self-adhesive \/ Rescue Card Sheets<\/p>\n","protected":false},"featured_media":32228,"comment_status":"open","ping_status":"closed","template":"","meta":{"jetpack_publicize_message":"","jetpack_publicize_feature_enabled":true,"jetpack_social_post_already_shared":false,"jetpack_social_options":{"image_generator_settings":{"template":"highway","default_image_id":0,"font":"","enabled":false},"version":2}},"product_brand":[],"product_cat":[577],"product_tag":[652,634,647,641,650,643,631,628,625,637],"class_list":{"0":"post-41505","1":"product","2":"type-product","3":"status-publish","4":"has-post-thumbnail","6":"product_cat-sunlight-fr","7":"product_tag-autocollant-fr","8":"product_tag-autocollant","9":"product_tag-carte-de-secours","10":"product_tag-modeles-de-vehicules","11":"product_tag-pare-brise","12":"product_tag-pochette-de-carte","13":"product_tag-qr-code-fr","14":"product_tag-rescue-fr","15":"product_tag-sheets-fr","16":"product_tag-voiture","18":"first","19":"instock","20":"taxable","21":"shipping-taxable","22":"purchasable","23":"product-type-simple"},"yoast_head":"<!-- This site is optimized with the Yoast SEO plugin v27.2 - https:\/\/yoast.com\/product\/yoast-seo-wordpress\/ -->\n<title>Sunlight C 590 4x4 (&gt;2024) - Digitale Rettungskarte per QR Code - Wenn es um Sekunden geht<\/title>\n<meta name=\"description\" content=\"A rescue card is an important tool for efficiently rescuing people from their vehicle in the event of a road accident. Our QR code can be scanned with any smartphone. A vehicle-related rescue card is displayed. This supports the fire brigade in vital rescue operations. It helps to quickly and safely find the optimum points of attack for rescue equipment such as spreaders and rescue shears.\" \/>\n<meta name=\"robots\" content=\"index, follow, max-snippet:-1, max-image-preview:large, max-video-preview:-1\" \/>\n<link rel=\"canonical\" href=\"https:\/\/rescuesheet.net\/fr\/produkt\/sunlight-c-590-4x4-2024\/\" \/>\n<meta property=\"og:locale\" content=\"fr_FR\" \/>\n<meta property=\"og:type\" content=\"article\" \/>\n<meta property=\"og:title\" content=\"Sunlight C 590 4x4 (&gt;2024) - Digitale Rettungskarte per QR Code - Wenn es um Sekunden geht\" \/>\n<meta property=\"og:description\" content=\"A rescue card is an important tool for efficiently rescuing people from their vehicle in the event of a road accident. Our QR code can be scanned with any smartphone. A vehicle-related rescue card is displayed. This supports the fire brigade in vital rescue operations. It helps to quickly and safely find the optimum points of attack for rescue equipment such as spreaders and rescue shears.\" \/>\n<meta property=\"og:url\" content=\"https:\/\/rescuesheet.net\/fr\/produkt\/sunlight-c-590-4x4-2024\/\" \/>\n<meta property=\"og:site_name\" content=\"Digitale Rettungskarte per QR Code - Wenn es um Sekunden geht\" \/>\n<meta property=\"article:modified_time\" content=\"2025-02-19T22:32:23+00:00\" \/>\n<meta property=\"og:image\" content=\"https:\/\/rescuesheet.net\/wp-content\/uploads\/2025\/02\/Sunlight.jpg\" \/>\n\t<meta property=\"og:image:width\" content=\"800\" \/>\n\t<meta property=\"og:image:height\" content=\"796\" \/>\n\t<meta property=\"og:image:type\" content=\"image\/jpeg\" \/>\n<meta name=\"twitter:card\" content=\"summary_large_image\" \/>\n<meta name=\"twitter:label1\" content=\"Dur\u00e9e de lecture estim\u00e9e\" \/>\n\t<meta name=\"twitter:data1\" content=\"1 minute\" \/>\n<script type=\"application\/ld+json\" class=\"yoast-schema-graph\">{\"@context\":\"https:\/\/schema.org\",\"@graph\":[{\"@type\":\"WebPage\",\"@id\":\"https:\/\/rescuesheet.net\/fr\/produkt\/sunlight-c-590-4x4-2024\/\",\"url\":\"https:\/\/rescuesheet.net\/fr\/produkt\/sunlight-c-590-4x4-2024\/\",\"name\":\"Sunlight C 590 4x4 (>2024) - Digitale Rettungskarte per QR Code - Wenn es um Sekunden geht\",\"isPartOf\":{\"@id\":\"https:\/\/rescuesheet.net\/fr\/#website\"},\"primaryImageOfPage\":{\"@id\":\"https:\/\/rescuesheet.net\/fr\/produkt\/sunlight-c-590-4x4-2024\/#primaryimage\"},\"image\":{\"@id\":\"https:\/\/rescuesheet.net\/fr\/produkt\/sunlight-c-590-4x4-2024\/#primaryimage\"},\"thumbnailUrl\":\"https:\/\/rescuesheet.net\/wp-content\/uploads\/2025\/02\/Sunlight.jpg\",\"datePublished\":\"2025-02-10T22:21:25+00:00\",\"dateModified\":\"2025-02-19T22:32:23+00:00\",\"description\":\"A rescue card is an important tool for efficiently rescuing people from their vehicle in the event of a road accident. Our QR code can be scanned with any smartphone. A vehicle-related rescue card is displayed. This supports the fire brigade in vital rescue operations. It helps to quickly and safely find the optimum points of attack for rescue equipment such as spreaders and rescue shears.\",\"breadcrumb\":{\"@id\":\"https:\/\/rescuesheet.net\/fr\/produkt\/sunlight-c-590-4x4-2024\/#breadcrumb\"},\"inLanguage\":\"fr-FR\",\"potentialAction\":[{\"@type\":\"ReadAction\",\"target\":[\"https:\/\/rescuesheet.net\/fr\/produkt\/sunlight-c-590-4x4-2024\/\"]}]},{\"@type\":\"ImageObject\",\"inLanguage\":\"fr-FR\",\"@id\":\"https:\/\/rescuesheet.net\/fr\/produkt\/sunlight-c-590-4x4-2024\/#primaryimage\",\"url\":\"https:\/\/rescuesheet.net\/wp-content\/uploads\/2025\/02\/Sunlight.jpg\",\"contentUrl\":\"https:\/\/rescuesheet.net\/wp-content\/uploads\/2025\/02\/Sunlight.jpg\",\"width\":800,\"height\":796},{\"@type\":\"BreadcrumbList\",\"@id\":\"https:\/\/rescuesheet.net\/fr\/produkt\/sunlight-c-590-4x4-2024\/#breadcrumb\",\"itemListElement\":[{\"@type\":\"ListItem\",\"position\":1,\"name\":\"Startseite\",\"item\":\"https:\/\/rescuesheet.net\/fr\/home\/\"},{\"@type\":\"ListItem\",\"position\":2,\"name\":\"Boutique\",\"item\":\"https:\/\/rescuesheet.net\/fr\/boutique\/\"},{\"@type\":\"ListItem\",\"position\":3,\"name\":\"Sunlight C 590 4&#215;4 (>2024)\"}]},{\"@type\":\"WebSite\",\"@id\":\"https:\/\/rescuesheet.net\/fr\/#website\",\"url\":\"https:\/\/rescuesheet.net\/fr\/\",\"name\":\"Digitale Rettungskarte per QR Code - Wenn es um Sekunden geht\",\"description\":\"Setzen Sie Ihren QR-Code in Ihrem Fahrzeug ein, um im Notfall rasch und effizient Hilfe zu erhalten.\",\"publisher\":{\"@id\":\"https:\/\/rescuesheet.net\/fr\/#organization\"},\"potentialAction\":[{\"@type\":\"SearchAction\",\"target\":{\"@type\":\"EntryPoint\",\"urlTemplate\":\"https:\/\/rescuesheet.net\/fr\/?s={search_term_string}\"},\"query-input\":{\"@type\":\"PropertyValueSpecification\",\"valueRequired\":true,\"valueName\":\"search_term_string\"}}],\"inLanguage\":\"fr-FR\"},{\"@type\":\"Organization\",\"@id\":\"https:\/\/rescuesheet.net\/fr\/#organization\",\"name\":\"Ogbon GmbH\",\"url\":\"https:\/\/rescuesheet.net\/fr\/\",\"logo\":{\"@type\":\"ImageObject\",\"inLanguage\":\"fr-FR\",\"@id\":\"https:\/\/rescuesheet.net\/fr\/#\/schema\/logo\/image\/\",\"url\":\"https:\/\/shop.rescuesheet.net\/wp-content\/uploads\/logos\/logo_ogbon.png\",\"contentUrl\":\"https:\/\/shop.rescuesheet.net\/wp-content\/uploads\/logos\/logo_ogbon.png\",\"width\":974,\"height\":423,\"caption\":\"Ogbon GmbH\"},\"image\":{\"@id\":\"https:\/\/rescuesheet.net\/fr\/#\/schema\/logo\/image\/\"}}]}<\/script>\n<!-- \/ Yoast SEO plugin. -->","yoast_head_json":{"title":"Sunlight C 590 4x4 (>2024) - Digitale Rettungskarte per QR Code - Wenn es um Sekunden geht","description":"A rescue card is an important tool for efficiently rescuing people from their vehicle in the event of a road accident. Our QR code can be scanned with any smartphone. A vehicle-related rescue card is displayed. This supports the fire brigade in vital rescue operations. It helps to quickly and safely find the optimum points of attack for rescue equipment such as spreaders and rescue shears.","robots":{"index":"index","follow":"follow","max-snippet":"max-snippet:-1","max-image-preview":"max-image-preview:large","max-video-preview":"max-video-preview:-1"},"canonical":"https:\/\/rescuesheet.net\/fr\/produkt\/sunlight-c-590-4x4-2024\/","og_locale":"fr_FR","og_type":"article","og_title":"Sunlight C 590 4x4 (>2024) - Digitale Rettungskarte per QR Code - Wenn es um Sekunden geht","og_description":"A rescue card is an important tool for efficiently rescuing people from their vehicle in the event of a road accident. Our QR code can be scanned with any smartphone. A vehicle-related rescue card is displayed. This supports the fire brigade in vital rescue operations. It helps to quickly and safely find the optimum points of attack for rescue equipment such as spreaders and rescue shears.","og_url":"https:\/\/rescuesheet.net\/fr\/produkt\/sunlight-c-590-4x4-2024\/","og_site_name":"Digitale Rettungskarte per QR Code - Wenn es um Sekunden geht","article_modified_time":"2025-02-19T22:32:23+00:00","og_image":[{"width":800,"height":796,"url":"https:\/\/rescuesheet.net\/wp-content\/uploads\/2025\/02\/Sunlight.jpg","type":"image\/jpeg"}],"twitter_card":"summary_large_image","twitter_misc":{"Dur\u00e9e de lecture estim\u00e9e":"1 minute"},"schema":{"@context":"https:\/\/schema.org","@graph":[{"@type":"WebPage","@id":"https:\/\/rescuesheet.net\/fr\/produkt\/sunlight-c-590-4x4-2024\/","url":"https:\/\/rescuesheet.net\/fr\/produkt\/sunlight-c-590-4x4-2024\/","name":"Sunlight C 590 4x4 (>2024) - Digitale Rettungskarte per QR Code - Wenn es um Sekunden geht","isPartOf":{"@id":"https:\/\/rescuesheet.net\/fr\/#website"},"primaryImageOfPage":{"@id":"https:\/\/rescuesheet.net\/fr\/produkt\/sunlight-c-590-4x4-2024\/#primaryimage"},"image":{"@id":"https:\/\/rescuesheet.net\/fr\/produkt\/sunlight-c-590-4x4-2024\/#primaryimage"},"thumbnailUrl":"https:\/\/rescuesheet.net\/wp-content\/uploads\/2025\/02\/Sunlight.jpg","datePublished":"2025-02-10T22:21:25+00:00","dateModified":"2025-02-19T22:32:23+00:00","description":"A rescue card is an important tool for efficiently rescuing people from their vehicle in the event of a road accident. Our QR code can be scanned with any smartphone. A vehicle-related rescue card is displayed. This supports the fire brigade in vital rescue operations. It helps to quickly and safely find the optimum points of attack for rescue equipment such as spreaders and rescue shears.","breadcrumb":{"@id":"https:\/\/rescuesheet.net\/fr\/produkt\/sunlight-c-590-4x4-2024\/#breadcrumb"},"inLanguage":"fr-FR","potentialAction":[{"@type":"ReadAction","target":["https:\/\/rescuesheet.net\/fr\/produkt\/sunlight-c-590-4x4-2024\/"]}]},{"@type":"ImageObject","inLanguage":"fr-FR","@id":"https:\/\/rescuesheet.net\/fr\/produkt\/sunlight-c-590-4x4-2024\/#primaryimage","url":"https:\/\/rescuesheet.net\/wp-content\/uploads\/2025\/02\/Sunlight.jpg","contentUrl":"https:\/\/rescuesheet.net\/wp-content\/uploads\/2025\/02\/Sunlight.jpg","width":800,"height":796},{"@type":"BreadcrumbList","@id":"https:\/\/rescuesheet.net\/fr\/produkt\/sunlight-c-590-4x4-2024\/#breadcrumb","itemListElement":[{"@type":"ListItem","position":1,"name":"Startseite","item":"https:\/\/rescuesheet.net\/fr\/home\/"},{"@type":"ListItem","position":2,"name":"Boutique","item":"https:\/\/rescuesheet.net\/fr\/boutique\/"},{"@type":"ListItem","position":3,"name":"Sunlight C 590 4&#215;4 (>2024)"}]},{"@type":"WebSite","@id":"https:\/\/rescuesheet.net\/fr\/#website","url":"https:\/\/rescuesheet.net\/fr\/","name":"Digitale Rettungskarte per QR Code - Wenn es um Sekunden geht","description":"Setzen Sie Ihren QR-Code in Ihrem Fahrzeug ein, um im Notfall rasch und effizient Hilfe zu erhalten.","publisher":{"@id":"https:\/\/rescuesheet.net\/fr\/#organization"},"potentialAction":[{"@type":"SearchAction","target":{"@type":"EntryPoint","urlTemplate":"https:\/\/rescuesheet.net\/fr\/?s={search_term_string}"},"query-input":{"@type":"PropertyValueSpecification","valueRequired":true,"valueName":"search_term_string"}}],"inLanguage":"fr-FR"},{"@type":"Organization","@id":"https:\/\/rescuesheet.net\/fr\/#organization","name":"Ogbon GmbH","url":"https:\/\/rescuesheet.net\/fr\/","logo":{"@type":"ImageObject","inLanguage":"fr-FR","@id":"https:\/\/rescuesheet.net\/fr\/#\/schema\/logo\/image\/","url":"https:\/\/shop.rescuesheet.net\/wp-content\/uploads\/logos\/logo_ogbon.png","contentUrl":"https:\/\/shop.rescuesheet.net\/wp-content\/uploads\/logos\/logo_ogbon.png","width":974,"height":423,"caption":"Ogbon GmbH"},"image":{"@id":"https:\/\/rescuesheet.net\/fr\/#\/schema\/logo\/image\/"}}]}},"jetpack_publicize_connections":[],"jetpack_sharing_enabled":true,"_links":{"self":[{"href":"https:\/\/rescuesheet.net\/fr\/wp-json\/wp\/v2\/product\/41505","targetHints":{"allow":["GET"]}}],"collection":[{"href":"https:\/\/rescuesheet.net\/fr\/wp-json\/wp\/v2\/product"}],"about":[{"href":"https:\/\/rescuesheet.net\/fr\/wp-json\/wp\/v2\/types\/product"}],"replies":[{"embeddable":true,"href":"https:\/\/rescuesheet.net\/fr\/wp-json\/wp\/v2\/comments?post=41505"}],"version-history":[{"count":0,"href":"https:\/\/rescuesheet.net\/fr\/wp-json\/wp\/v2\/product\/41505\/revisions"}],"wp:featuredmedia":[{"embeddable":true,"href":"https:\/\/rescuesheet.net\/fr\/wp-json\/wp\/v2\/media\/32228"}],"wp:attachment":[{"href":"https:\/\/rescuesheet.net\/fr\/wp-json\/wp\/v2\/media?parent=41505"}],"wp:term":[{"taxonomy":"product_brand","embeddable":true,"href":"https:\/\/rescuesheet.net\/fr\/wp-json\/wp\/v2\/product_brand?post=41505"},{"taxonomy":"product_cat","embeddable":true,"href":"https:\/\/rescuesheet.net\/fr\/wp-json\/wp\/v2\/product_cat?post=41505"},{"taxonomy":"product_tag","embeddable":true,"href":"https:\/\/rescuesheet.net\/fr\/wp-json\/wp\/v2\/product_tag?post=41505"}],"curies":[{"name":"wp","href":"https:\/\/api.w.org\/{rel}","templated":true}]}}