{"id":85823,"date":"2025-04-19T13:23:28","date_gmt":"2025-04-19T11:23:28","guid":{"rendered":"https:\/\/rescuesheet.net\/offre-pour-les-entreprises\/"},"modified":"2025-04-20T13:54:00","modified_gmt":"2025-04-20T11:54:00","slug":"offre-pour-les-entreprises","status":"publish","type":"page","link":"https:\/\/rescuesheet.net\/fr\/offre-pour-les-entreprises\/","title":{"rendered":"Offre pour les entreprises"},"content":{"rendered":"\t\t<div data-elementor-type=\"wp-page\" data-elementor-id=\"85823\" class=\"elementor elementor-85823 elementor-85798\" data-elementor-post-type=\"page\">\n\t\t\t\t<div class=\"wd-negative-gap elementor-element elementor-element-aaabccf e-flex e-con-boxed e-con e-parent\" data-id=\"aaabccf\" data-element_type=\"container\" data-e-type=\"container\">\n\t\t\t\t\t<div class=\"e-con-inner\">\n\t\t\t\t<div class=\"elementor-element elementor-element-e73e255 elementor-widget elementor-widget-theme-post-featured-image elementor-widget-image\" data-id=\"e73e255\" data-element_type=\"widget\" data-e-type=\"widget\" data-widget_type=\"theme-post-featured-image.default\">\n\t\t\t\t<div class=\"elementor-widget-container\">\n\t\t\t\t\t\t\t\t\t\t\t\t\t\t\t<img decoding=\"async\" width=\"1200\" height=\"343\" src=\"https:\/\/rescuesheet.net\/wp-content\/uploads\/2025\/04\/fuer_firmen.jpg\" class=\"attachment-full size-full wp-image-85801\" alt=\"Firmenkunden\" srcset=\"https:\/\/rescuesheet.net\/wp-content\/uploads\/2025\/04\/fuer_firmen.jpg 1200w, https:\/\/rescuesheet.net\/wp-content\/uploads\/2025\/04\/fuer_firmen-400x114.jpg 400w, https:\/\/rescuesheet.net\/wp-content\/uploads\/2025\/04\/fuer_firmen-768x220.jpg 768w, https:\/\/rescuesheet.net\/wp-content\/uploads\/2025\/04\/fuer_firmen-430x123.jpg 430w, https:\/\/rescuesheet.net\/wp-content\/uploads\/2025\/04\/fuer_firmen-700x200.jpg 700w, https:\/\/rescuesheet.net\/wp-content\/uploads\/2025\/04\/fuer_firmen-150x43.jpg 150w, https:\/\/rescuesheet.net\/wp-content\/uploads\/2025\/04\/fuer_firmen-350x100.jpg 350w\" sizes=\"(max-width: 1200px) 100vw, 1200px\" \/>\t\t\t\t\t\t\t\t\t\t\t\t\t\t\t<\/div>\n\t\t\t\t<\/div>\n\t\t\t\t\t<\/div>\n\t\t\t\t<\/div>\n\t\t<div class=\"wd-negative-gap elementor-element elementor-element-ac64d3a e-flex e-con-boxed e-con e-parent\" data-id=\"ac64d3a\" data-element_type=\"container\" data-e-type=\"container\">\n\t\t\t\t\t<div class=\"e-con-inner\">\n\t\t\t\t<div class=\"elementor-element elementor-element-dc9b507 elementor-widget elementor-widget-heading\" data-id=\"dc9b507\" data-element_type=\"widget\" data-e-type=\"widget\" data-widget_type=\"heading.default\">\n\t\t\t\t<div class=\"elementor-widget-container\">\n\t\t\t\t\t<h1 class=\"elementor-heading-title elementor-size-default\">Conditions sp\u00e9ciales pour les entreprises clientes<\/h1>\t\t\t\t<\/div>\n\t\t\t\t<\/div>\n\t\t\t\t\t<\/div>\n\t\t\t\t<\/div>\n\t\t<div class=\"wd-negative-gap elementor-element elementor-element-a15a809 e-flex e-con-boxed e-con e-parent\" data-id=\"a15a809\" data-element_type=\"container\" data-e-type=\"container\">\n\t\t\t\t\t<div class=\"e-con-inner\">\n\t\t\t\t<div class=\"elementor-element elementor-element-0220b97 ay_firma color-scheme-inherit text-left elementor-widget elementor-widget-text-editor\" data-id=\"0220b97\" data-element_type=\"widget\" data-e-type=\"widget\" data-widget_type=\"text-editor.default\">\n\t\t\t\t<div class=\"elementor-widget-container\">\n\t\t\t\t\t\t\t\t\t<p>La s\u00e9curit\u00e9 routi\u00e8re commence par une bonne pr\u00e9paration. C&rsquo;est pourquoi nous offrons aux entreprises la possibilit\u00e9 d&rsquo;acheter des cartes de secours pour leurs v\u00e9hicules \u00e0 un prix pr\u00e9f\u00e9rentiel et attractif. <\/p><p><strong><span style=\"color: #000000;\">Seulement 9,50 \u20ac par carte de secours (TVA incluse, au lieu de 12,50 \u20ac en temps normal)<\/span><\/strong><\/p><p>Les cartes de secours contiennent des informations sp\u00e9cifiques au v\u00e9hicule qui permettent un sauvetage rapide et cibl\u00e9 en cas d&rsquo;accident &#8211; une contribution importante \u00e0 la protection de vos collaborateurs et \u00e0 la responsabilit\u00e9 de l&rsquo;entreprise.<\/p><p><span style=\"color: #000000;\"><strong>Cette offre est valable pour :<\/strong><\/span><\/p><ul><li><strong><span style=\"color: #000000;\">Voiture de soci\u00e9t\u00e9<\/span><\/strong><\/li><li><strong><span style=\"color: #000000;\">V\u00e9hicules de service<\/span><\/strong><\/li><li><strong><span style=\"color: #000000;\">V\u00e9hicules personnels des employ\u00e9s<\/span><\/strong><\/li><\/ul><p><span style=\"color: #000000;\"><strong>Proc\u00e9dure \u00e0 suivre<\/strong><\/span>:<br>Veuillez remplir le formulaire ci-dessous avec les informations relatives \u00e0 votre entreprise.<br>Apr\u00e8s examen de votre demande, nous vous enverrons un code promotionnel personnalis\u00e9.<br>Vous pourrez utiliser ce code promotionnel dans le panier d&rsquo;achat de notre boutique en ligne pour activer le prix sp\u00e9cial.<\/p><p><span style=\"color: #000000;\"><strong>Remarques :<\/strong><\/span><br>\u2714 Le code promotionnel est utilisable autant de fois que vous le souhaitez<br>\u2714 Il n&rsquo;y a pas de montant minimum de commande<br>\u2714 Valable pour les commandes de n&rsquo;importe quelle quantit\u00e9 &#8211; jusqu&rsquo;\u00e0 50 cartes directement en ligne, pour des quantit\u00e9s plus importantes, veuillez nous contacter<\/p>\t\t\t\t\t\t\t\t<\/div>\n\t\t\t\t<\/div>\n\t\t\t\t\t<\/div>\n\t\t\t\t<\/div>\n\t\t<div class=\"wd-negative-gap elementor-element elementor-element-fc2b99d e-flex e-con-boxed e-con e-parent\" data-id=\"fc2b99d\" data-element_type=\"container\" data-e-type=\"container\">\n\t\t\t\t\t<div class=\"e-con-inner\">\n\t\t\t\t<div class=\"elementor-element elementor-element-322f4d4 ay-form-1 wd-cf7 elementor-widget elementor-widget-wd_contact_form_7\" data-id=\"322f4d4\" data-element_type=\"widget\" data-e-type=\"widget\" data-widget_type=\"wd_contact_form_7.default\">\n\t\t\t\t<div class=\"elementor-widget-container\">\n\t\t\t\t\t\n<div class=\"wpcf7 no-js\" id=\"wpcf7-f85827-o1\" lang=\"fr-FR\" dir=\"ltr\" data-wpcf7-id=\"85827\">\n<div class=\"screen-reader-response\"><p role=\"status\" aria-live=\"polite\" aria-atomic=\"true\"><\/p> <ul><\/ul><\/div>\n<form action=\"\/fr\/wp-json\/wp\/v2\/pages\/85823#wpcf7-f85827-o1\" method=\"post\" class=\"wpcf7-form init\" aria-label=\"Formulaire de contact\" novalidate=\"novalidate\" data-status=\"init\">\n<fieldset class=\"hidden-fields-container\"><input type=\"hidden\" name=\"_wpcf7\" value=\"85827\" \/><input type=\"hidden\" name=\"_wpcf7_version\" value=\"6.1.5\" \/><input type=\"hidden\" name=\"_wpcf7_locale\" value=\"fr_FR\" \/><input type=\"hidden\" name=\"_wpcf7_unit_tag\" value=\"wpcf7-f85827-o1\" \/><input type=\"hidden\" name=\"_wpcf7_container_post\" value=\"0\" \/><input type=\"hidden\" name=\"_wpcf7_posted_data_hash\" value=\"\" \/>\n<\/fieldset>\n<p><label> Soci\u00e9t\u00e9<br \/>\n<span class=\"wpcf7-form-control-wrap\" data-name=\"firma\"><input size=\"40\" maxlength=\"99\" minlength=\"3\" class=\"wpcf7-form-control wpcf7-text wpcf7-validates-as-required\" aria-required=\"true\" aria-invalid=\"false\" value=\"\" type=\"text\" name=\"firma\" \/><\/span><\/label>\n<\/p>\n<p><label><br \/>\nAdresse<br \/>\n<span class=\"wpcf7-form-control-wrap\" data-name=\"adresse\"><textarea cols=\"40\" rows=\"10\" maxlength=\"2000\" class=\"wpcf7-form-control wpcf7-textarea\" aria-invalid=\"false\" name=\"adresse\"><\/textarea><\/span> <\/label>\n<\/p>\n<p><label> Votre nom<br \/>\n<span class=\"wpcf7-form-control-wrap\" data-name=\"your-name\"><input size=\"40\" maxlength=\"400\" class=\"wpcf7-form-control wpcf7-text wpcf7-validates-as-required\" autocomplete=\"name\" aria-required=\"true\" aria-invalid=\"false\" value=\"\" type=\"text\" name=\"your-name\" \/><\/span> <\/label>\n<\/p>\n<p><label> E-Mail<br \/>\n<span class=\"wpcf7-form-control-wrap\" data-name=\"your-email\"><input size=\"40\" maxlength=\"400\" class=\"wpcf7-form-control wpcf7-email wpcf7-validates-as-required wpcf7-text wpcf7-validates-as-email\" autocomplete=\"email\" aria-required=\"true\" aria-invalid=\"false\" value=\"\" type=\"email\" name=\"your-email\" \/><\/span> <\/label>\n<\/p>\n<p><span class=\"wpcf7-form-control-wrap\" data-name=\"quiz-399\"><label><span class=\"wpcf7-quiz-label\">Qu&#039;est-ce que 2+3 ?<\/span> <input size=\"40\" class=\"wpcf7-form-control wpcf7-quiz\" autocomplete=\"off\" aria-required=\"true\" aria-invalid=\"false\" type=\"text\" name=\"quiz-399\" \/><\/label><input type=\"hidden\" name=\"_wpcf7_quiz_answer_quiz-399\" value=\"1d1b6730cb37c828662eaeebd511d230\" \/><\/span>\n<\/p>\n<p><input class=\"wpcf7-form-control wpcf7-submit has-spinner\" type=\"submit\" value=\"Envoyer\" \/>\n<\/p><div class=\"wpcf7-response-output\" aria-hidden=\"true\"><\/div>\n<\/form>\n<\/div>\n\t\t\t\t<\/div>\n\t\t\t\t<\/div>\n\t\t\t\t\t<\/div>\n\t\t\t\t<\/div>\n\t\t\t\t<\/div>\n\t\t","protected":false},"excerpt":{"rendered":"<p>Conditions sp\u00e9ciales pour les entreprises clientes La s\u00e9curit\u00e9 routi\u00e8re commence par une bonne pr\u00e9paration. C&rsquo;est pourquoi nous offrons aux entreprises<\/p>\n","protected":false},"author":1,"featured_media":0,"parent":0,"menu_order":0,"comment_status":"closed","ping_status":"closed","template":"","meta":{"footnotes":""},"class_list":["post-85823","page","type-page","status-publish","hentry"],"yoast_head":"<!-- This site is optimized with the Yoast SEO plugin v27.2 - https:\/\/yoast.com\/product\/yoast-seo-wordpress\/ -->\n<title>Offre pour les entreprises - Digitale Rettungskarte per QR Code - Wenn es um Sekunden geht<\/title>\n<meta name=\"description\" content=\"En reconnaissance de votre engagement sans faille, nous offrons aux services de secours la possibilit\u00e9 d&#039;acheter des cartes de secours \u00e0 un prix consid\u00e9rablement r\u00e9duit. Cette offre s&#039;applique aussi bien aux v\u00e9hicules de service qu&#039;aux v\u00e9hicules personnels des \u00e9quipes d&#039;intervention.\" \/>\n<meta name=\"robots\" content=\"index, follow, max-snippet:-1, max-image-preview:large, max-video-preview:-1\" \/>\n<link rel=\"canonical\" href=\"https:\/\/rescuesheet.net\/fr\/offre-pour-les-entreprises\/\" \/>\n<meta property=\"og:locale\" content=\"fr_FR\" \/>\n<meta property=\"og:type\" content=\"article\" \/>\n<meta property=\"og:title\" content=\"Offre pour les entreprises - Digitale Rettungskarte per QR Code - Wenn es um Sekunden geht\" \/>\n<meta property=\"og:description\" content=\"En reconnaissance de votre engagement sans faille, nous offrons aux services de secours la possibilit\u00e9 d&#039;acheter des cartes de secours \u00e0 un prix consid\u00e9rablement r\u00e9duit. Cette offre s&#039;applique aussi bien aux v\u00e9hicules de service qu&#039;aux v\u00e9hicules personnels des \u00e9quipes d&#039;intervention.\" \/>\n<meta property=\"og:url\" content=\"https:\/\/rescuesheet.net\/fr\/offre-pour-les-entreprises\/\" \/>\n<meta property=\"og:site_name\" content=\"Digitale Rettungskarte per QR Code - Wenn es um Sekunden geht\" \/>\n<meta property=\"article:modified_time\" content=\"2025-04-20T11:54:00+00:00\" \/>\n<meta name=\"twitter:card\" content=\"summary_large_image\" \/>\n<meta name=\"twitter:label1\" content=\"Dur\u00e9e de lecture estim\u00e9e\" \/>\n\t<meta name=\"twitter:data1\" content=\"1 minute\" \/>\n<script type=\"application\/ld+json\" class=\"yoast-schema-graph\">{\"@context\":\"https:\/\/schema.org\",\"@graph\":[{\"@type\":\"WebPage\",\"@id\":\"https:\/\/rescuesheet.net\/fr\/offre-pour-les-entreprises\/\",\"url\":\"https:\/\/rescuesheet.net\/fr\/offre-pour-les-entreprises\/\",\"name\":\"Offre pour les entreprises - Digitale Rettungskarte per QR Code - Wenn es um Sekunden geht\",\"isPartOf\":{\"@id\":\"https:\/\/rescuesheet.net\/fr\/#website\"},\"datePublished\":\"2025-04-19T11:23:28+00:00\",\"dateModified\":\"2025-04-20T11:54:00+00:00\",\"description\":\"En reconnaissance de votre engagement sans faille, nous offrons aux services de secours la possibilit\u00e9 d'acheter des cartes de secours \u00e0 un prix consid\u00e9rablement r\u00e9duit. Cette offre s'applique aussi bien aux v\u00e9hicules de service qu'aux v\u00e9hicules personnels des \u00e9quipes d'intervention.\",\"breadcrumb\":{\"@id\":\"https:\/\/rescuesheet.net\/fr\/offre-pour-les-entreprises\/#breadcrumb\"},\"inLanguage\":\"fr-FR\",\"potentialAction\":[{\"@type\":\"ReadAction\",\"target\":[\"https:\/\/rescuesheet.net\/fr\/offre-pour-les-entreprises\/\"]}]},{\"@type\":\"BreadcrumbList\",\"@id\":\"https:\/\/rescuesheet.net\/fr\/offre-pour-les-entreprises\/#breadcrumb\",\"itemListElement\":[{\"@type\":\"ListItem\",\"position\":1,\"name\":\"Startseite\",\"item\":\"https:\/\/rescuesheet.net\/fr\/home\/\"},{\"@type\":\"ListItem\",\"position\":2,\"name\":\"Offre pour les entreprises\"}]},{\"@type\":\"WebSite\",\"@id\":\"https:\/\/rescuesheet.net\/fr\/#website\",\"url\":\"https:\/\/rescuesheet.net\/fr\/\",\"name\":\"Digitale Rettungskarte per QR Code - Wenn es um Sekunden geht\",\"description\":\"Setzen Sie Ihren QR-Code in Ihrem Fahrzeug ein, um im Notfall rasch und effizient Hilfe zu erhalten.\",\"publisher\":{\"@id\":\"https:\/\/rescuesheet.net\/fr\/#organization\"},\"potentialAction\":[{\"@type\":\"SearchAction\",\"target\":{\"@type\":\"EntryPoint\",\"urlTemplate\":\"https:\/\/rescuesheet.net\/fr\/?s={search_term_string}\"},\"query-input\":{\"@type\":\"PropertyValueSpecification\",\"valueRequired\":true,\"valueName\":\"search_term_string\"}}],\"inLanguage\":\"fr-FR\"},{\"@type\":\"Organization\",\"@id\":\"https:\/\/rescuesheet.net\/fr\/#organization\",\"name\":\"Ogbon GmbH\",\"url\":\"https:\/\/rescuesheet.net\/fr\/\",\"logo\":{\"@type\":\"ImageObject\",\"inLanguage\":\"fr-FR\",\"@id\":\"https:\/\/rescuesheet.net\/fr\/#\/schema\/logo\/image\/\",\"url\":\"https:\/\/shop.rescuesheet.net\/wp-content\/uploads\/logos\/logo_ogbon.png\",\"contentUrl\":\"https:\/\/shop.rescuesheet.net\/wp-content\/uploads\/logos\/logo_ogbon.png\",\"width\":974,\"height\":423,\"caption\":\"Ogbon GmbH\"},\"image\":{\"@id\":\"https:\/\/rescuesheet.net\/fr\/#\/schema\/logo\/image\/\"}}]}<\/script>\n<!-- \/ Yoast SEO plugin. -->","yoast_head_json":{"title":"Offre pour les entreprises - Digitale Rettungskarte per QR Code - Wenn es um Sekunden geht","description":"En reconnaissance de votre engagement sans faille, nous offrons aux services de secours la possibilit\u00e9 d'acheter des cartes de secours \u00e0 un prix consid\u00e9rablement r\u00e9duit. Cette offre s'applique aussi bien aux v\u00e9hicules de service qu'aux v\u00e9hicules personnels des \u00e9quipes d'intervention.","robots":{"index":"index","follow":"follow","max-snippet":"max-snippet:-1","max-image-preview":"max-image-preview:large","max-video-preview":"max-video-preview:-1"},"canonical":"https:\/\/rescuesheet.net\/fr\/offre-pour-les-entreprises\/","og_locale":"fr_FR","og_type":"article","og_title":"Offre pour les entreprises - Digitale Rettungskarte per QR Code - Wenn es um Sekunden geht","og_description":"En reconnaissance de votre engagement sans faille, nous offrons aux services de secours la possibilit\u00e9 d'acheter des cartes de secours \u00e0 un prix consid\u00e9rablement r\u00e9duit. Cette offre s'applique aussi bien aux v\u00e9hicules de service qu'aux v\u00e9hicules personnels des \u00e9quipes d'intervention.","og_url":"https:\/\/rescuesheet.net\/fr\/offre-pour-les-entreprises\/","og_site_name":"Digitale Rettungskarte per QR Code - Wenn es um Sekunden geht","article_modified_time":"2025-04-20T11:54:00+00:00","twitter_card":"summary_large_image","twitter_misc":{"Dur\u00e9e de lecture estim\u00e9e":"1 minute"},"schema":{"@context":"https:\/\/schema.org","@graph":[{"@type":"WebPage","@id":"https:\/\/rescuesheet.net\/fr\/offre-pour-les-entreprises\/","url":"https:\/\/rescuesheet.net\/fr\/offre-pour-les-entreprises\/","name":"Offre pour les entreprises - Digitale Rettungskarte per QR Code - Wenn es um Sekunden geht","isPartOf":{"@id":"https:\/\/rescuesheet.net\/fr\/#website"},"datePublished":"2025-04-19T11:23:28+00:00","dateModified":"2025-04-20T11:54:00+00:00","description":"En reconnaissance de votre engagement sans faille, nous offrons aux services de secours la possibilit\u00e9 d'acheter des cartes de secours \u00e0 un prix consid\u00e9rablement r\u00e9duit. Cette offre s'applique aussi bien aux v\u00e9hicules de service qu'aux v\u00e9hicules personnels des \u00e9quipes d'intervention.","breadcrumb":{"@id":"https:\/\/rescuesheet.net\/fr\/offre-pour-les-entreprises\/#breadcrumb"},"inLanguage":"fr-FR","potentialAction":[{"@type":"ReadAction","target":["https:\/\/rescuesheet.net\/fr\/offre-pour-les-entreprises\/"]}]},{"@type":"BreadcrumbList","@id":"https:\/\/rescuesheet.net\/fr\/offre-pour-les-entreprises\/#breadcrumb","itemListElement":[{"@type":"ListItem","position":1,"name":"Startseite","item":"https:\/\/rescuesheet.net\/fr\/home\/"},{"@type":"ListItem","position":2,"name":"Offre pour les entreprises"}]},{"@type":"WebSite","@id":"https:\/\/rescuesheet.net\/fr\/#website","url":"https:\/\/rescuesheet.net\/fr\/","name":"Digitale Rettungskarte per QR Code - Wenn es um Sekunden geht","description":"Setzen Sie Ihren QR-Code in Ihrem Fahrzeug ein, um im Notfall rasch und effizient Hilfe zu erhalten.","publisher":{"@id":"https:\/\/rescuesheet.net\/fr\/#organization"},"potentialAction":[{"@type":"SearchAction","target":{"@type":"EntryPoint","urlTemplate":"https:\/\/rescuesheet.net\/fr\/?s={search_term_string}"},"query-input":{"@type":"PropertyValueSpecification","valueRequired":true,"valueName":"search_term_string"}}],"inLanguage":"fr-FR"},{"@type":"Organization","@id":"https:\/\/rescuesheet.net\/fr\/#organization","name":"Ogbon GmbH","url":"https:\/\/rescuesheet.net\/fr\/","logo":{"@type":"ImageObject","inLanguage":"fr-FR","@id":"https:\/\/rescuesheet.net\/fr\/#\/schema\/logo\/image\/","url":"https:\/\/shop.rescuesheet.net\/wp-content\/uploads\/logos\/logo_ogbon.png","contentUrl":"https:\/\/shop.rescuesheet.net\/wp-content\/uploads\/logos\/logo_ogbon.png","width":974,"height":423,"caption":"Ogbon GmbH"},"image":{"@id":"https:\/\/rescuesheet.net\/fr\/#\/schema\/logo\/image\/"}}]}},"jetpack_sharing_enabled":true,"_links":{"self":[{"href":"https:\/\/rescuesheet.net\/fr\/wp-json\/wp\/v2\/pages\/85823","targetHints":{"allow":["GET"]}}],"collection":[{"href":"https:\/\/rescuesheet.net\/fr\/wp-json\/wp\/v2\/pages"}],"about":[{"href":"https:\/\/rescuesheet.net\/fr\/wp-json\/wp\/v2\/types\/page"}],"author":[{"embeddable":true,"href":"https:\/\/rescuesheet.net\/fr\/wp-json\/wp\/v2\/users\/1"}],"replies":[{"embeddable":true,"href":"https:\/\/rescuesheet.net\/fr\/wp-json\/wp\/v2\/comments?post=85823"}],"version-history":[{"count":0,"href":"https:\/\/rescuesheet.net\/fr\/wp-json\/wp\/v2\/pages\/85823\/revisions"}],"wp:attachment":[{"href":"https:\/\/rescuesheet.net\/fr\/wp-json\/wp\/v2\/media?parent=85823"}],"curies":[{"name":"wp","href":"https:\/\/api.w.org\/{rel}","templated":true}]}}