{"id":85815,"date":"2025-04-18T18:46:37","date_gmt":"2025-04-18T16:46:37","guid":{"rendered":"https:\/\/rescuesheet.net\/angebot-fuer-rettungsdienste\/"},"modified":"2025-08-20T13:35:48","modified_gmt":"2025-08-20T11:35:48","slug":"angebot-fuer-rettungsdienste","status":"publish","type":"page","link":"https:\/\/rescuesheet.net\/fr\/angebot-fuer-rettungsdienste\/","title":{"rendered":"Offre pour les services de secours"},"content":{"rendered":"\t\t<div data-elementor-type=\"wp-page\" data-elementor-id=\"85815\" class=\"elementor elementor-85815 elementor-85785\" data-elementor-post-type=\"page\">\n\t\t\t\t<div class=\"wd-negative-gap elementor-element elementor-element-aaabccf e-flex e-con-boxed e-con e-parent\" data-id=\"aaabccf\" data-element_type=\"container\" data-e-type=\"container\">\n\t\t\t\t\t<div class=\"e-con-inner\">\n\t\t\t\t<div class=\"elementor-element elementor-element-e73e255 elementor-widget elementor-widget-theme-post-featured-image elementor-widget-image\" data-id=\"e73e255\" data-element_type=\"widget\" data-e-type=\"widget\" data-widget_type=\"theme-post-featured-image.default\">\n\t\t\t\t<div class=\"elementor-widget-container\">\n\t\t\t\t\t\t\t\t\t\t\t\t\t\t\t<img decoding=\"async\" width=\"1200\" height=\"343\" src=\"https:\/\/rescuesheet.net\/wp-content\/uploads\/2025\/04\/fuer_retter-1.jpg\" class=\"attachment-full size-full wp-image-85807\" alt=\"F\u00fcr Retter\" srcset=\"https:\/\/rescuesheet.net\/wp-content\/uploads\/2025\/04\/fuer_retter-1.jpg 1200w, https:\/\/rescuesheet.net\/wp-content\/uploads\/2025\/04\/fuer_retter-1-400x114.jpg 400w, https:\/\/rescuesheet.net\/wp-content\/uploads\/2025\/04\/fuer_retter-1-768x220.jpg 768w, https:\/\/rescuesheet.net\/wp-content\/uploads\/2025\/04\/fuer_retter-1-430x123.jpg 430w, https:\/\/rescuesheet.net\/wp-content\/uploads\/2025\/04\/fuer_retter-1-700x200.jpg 700w, https:\/\/rescuesheet.net\/wp-content\/uploads\/2025\/04\/fuer_retter-1-150x43.jpg 150w, https:\/\/rescuesheet.net\/wp-content\/uploads\/2025\/04\/fuer_retter-1-350x100.jpg 350w\" sizes=\"(max-width: 1200px) 100vw, 1200px\" \/>\t\t\t\t\t\t\t\t\t\t\t\t\t\t\t<\/div>\n\t\t\t\t<\/div>\n\t\t\t\t\t<\/div>\n\t\t\t\t<\/div>\n\t\t<div class=\"wd-negative-gap elementor-element elementor-element-ac64d3a e-flex e-con-boxed e-con e-parent\" data-id=\"ac64d3a\" data-element_type=\"container\" data-e-type=\"container\">\n\t\t\t\t\t<div class=\"e-con-inner\">\n\t\t\t\t<div class=\"elementor-element elementor-element-dc9b507 elementor-widget elementor-widget-heading\" data-id=\"dc9b507\" data-element_type=\"widget\" data-e-type=\"widget\" data-widget_type=\"heading.default\">\n\t\t\t\t<div class=\"elementor-widget-container\">\n\t\t\t\t\t<h1 class=\"elementor-heading-title elementor-size-default\">Offre pour les services de secours<\/h1>\t\t\t\t<\/div>\n\t\t\t\t<\/div>\n\t\t\t\t\t<\/div>\n\t\t\t\t<\/div>\n\t\t<div class=\"wd-negative-gap elementor-element elementor-element-a15a809 e-flex e-con-boxed e-con e-parent\" data-id=\"a15a809\" data-element_type=\"container\" data-e-type=\"container\">\n\t\t\t\t\t<div class=\"e-con-inner\">\n\t\t\t\t<div class=\"elementor-element elementor-element-0220b97 color-scheme-inherit text-left elementor-widget elementor-widget-text-editor\" data-id=\"0220b97\" data-element_type=\"widget\" data-e-type=\"widget\" data-widget_type=\"text-editor.default\">\n\t\t\t\t<div class=\"elementor-widget-container\">\n\t\t\t\t\t\t\t\t\t<p>En reconnaissance de votre engagement sans faille, nous offrons aux services de secours la possibilit\u00e9 d&rsquo;acheter des cartes de secours \u00e0 un prix consid\u00e9rablement r\u00e9duit. Cette offre s&rsquo;applique aussi bien aux <span style=\"color: #000000;\"><strong>les v\u00e9hicules de service<\/strong> <\/span>ainsi qu&rsquo;aux <span style=\"color: #000000;\"><strong>les v\u00e9hicules priv\u00e9s des \u00e9quipes d&rsquo;intervention<\/strong><\/span>. <\/p><p><span style=\"color: #000000;\"><strong>3,00 \u20ac par carte de secours (au lieu de 12,50 \u20ac en temps normal)<\/strong><\/span><\/p><p><span style=\"color: #000000;\"><strong>Proc\u00e9dure \u00e0 suivre :<\/strong><\/span><br>Veuillez remplir int\u00e9gralement le formulaire ci-dessous.<br>Apr\u00e8s v\u00e9rification de vos donn\u00e9es, nous vous enverrons un code de bon d&rsquo;achat personnel.<br>Vous pouvez utiliser ce code de bon d&rsquo;achat dans le panier d&rsquo;achat de notre boutique en ligne pour b\u00e9n\u00e9ficier du prix r\u00e9duit.<\/p><p><span style=\"color: #000000;\"><strong>Remarque :<\/strong><\/span><br>Le code promotionnel est valable une seule fois et peut \u00eatre utilis\u00e9 pour une commande de 12 cartes de secours maximum.<br>Nous vous remercions pour votre pr\u00e9cieux travail et esp\u00e9rons pouvoir vous aider avec cette offre.<\/p>\t\t\t\t\t\t\t\t<\/div>\n\t\t\t\t<\/div>\n\t\t\t\t\t<\/div>\n\t\t\t\t<\/div>\n\t\t<div class=\"wd-negative-gap elementor-element elementor-element-fc2b99d e-flex e-con-boxed e-con e-parent\" data-id=\"fc2b99d\" data-element_type=\"container\" data-e-type=\"container\">\n\t\t\t\t\t<div class=\"e-con-inner\">\n\t\t\t\t<div class=\"elementor-element elementor-element-322f4d4 ay-form-1 wd-cf7 elementor-widget elementor-widget-wd_contact_form_7\" data-id=\"322f4d4\" data-element_type=\"widget\" data-e-type=\"widget\" data-widget_type=\"wd_contact_form_7.default\">\n\t\t\t\t<div class=\"elementor-widget-container\">\n\t\t\t\t\t\n<div class=\"wpcf7 no-js\" id=\"wpcf7-f85819-o1\" lang=\"fr-FR\" dir=\"ltr\" data-wpcf7-id=\"85819\">\n<div class=\"screen-reader-response\"><p role=\"status\" aria-live=\"polite\" aria-atomic=\"true\"><\/p> <ul><\/ul><\/div>\n<form action=\"\/fr\/wp-json\/wp\/v2\/pages\/85815#wpcf7-f85819-o1\" method=\"post\" class=\"wpcf7-form init\" aria-label=\"Formulaire de contact\" novalidate=\"novalidate\" data-status=\"init\">\n<fieldset class=\"hidden-fields-container\"><input type=\"hidden\" name=\"_wpcf7\" value=\"85819\" \/><input type=\"hidden\" name=\"_wpcf7_version\" value=\"6.1.5\" \/><input type=\"hidden\" name=\"_wpcf7_locale\" value=\"fr_FR\" \/><input type=\"hidden\" name=\"_wpcf7_unit_tag\" value=\"wpcf7-f85819-o1\" \/><input type=\"hidden\" name=\"_wpcf7_container_post\" value=\"0\" \/><input type=\"hidden\" name=\"_wpcf7_posted_data_hash\" value=\"\" \/>\n<\/fieldset>\n<p><label> Service de secours<br \/>\n<span class=\"wpcf7-form-control-wrap\" data-name=\"service\"><select class=\"wpcf7-form-control wpcf7-select wpcf7-validates-as-required\" aria-required=\"true\" aria-invalid=\"false\" name=\"service\"><option value=\"Pompiers\">Pompiers<\/option><option value=\"Police\">Police<\/option><option value=\"Protection civile\">Protection civile<\/option><option value=\"M\u00e9decin d&#039;urgence\">M\u00e9decin d&#039;urgence<\/option><option value=\"Ambulances, services sanitaires\">Ambulances, services sanitaires<\/option><option value=\"D\u00e9pannage, remorquage\">D\u00e9pannage, remorquage<\/option><option value=\"Autres services de secours\">Autres services de secours<\/option><\/select><\/span><\/label>\n<\/p>\n<p><label><br \/>\nNom du service de secours<br \/>\n<span class=\"wpcf7-form-control-wrap\" data-name=\"name_dienst\"><input size=\"40\" maxlength=\"333\" minlength=\"3\" class=\"wpcf7-form-control wpcf7-text wpcf7-validates-as-required\" aria-required=\"true\" aria-invalid=\"false\" value=\"\" type=\"text\" name=\"name_dienst\" \/><\/span> <\/label>\n<\/p>\n<p><label> Votre nom<br \/>\n<span class=\"wpcf7-form-control-wrap\" data-name=\"your-name\"><input size=\"40\" maxlength=\"400\" class=\"wpcf7-form-control wpcf7-text wpcf7-validates-as-required\" autocomplete=\"name\" aria-required=\"true\" aria-invalid=\"false\" value=\"\" type=\"text\" name=\"your-name\" \/><\/span> <\/label>\n<\/p>\n<p><label> E-Mail<br \/>\n<span class=\"wpcf7-form-control-wrap\" data-name=\"your-email\"><input size=\"40\" maxlength=\"400\" class=\"wpcf7-form-control wpcf7-email wpcf7-validates-as-required wpcf7-text wpcf7-validates-as-email\" autocomplete=\"email\" aria-required=\"true\" aria-invalid=\"false\" value=\"\" type=\"email\" name=\"your-email\" \/><\/span> <\/label>\n<\/p>\n<p><span class=\"wpcf7-form-control-wrap\" data-name=\"quiz-399\"><label><span class=\"wpcf7-quiz-label\">Qu&#039;est-ce que 4+2 ?<\/span> <input size=\"40\" class=\"wpcf7-form-control wpcf7-quiz\" autocomplete=\"off\" aria-required=\"true\" aria-invalid=\"false\" type=\"text\" name=\"quiz-399\" \/><\/label><input type=\"hidden\" name=\"_wpcf7_quiz_answer_quiz-399\" value=\"96acb362a04bdf8035f2afda487c243f\" \/><\/span>\n<\/p>\n<p><input class=\"wpcf7-form-control wpcf7-submit has-spinner\" type=\"submit\" value=\"Envoyer\" \/>\n<\/p><div class=\"wpcf7-response-output\" aria-hidden=\"true\"><\/div>\n<\/form>\n<\/div>\n\t\t\t\t<\/div>\n\t\t\t\t<\/div>\n\t\t\t\t\t<\/div>\n\t\t\t\t<\/div>\n\t\t\t\t<\/div>\n\t\t","protected":false},"excerpt":{"rendered":"<p>Offre pour les services de secours En reconnaissance de votre engagement sans faille, nous offrons aux services de secours la<\/p>\n","protected":false},"author":1,"featured_media":0,"parent":0,"menu_order":0,"comment_status":"closed","ping_status":"closed","template":"","meta":{"footnotes":""},"class_list":["post-85815","page","type-page","status-publish","hentry"],"yoast_head":"<!-- This site is optimized with the Yoast SEO plugin v27.5 - https:\/\/yoast.com\/product\/yoast-seo-wordpress\/ -->\n<title>Offre pour les services de secours - Digitale Rettungskarte per QR Code - Wenn es um Sekunden geht<\/title>\n<meta name=\"description\" content=\"En reconnaissance de votre engagement sans faille, nous offrons aux services de secours la possibilit\u00e9 d&#039;acheter des cartes de secours \u00e0 un prix consid\u00e9rablement r\u00e9duit. Cette offre s&#039;applique aussi bien aux v\u00e9hicules de service qu&#039;aux v\u00e9hicules personnels des \u00e9quipes d&#039;intervention.\" \/>\n<meta name=\"robots\" content=\"index, follow, max-snippet:-1, max-image-preview:large, max-video-preview:-1\" \/>\n<link rel=\"canonical\" href=\"https:\/\/rescuesheet.net\/fr\/angebot-fuer-rettungsdienste\/\" \/>\n<meta property=\"og:locale\" content=\"fr_FR\" \/>\n<meta property=\"og:type\" content=\"article\" \/>\n<meta property=\"og:title\" content=\"Offre pour les services de secours - Digitale Rettungskarte per QR Code - Wenn es um Sekunden geht\" \/>\n<meta property=\"og:description\" content=\"En reconnaissance de votre engagement sans faille, nous offrons aux services de secours la possibilit\u00e9 d&#039;acheter des cartes de secours \u00e0 un prix consid\u00e9rablement r\u00e9duit. Cette offre s&#039;applique aussi bien aux v\u00e9hicules de service qu&#039;aux v\u00e9hicules personnels des \u00e9quipes d&#039;intervention.\" \/>\n<meta property=\"og:url\" content=\"https:\/\/rescuesheet.net\/fr\/angebot-fuer-rettungsdienste\/\" \/>\n<meta property=\"og:site_name\" content=\"Digitale Rettungskarte per QR Code - Wenn es um Sekunden geht\" \/>\n<meta property=\"article:modified_time\" content=\"2025-08-20T11:35:48+00:00\" \/>\n<meta name=\"twitter:card\" content=\"summary_large_image\" \/>\n<meta name=\"twitter:label1\" content=\"Dur\u00e9e de lecture estim\u00e9e\" \/>\n\t<meta name=\"twitter:data1\" content=\"1 minute\" \/>\n<script type=\"application\/ld+json\" class=\"yoast-schema-graph\">{\"@context\":\"https:\\\/\\\/schema.org\",\"@graph\":[{\"@type\":\"WebPage\",\"@id\":\"https:\\\/\\\/rescuesheet.net\\\/fr\\\/angebot-fuer-rettungsdienste\\\/\",\"url\":\"https:\\\/\\\/rescuesheet.net\\\/fr\\\/angebot-fuer-rettungsdienste\\\/\",\"name\":\"Offre pour les services de secours - Digitale Rettungskarte per QR Code - Wenn es um Sekunden geht\",\"isPartOf\":{\"@id\":\"https:\\\/\\\/rescuesheet.net\\\/fr\\\/#website\"},\"datePublished\":\"2025-04-18T16:46:37+00:00\",\"dateModified\":\"2025-08-20T11:35:48+00:00\",\"description\":\"En reconnaissance de votre engagement sans faille, nous offrons aux services de secours la possibilit\u00e9 d'acheter des cartes de secours \u00e0 un prix consid\u00e9rablement r\u00e9duit. Cette offre s'applique aussi bien aux v\u00e9hicules de service qu'aux v\u00e9hicules personnels des \u00e9quipes d'intervention.\",\"breadcrumb\":{\"@id\":\"https:\\\/\\\/rescuesheet.net\\\/fr\\\/angebot-fuer-rettungsdienste\\\/#breadcrumb\"},\"inLanguage\":\"fr-FR\",\"potentialAction\":[{\"@type\":\"ReadAction\",\"target\":[\"https:\\\/\\\/rescuesheet.net\\\/fr\\\/angebot-fuer-rettungsdienste\\\/\"]}]},{\"@type\":\"BreadcrumbList\",\"@id\":\"https:\\\/\\\/rescuesheet.net\\\/fr\\\/angebot-fuer-rettungsdienste\\\/#breadcrumb\",\"itemListElement\":[{\"@type\":\"ListItem\",\"position\":1,\"name\":\"Startseite\",\"item\":\"https:\\\/\\\/rescuesheet.net\\\/fr\\\/home\\\/\"},{\"@type\":\"ListItem\",\"position\":2,\"name\":\"Offre pour les services de secours\"}]},{\"@type\":\"WebSite\",\"@id\":\"https:\\\/\\\/rescuesheet.net\\\/fr\\\/#website\",\"url\":\"https:\\\/\\\/rescuesheet.net\\\/fr\\\/\",\"name\":\"Digitale Rettungskarte per QR Code - Wenn es um Sekunden geht\",\"description\":\"Setzen Sie Ihren QR-Code in Ihrem Fahrzeug ein, um im Notfall rasch und effizient Hilfe zu erhalten.\",\"publisher\":{\"@id\":\"https:\\\/\\\/rescuesheet.net\\\/fr\\\/#organization\"},\"potentialAction\":[{\"@type\":\"SearchAction\",\"target\":{\"@type\":\"EntryPoint\",\"urlTemplate\":\"https:\\\/\\\/rescuesheet.net\\\/fr\\\/?s={search_term_string}\"},\"query-input\":{\"@type\":\"PropertyValueSpecification\",\"valueRequired\":true,\"valueName\":\"search_term_string\"}}],\"inLanguage\":\"fr-FR\"},{\"@type\":\"Organization\",\"@id\":\"https:\\\/\\\/rescuesheet.net\\\/fr\\\/#organization\",\"name\":\"Ogbon GmbH\",\"url\":\"https:\\\/\\\/rescuesheet.net\\\/fr\\\/\",\"logo\":{\"@type\":\"ImageObject\",\"inLanguage\":\"fr-FR\",\"@id\":\"https:\\\/\\\/rescuesheet.net\\\/fr\\\/#\\\/schema\\\/logo\\\/image\\\/\",\"url\":\"https:\\\/\\\/shop.rescuesheet.net\\\/wp-content\\\/uploads\\\/logos\\\/logo_ogbon.png\",\"contentUrl\":\"https:\\\/\\\/shop.rescuesheet.net\\\/wp-content\\\/uploads\\\/logos\\\/logo_ogbon.png\",\"width\":974,\"height\":423,\"caption\":\"Ogbon GmbH\"},\"image\":{\"@id\":\"https:\\\/\\\/rescuesheet.net\\\/fr\\\/#\\\/schema\\\/logo\\\/image\\\/\"}}]}<\/script>\n<!-- \/ Yoast SEO plugin. -->","yoast_head_json":{"title":"Offre pour les services de secours - Digitale Rettungskarte per QR Code - Wenn es um Sekunden geht","description":"En reconnaissance de votre engagement sans faille, nous offrons aux services de secours la possibilit\u00e9 d'acheter des cartes de secours \u00e0 un prix consid\u00e9rablement r\u00e9duit. Cette offre s'applique aussi bien aux v\u00e9hicules de service qu'aux v\u00e9hicules personnels des \u00e9quipes d'intervention.","robots":{"index":"index","follow":"follow","max-snippet":"max-snippet:-1","max-image-preview":"max-image-preview:large","max-video-preview":"max-video-preview:-1"},"canonical":"https:\/\/rescuesheet.net\/fr\/angebot-fuer-rettungsdienste\/","og_locale":"fr_FR","og_type":"article","og_title":"Offre pour les services de secours - Digitale Rettungskarte per QR Code - Wenn es um Sekunden geht","og_description":"En reconnaissance de votre engagement sans faille, nous offrons aux services de secours la possibilit\u00e9 d'acheter des cartes de secours \u00e0 un prix consid\u00e9rablement r\u00e9duit. Cette offre s'applique aussi bien aux v\u00e9hicules de service qu'aux v\u00e9hicules personnels des \u00e9quipes d'intervention.","og_url":"https:\/\/rescuesheet.net\/fr\/angebot-fuer-rettungsdienste\/","og_site_name":"Digitale Rettungskarte per QR Code - Wenn es um Sekunden geht","article_modified_time":"2025-08-20T11:35:48+00:00","twitter_card":"summary_large_image","twitter_misc":{"Dur\u00e9e de lecture estim\u00e9e":"1 minute"},"schema":{"@context":"https:\/\/schema.org","@graph":[{"@type":"WebPage","@id":"https:\/\/rescuesheet.net\/fr\/angebot-fuer-rettungsdienste\/","url":"https:\/\/rescuesheet.net\/fr\/angebot-fuer-rettungsdienste\/","name":"Offre pour les services de secours - Digitale Rettungskarte per QR Code - Wenn es um Sekunden geht","isPartOf":{"@id":"https:\/\/rescuesheet.net\/fr\/#website"},"datePublished":"2025-04-18T16:46:37+00:00","dateModified":"2025-08-20T11:35:48+00:00","description":"En reconnaissance de votre engagement sans faille, nous offrons aux services de secours la possibilit\u00e9 d'acheter des cartes de secours \u00e0 un prix consid\u00e9rablement r\u00e9duit. Cette offre s'applique aussi bien aux v\u00e9hicules de service qu'aux v\u00e9hicules personnels des \u00e9quipes d'intervention.","breadcrumb":{"@id":"https:\/\/rescuesheet.net\/fr\/angebot-fuer-rettungsdienste\/#breadcrumb"},"inLanguage":"fr-FR","potentialAction":[{"@type":"ReadAction","target":["https:\/\/rescuesheet.net\/fr\/angebot-fuer-rettungsdienste\/"]}]},{"@type":"BreadcrumbList","@id":"https:\/\/rescuesheet.net\/fr\/angebot-fuer-rettungsdienste\/#breadcrumb","itemListElement":[{"@type":"ListItem","position":1,"name":"Startseite","item":"https:\/\/rescuesheet.net\/fr\/home\/"},{"@type":"ListItem","position":2,"name":"Offre pour les services de secours"}]},{"@type":"WebSite","@id":"https:\/\/rescuesheet.net\/fr\/#website","url":"https:\/\/rescuesheet.net\/fr\/","name":"Digitale Rettungskarte per QR Code - Wenn es um Sekunden geht","description":"Setzen Sie Ihren QR-Code in Ihrem Fahrzeug ein, um im Notfall rasch und effizient Hilfe zu erhalten.","publisher":{"@id":"https:\/\/rescuesheet.net\/fr\/#organization"},"potentialAction":[{"@type":"SearchAction","target":{"@type":"EntryPoint","urlTemplate":"https:\/\/rescuesheet.net\/fr\/?s={search_term_string}"},"query-input":{"@type":"PropertyValueSpecification","valueRequired":true,"valueName":"search_term_string"}}],"inLanguage":"fr-FR"},{"@type":"Organization","@id":"https:\/\/rescuesheet.net\/fr\/#organization","name":"Ogbon GmbH","url":"https:\/\/rescuesheet.net\/fr\/","logo":{"@type":"ImageObject","inLanguage":"fr-FR","@id":"https:\/\/rescuesheet.net\/fr\/#\/schema\/logo\/image\/","url":"https:\/\/shop.rescuesheet.net\/wp-content\/uploads\/logos\/logo_ogbon.png","contentUrl":"https:\/\/shop.rescuesheet.net\/wp-content\/uploads\/logos\/logo_ogbon.png","width":974,"height":423,"caption":"Ogbon GmbH"},"image":{"@id":"https:\/\/rescuesheet.net\/fr\/#\/schema\/logo\/image\/"}}]}},"jetpack_sharing_enabled":true,"_links":{"self":[{"href":"https:\/\/rescuesheet.net\/fr\/wp-json\/wp\/v2\/pages\/85815","targetHints":{"allow":["GET"]}}],"collection":[{"href":"https:\/\/rescuesheet.net\/fr\/wp-json\/wp\/v2\/pages"}],"about":[{"href":"https:\/\/rescuesheet.net\/fr\/wp-json\/wp\/v2\/types\/page"}],"author":[{"embeddable":true,"href":"https:\/\/rescuesheet.net\/fr\/wp-json\/wp\/v2\/users\/1"}],"replies":[{"embeddable":true,"href":"https:\/\/rescuesheet.net\/fr\/wp-json\/wp\/v2\/comments?post=85815"}],"version-history":[{"count":0,"href":"https:\/\/rescuesheet.net\/fr\/wp-json\/wp\/v2\/pages\/85815\/revisions"}],"wp:attachment":[{"href":"https:\/\/rescuesheet.net\/fr\/wp-json\/wp\/v2\/media?parent=85815"}],"curies":[{"name":"wp","href":"https:\/\/api.w.org\/{rel}","templated":true}]}}