{"id":37925,"date":"2021-10-12T15:51:09","date_gmt":"2021-10-12T13:51:09","guid":{"rendered":"https:\/\/shop.rescuesheet.net\/a-propos-de-nous\/"},"modified":"2025-08-06T12:35:13","modified_gmt":"2025-08-06T10:35:13","slug":"a-propos-de-nous","status":"publish","type":"page","link":"https:\/\/rescuesheet.net\/fr\/a-propos-de-nous\/","title":{"rendered":"\u00c0 propos de nous"},"content":{"rendered":"\t\t<div data-elementor-type=\"wp-page\" data-elementor-id=\"37925\" class=\"elementor elementor-37925 elementor-4400\" data-elementor-post-type=\"page\">\n\t\t\t\t<div class=\"wd-negative-gap elementor-element elementor-element-1c90c3f wd-section-stretch e-flex e-con-boxed e-con e-parent\" data-id=\"1c90c3f\" data-element_type=\"container\" data-e-type=\"container\" data-settings=\"{&quot;background_background&quot;:&quot;classic&quot;}\">\n\t\t\t\t\t<div class=\"e-con-inner\">\n\t\t\t\t<div class=\"elementor-element elementor-element-9c05225 elementor-widget__width-initial elementor-widget elementor-widget-wd_infobox\" data-id=\"9c05225\" data-element_type=\"widget\" data-e-type=\"widget\" data-widget_type=\"wd_infobox.default\">\n\t\t\t\t<div class=\"elementor-widget-container\">\n\t\t\t\t\t\t\t<div class=\"info-box-wrapper\">\n\t\t\t<div class=\"wd-info-box text-left box-icon-align-top box-style-base color-scheme-\">\n\t\t\t\t\n\t\t\t\t<div class=\"info-box-content\">\n\t\t\t\t\t\n\t\t\t\t\t\t\t\t\t\t\t<h4\t\t\t\t\t\tclass=\"info-box-title title box-title-style-default wd-fontsize-m\" data-elementor-setting-key=\"title\">\n\t\t\t\t\t\t\t\tNotre mission\t\t\t\t\t\t<\/h4>\n\t\t\t\t\t\n\t\t\t\t\t<div class=\"info-box-inner reset-last-child\"data-elementor-setting-key=\"content\"><p>Chez Rescuesheet.net, nous nous engageons passionn\u00e9ment \u00e0 am\u00e9liorer la s\u00e9curit\u00e9 routi\u00e8re et \u00e0 optimiser les mesures permettant de sauver des vies pour les \u00e9quipes de secours.<br \/>Notre mission est de d\u00e9velopper des solutions innovantes dans le domaine des cartes de secours et d'en \u00e9quiper les v\u00e9hicules.<\/p>\n<\/div>\n\n\t\t\t\t\t\t\t\t\t<\/div>\n\n\t\t\t\t\t\t\t<\/div>\n\t\t<\/div>\n\t\t\t\t\t\t<\/div>\n\t\t\t\t<\/div>\n\t\t\t\t<div class=\"elementor-element elementor-element-ec30bde elementor-widget__width-initial elementor-widget elementor-widget-wd_infobox\" data-id=\"ec30bde\" data-element_type=\"widget\" data-e-type=\"widget\" data-widget_type=\"wd_infobox.default\">\n\t\t\t\t<div class=\"elementor-widget-container\">\n\t\t\t\t\t\t\t<div class=\"info-box-wrapper\">\n\t\t\t<div class=\"wd-info-box text-left box-icon-align-top box-style-base color-scheme-\">\n\t\t\t\t\n\t\t\t\t<div class=\"info-box-content\">\n\t\t\t\t\t\n\t\t\t\t\t\t\t\t\t\t\t<h4\t\t\t\t\t\tclass=\"info-box-title title box-title-style-default wd-fontsize-m\" data-elementor-setting-key=\"title\">\n\t\t\t\t\t\t\t\tNos valeurs\t\t\t\t\t\t<\/h4>\n\t\t\t\t\t\n\t\t\t\t\t<div class=\"info-box-inner reset-last-child\"data-elementor-setting-key=\"content\"><p><strong>La s\u00e9curit\u00e9 avant tout:<\/strong> Nous nous concentrons sur l'utilisation de technologies avanc\u00e9es pour maximiser la s\u00e9curit\u00e9 des v\u00e9hicules et des passagers.<\/p>\n<p><strong>L'innovation:<\/strong> Nous nous effor\u00e7ons d'\u00e9quiper les secouristes de solutions de cartes de secours innovantes qui facilitent l'intervention sur les lieux d'un accident.<\/p>\n<p><strong>Partenariat avec l'industrie automobile:<\/strong> Gr\u00e2ce \u00e0 une \u00e9troite collaboration avec les constructeurs automobiles, nous nous engageons \u00e0 faire des cartes de secours une partie int\u00e9grante des nouveaux v\u00e9hicules.<\/p>\n<\/div>\n\n\t\t\t\t\t\t\t\t\t<\/div>\n\n\t\t\t\t\t\t\t<\/div>\n\t\t<\/div>\n\t\t\t\t\t\t<\/div>\n\t\t\t\t<\/div>\n\t\t\t\t\t<\/div>\n\t\t\t\t<\/div>\n\t\t<div class=\"wd-negative-gap elementor-element elementor-element-7c7c544 e-flex e-con-boxed e-con e-parent\" data-id=\"7c7c544\" data-element_type=\"container\" data-e-type=\"container\">\n\t\t\t\t\t<div class=\"e-con-inner\">\n\t\t<div class=\"elementor-element elementor-element-e7cb5cd e-con-full e-flex e-con e-child\" data-id=\"e7cb5cd\" data-element_type=\"container\" data-e-type=\"container\">\n\t\t\t\t<div class=\"elementor-element elementor-element-56aec39 elementor-widget elementor-widget-wd_image_or_svg\" data-id=\"56aec39\" data-element_type=\"widget\" data-e-type=\"widget\" data-widget_type=\"wd_image_or_svg.default\">\n\t\t\t\t<div class=\"elementor-widget-container\">\n\t\t\t\t\t\n\t\t<div class=\"wd-image text-left\">\n\t\t\t\t\t\t\t\t<img decoding=\"async\" width=\"580\" height=\"580\" src=\"https:\/\/rescuesheet.net\/wp-content\/uploads\/beitrag-bilder\/qr-autos.jpg\" class=\"attachment-full size-full\" alt=\"autos\" srcset=\"https:\/\/rescuesheet.net\/wp-content\/uploads\/beitrag-bilder\/qr-autos.jpg 580w, https:\/\/rescuesheet.net\/wp-content\/uploads\/beitrag-bilder\/qr-autos-430x430.jpg 430w, https:\/\/rescuesheet.net\/wp-content\/uploads\/beitrag-bilder\/qr-autos-150x150.jpg 150w, https:\/\/rescuesheet.net\/wp-content\/uploads\/beitrag-bilder\/qr-autos-300x300.jpg 300w\" sizes=\"(max-width: 580px) 100vw, 580px\" \/>\t\t\t\t\t<\/div>\n\n\t\t\t\t\t\t<\/div>\n\t\t\t\t<\/div>\n\t\t\t\t<\/div>\n\t\t<div class=\"elementor-element elementor-element-97d6084 e-con-full e-flex e-con e-child\" data-id=\"97d6084\" data-element_type=\"container\" data-e-type=\"container\">\n\t\t\t\t<div class=\"elementor-element elementor-element-98d830b wd-width-100 elementor-widget elementor-widget-wd_title\" data-id=\"98d830b\" data-element_type=\"widget\" data-e-type=\"widget\" data-widget_type=\"wd_title.default\">\n\t\t\t\t<div class=\"elementor-widget-container\">\n\t\t\t\t\t\t\t<div class=\"title-wrapper wd-set-mb reset-last-child wd-title-color-primary wd-title-style-default wd-title-size-large text-left\">\n\n\t\t\t\t\t\t\t\t\t\t\t<div class=\"title-subtitle subtitle-color-primary subtitle-style-default wd-fontsize-xs\">\n\t\t\t\t\tCe code QR peut sauver des vies\t\t\t\t<\/div>\n\t\t\t\n\t\t\t<div class=\"liner-continer\">\n\t\t\t\t<h4 class=\"woodmart-title-container title wd-fontsize-xxl\">\u00c0 propos de notre boutique en ligne<\/h4> \n\t\t\t\t\t\t\t<\/div>\n\n\t\t\t\t\t<\/div>\n\t\t\t\t\t\t<\/div>\n\t\t\t\t<\/div>\n\t\t\t\t<div class=\"elementor-element elementor-element-66e47ad elementor-widget elementor-widget-wd_text_block\" data-id=\"66e47ad\" data-element_type=\"widget\" data-e-type=\"widget\" data-widget_type=\"wd_text_block.default\">\n\t\t\t\t<div class=\"elementor-widget-container\">\n\t\t\t\t\t\t\t<div class=\"wd-text-block reset-last-child text-left\">\n\t\t\t\n\t\t\t<p>Nous accordons une grande importance \u00e0 la mise \u00e0 disposition des cartes de secours les plus r\u00e9centes pour tous les mod\u00e8les de v\u00e9hicules courants. Vous recevez toujours les cartes de secours les plus r\u00e9centes pour votre v\u00e9hicule - facilement accessibles via le m\u00eame code QR. <\/p><p>Les clients d'entreprise disposant de plusieurs v\u00e9hicules, qu'il s'agisse de voitures de service, de v\u00e9hicules de soci\u00e9t\u00e9 ou de v\u00e9hicules priv\u00e9s de collaborateurs, b\u00e9n\u00e9ficient de conditions sp\u00e9ciales attrayantes en fonction du volume de la commande.<\/p>\n\t\t\t\t\t<\/div>\n\t\t\t\t\t\t<\/div>\n\t\t\t\t<\/div>\n\t\t\t\t<\/div>\n\t\t\t\t\t<\/div>\n\t\t\t\t<\/div>\n\t\t<div class=\"wd-negative-gap elementor-element elementor-element-0aaf669 wd-section-stretch e-flex e-con-boxed e-con e-parent\" data-id=\"0aaf669\" data-element_type=\"container\" data-e-type=\"container\" data-settings=\"{&quot;background_background&quot;:&quot;classic&quot;}\">\n\t\t\t\t\t<div class=\"e-con-inner\">\n\t\t<div class=\"elementor-element elementor-element-49529c7 color-scheme-light e-con-full e-flex e-con e-child\" data-id=\"49529c7\" data-element_type=\"container\" data-e-type=\"container\">\n\t\t\t\t<div class=\"elementor-element elementor-element-95c7bfa wd-width-100 elementor-widget elementor-widget-wd_title\" data-id=\"95c7bfa\" data-element_type=\"widget\" data-e-type=\"widget\" data-widget_type=\"wd_title.default\">\n\t\t\t\t<div class=\"elementor-widget-container\">\n\t\t\t\t\t\t\t<div class=\"title-wrapper wd-set-mb reset-last-child wd-title-color-primary wd-title-style-default wd-title-size-large text-left\">\n\n\t\t\t\n\t\t\t<div class=\"liner-continer\">\n\t\t\t\t<h4 class=\"woodmart-title-container title wd-fontsize-xxl\">Nous \u00e9tudions chaque aspect de la planification<\/h4> \n\t\t\t\t\t\t\t<\/div>\n\n\t\t\t\t\t<\/div>\n\t\t\t\t\t\t<\/div>\n\t\t\t\t<\/div>\n\t\t\t\t<\/div>\n\t\t<div class=\"elementor-element elementor-element-112f98a e-con-full e-flex e-con e-child\" data-id=\"112f98a\" data-element_type=\"container\" data-e-type=\"container\">\n\t\t<div class=\"elementor-element elementor-element-48c7dd1 e-con-full e-flex e-con e-child\" data-id=\"48c7dd1\" data-element_type=\"container\" data-e-type=\"container\">\n\t\t<div class=\"elementor-element elementor-element-54eb2d3 e-con-full e-flex e-con e-child\" data-id=\"54eb2d3\" data-element_type=\"container\" data-e-type=\"container\">\n\t\t\t\t<div class=\"elementor-element elementor-element-14ff076 elementor-widget elementor-widget-wd_counter\" data-id=\"14ff076\" data-element_type=\"widget\" data-e-type=\"widget\" data-widget_type=\"wd_counter.default\">\n\t\t\t\t<div class=\"elementor-widget-container\">\n\t\t\t\t\t\t\t<div class=\"woodmart-counter counter-large text-center color-scheme-light\">\n\t\t\t<div class=\"counter-value\" data-state=\"new\" data-final=\"2019\">\n\t\t\t\t0\t\t\t<\/div>\n\n\t\t\t\t\t\t\t<div class=\"counter-label\">\n\t\t\t\t\tFONDATION\t\t\t\t<\/div>\n\t\t\t\t\t<\/div>\n\t\t\t\t\t\t<\/div>\n\t\t\t\t<\/div>\n\t\t\t\t<\/div>\n\t\t<div class=\"elementor-element elementor-element-668ca24 e-con-full e-flex e-con e-child\" data-id=\"668ca24\" data-element_type=\"container\" data-e-type=\"container\">\n\t\t\t\t<div class=\"elementor-element elementor-element-da35035 elementor-widget elementor-widget-wd_counter\" data-id=\"da35035\" data-element_type=\"widget\" data-e-type=\"widget\" data-widget_type=\"wd_counter.default\">\n\t\t\t\t<div class=\"elementor-widget-container\">\n\t\t\t\t\t\t\t<div class=\"woodmart-counter counter-large text-center color-scheme-light\">\n\t\t\t<div class=\"counter-value\" data-state=\"new\" data-final=\"3651\">\n\t\t\t\t0\t\t\t<\/div>\n\n\t\t\t\t\t\t\t<div class=\"counter-label\">\n\t\t\t\t\tMOD\u00c8LES\t\t\t\t<\/div>\n\t\t\t\t\t<\/div>\n\t\t\t\t\t\t<\/div>\n\t\t\t\t<\/div>\n\t\t\t\t<\/div>\n\t\t\t\t<\/div>\n\t\t<div class=\"elementor-element elementor-element-6b5c35a e-con-full e-flex e-con e-child\" data-id=\"6b5c35a\" data-element_type=\"container\" data-e-type=\"container\">\n\t\t<div class=\"elementor-element elementor-element-214e692 e-con-full e-flex e-con e-child\" data-id=\"214e692\" data-element_type=\"container\" data-e-type=\"container\">\n\t\t\t\t<div class=\"elementor-element elementor-element-168ddab elementor-widget elementor-widget-wd_counter\" data-id=\"168ddab\" data-element_type=\"widget\" data-e-type=\"widget\" data-widget_type=\"wd_counter.default\">\n\t\t\t\t<div class=\"elementor-widget-container\">\n\t\t\t\t\t\t\t<div class=\"woodmart-counter counter-large text-center color-scheme-light\">\n\t\t\t<div class=\"counter-value\" data-state=\"new\" data-final=\"95\">\n\t\t\t\t0\t\t\t<\/div>\n\n\t\t\t\t\t\t\t<div class=\"counter-label\">\n\t\t\t\t\tMARQUES\t\t\t\t<\/div>\n\t\t\t\t\t<\/div>\n\t\t\t\t\t\t<\/div>\n\t\t\t\t<\/div>\n\t\t\t\t<\/div>\n\t\t<div class=\"elementor-element elementor-element-214de82 e-con-full e-flex e-con e-child\" data-id=\"214de82\" data-element_type=\"container\" data-e-type=\"container\">\n\t\t\t\t<div class=\"elementor-element elementor-element-3444280 elementor-widget elementor-widget-wd_counter\" data-id=\"3444280\" data-element_type=\"widget\" data-e-type=\"widget\" data-widget_type=\"wd_counter.default\">\n\t\t\t\t<div class=\"elementor-widget-container\">\n\t\t\t\t\t\t\t<div class=\"woodmart-counter counter-large text-center color-scheme-light\">\n\t\t\t<div class=\"counter-value\" data-state=\"new\" data-final=\"4\">\n\t\t\t\t0\t\t\t<\/div>\n\n\t\t\t\t\t\t\t<div class=\"counter-label\">\n\t\t\t\t\tPORTAILS DE MARCH\u00c9\t\t\t\t<\/div>\n\t\t\t\t\t<\/div>\n\t\t\t\t\t\t<\/div>\n\t\t\t\t<\/div>\n\t\t\t\t<\/div>\n\t\t\t\t<\/div>\n\t\t\t\t<\/div>\n\t\t\t\t\t<\/div>\n\t\t\t\t<\/div>\n\t\t\t\t<\/div>\n\t\t","protected":false},"excerpt":{"rendered":"<p>Notre mission Chez Rescuesheet.net, nous nous engageons passionn\u00e9ment \u00e0 am\u00e9liorer la s\u00e9curit\u00e9 routi\u00e8re et \u00e0 optimiser les mesures permettant de<\/p>\n","protected":false},"author":1,"featured_media":0,"parent":0,"menu_order":0,"comment_status":"closed","ping_status":"closed","template":"","meta":{"footnotes":""},"class_list":["post-37925","page","type-page","status-publish","hentry"],"yoast_head":"<!-- This site is optimized with the Yoast SEO plugin v27.2 - https:\/\/yoast.com\/product\/yoast-seo-wordpress\/ -->\n<title>\u00c0 propos de nous - Digitale Rettungskarte per QR Code - Wenn es um Sekunden geht<\/title>\n<meta name=\"description\" content=\"Ogbon Qui sommes-nous ?\" \/>\n<meta name=\"robots\" content=\"index, follow, max-snippet:-1, max-image-preview:large, max-video-preview:-1\" \/>\n<link rel=\"canonical\" href=\"https:\/\/rescuesheet.net\/fr\/a-propos-de-nous\/\" \/>\n<meta property=\"og:locale\" content=\"fr_FR\" \/>\n<meta property=\"og:type\" content=\"article\" \/>\n<meta property=\"og:title\" content=\"\u00c0 propos de nous - Digitale Rettungskarte per QR Code - Wenn es um Sekunden geht\" \/>\n<meta property=\"og:description\" content=\"Ogbon Qui sommes-nous ?\" \/>\n<meta property=\"og:url\" content=\"https:\/\/rescuesheet.net\/fr\/a-propos-de-nous\/\" \/>\n<meta property=\"og:site_name\" content=\"Digitale Rettungskarte per QR Code - Wenn es um Sekunden geht\" \/>\n<meta property=\"article:modified_time\" content=\"2025-08-06T10:35:13+00:00\" \/>\n<meta property=\"og:image\" content=\"https:\/\/rescuesheet.net\/wp-content\/uploads\/beitrag-bilder\/qr-autos.jpg\" \/>\n<meta name=\"twitter:card\" content=\"summary_large_image\" \/>\n<meta name=\"twitter:label1\" content=\"Dur\u00e9e de lecture estim\u00e9e\" \/>\n\t<meta name=\"twitter:data1\" content=\"2 minutes\" \/>\n<script type=\"application\/ld+json\" class=\"yoast-schema-graph\">{\"@context\":\"https:\/\/schema.org\",\"@graph\":[{\"@type\":\"WebPage\",\"@id\":\"https:\/\/rescuesheet.net\/fr\/a-propos-de-nous\/\",\"url\":\"https:\/\/rescuesheet.net\/fr\/a-propos-de-nous\/\",\"name\":\"\u00c0 propos de nous - Digitale Rettungskarte per QR Code - Wenn es um Sekunden geht\",\"isPartOf\":{\"@id\":\"https:\/\/rescuesheet.net\/fr\/#website\"},\"primaryImageOfPage\":{\"@id\":\"https:\/\/rescuesheet.net\/fr\/a-propos-de-nous\/#primaryimage\"},\"image\":{\"@id\":\"https:\/\/rescuesheet.net\/fr\/a-propos-de-nous\/#primaryimage\"},\"thumbnailUrl\":\"https:\/\/rescuesheet.net\/wp-content\/uploads\/beitrag-bilder\/qr-autos.jpg\",\"datePublished\":\"2021-10-12T13:51:09+00:00\",\"dateModified\":\"2025-08-06T10:35:13+00:00\",\"description\":\"Ogbon Qui sommes-nous ?\",\"breadcrumb\":{\"@id\":\"https:\/\/rescuesheet.net\/fr\/a-propos-de-nous\/#breadcrumb\"},\"inLanguage\":\"fr-FR\",\"potentialAction\":[{\"@type\":\"ReadAction\",\"target\":[\"https:\/\/rescuesheet.net\/fr\/a-propos-de-nous\/\"]}]},{\"@type\":\"ImageObject\",\"inLanguage\":\"fr-FR\",\"@id\":\"https:\/\/rescuesheet.net\/fr\/a-propos-de-nous\/#primaryimage\",\"url\":\"https:\/\/rescuesheet.net\/wp-content\/uploads\/beitrag-bilder\/qr-autos.jpg\",\"contentUrl\":\"https:\/\/rescuesheet.net\/wp-content\/uploads\/beitrag-bilder\/qr-autos.jpg\"},{\"@type\":\"BreadcrumbList\",\"@id\":\"https:\/\/rescuesheet.net\/fr\/a-propos-de-nous\/#breadcrumb\",\"itemListElement\":[{\"@type\":\"ListItem\",\"position\":1,\"name\":\"Startseite\",\"item\":\"https:\/\/rescuesheet.net\/fr\/home\/\"},{\"@type\":\"ListItem\",\"position\":2,\"name\":\"\u00c0 propos de nous\"}]},{\"@type\":\"WebSite\",\"@id\":\"https:\/\/rescuesheet.net\/fr\/#website\",\"url\":\"https:\/\/rescuesheet.net\/fr\/\",\"name\":\"Digitale Rettungskarte per QR Code - Wenn es um Sekunden geht\",\"description\":\"Setzen Sie Ihren QR-Code in Ihrem Fahrzeug ein, um im Notfall rasch und effizient Hilfe zu erhalten.\",\"publisher\":{\"@id\":\"https:\/\/rescuesheet.net\/fr\/#organization\"},\"potentialAction\":[{\"@type\":\"SearchAction\",\"target\":{\"@type\":\"EntryPoint\",\"urlTemplate\":\"https:\/\/rescuesheet.net\/fr\/?s={search_term_string}\"},\"query-input\":{\"@type\":\"PropertyValueSpecification\",\"valueRequired\":true,\"valueName\":\"search_term_string\"}}],\"inLanguage\":\"fr-FR\"},{\"@type\":\"Organization\",\"@id\":\"https:\/\/rescuesheet.net\/fr\/#organization\",\"name\":\"Ogbon GmbH\",\"url\":\"https:\/\/rescuesheet.net\/fr\/\",\"logo\":{\"@type\":\"ImageObject\",\"inLanguage\":\"fr-FR\",\"@id\":\"https:\/\/rescuesheet.net\/fr\/#\/schema\/logo\/image\/\",\"url\":\"https:\/\/shop.rescuesheet.net\/wp-content\/uploads\/logos\/logo_ogbon.png\",\"contentUrl\":\"https:\/\/shop.rescuesheet.net\/wp-content\/uploads\/logos\/logo_ogbon.png\",\"width\":974,\"height\":423,\"caption\":\"Ogbon GmbH\"},\"image\":{\"@id\":\"https:\/\/rescuesheet.net\/fr\/#\/schema\/logo\/image\/\"}}]}<\/script>\n<!-- \/ Yoast SEO plugin. -->","yoast_head_json":{"title":"\u00c0 propos de nous - Digitale Rettungskarte per QR Code - Wenn es um Sekunden geht","description":"Ogbon Qui sommes-nous ?","robots":{"index":"index","follow":"follow","max-snippet":"max-snippet:-1","max-image-preview":"max-image-preview:large","max-video-preview":"max-video-preview:-1"},"canonical":"https:\/\/rescuesheet.net\/fr\/a-propos-de-nous\/","og_locale":"fr_FR","og_type":"article","og_title":"\u00c0 propos de nous - Digitale Rettungskarte per QR Code - Wenn es um Sekunden geht","og_description":"Ogbon Qui sommes-nous ?","og_url":"https:\/\/rescuesheet.net\/fr\/a-propos-de-nous\/","og_site_name":"Digitale Rettungskarte per QR Code - Wenn es um Sekunden geht","article_modified_time":"2025-08-06T10:35:13+00:00","og_image":[{"url":"https:\/\/rescuesheet.net\/wp-content\/uploads\/beitrag-bilder\/qr-autos.jpg","type":"","width":"","height":""}],"twitter_card":"summary_large_image","twitter_misc":{"Dur\u00e9e de lecture estim\u00e9e":"2 minutes"},"schema":{"@context":"https:\/\/schema.org","@graph":[{"@type":"WebPage","@id":"https:\/\/rescuesheet.net\/fr\/a-propos-de-nous\/","url":"https:\/\/rescuesheet.net\/fr\/a-propos-de-nous\/","name":"\u00c0 propos de nous - Digitale Rettungskarte per QR Code - Wenn es um Sekunden geht","isPartOf":{"@id":"https:\/\/rescuesheet.net\/fr\/#website"},"primaryImageOfPage":{"@id":"https:\/\/rescuesheet.net\/fr\/a-propos-de-nous\/#primaryimage"},"image":{"@id":"https:\/\/rescuesheet.net\/fr\/a-propos-de-nous\/#primaryimage"},"thumbnailUrl":"https:\/\/rescuesheet.net\/wp-content\/uploads\/beitrag-bilder\/qr-autos.jpg","datePublished":"2021-10-12T13:51:09+00:00","dateModified":"2025-08-06T10:35:13+00:00","description":"Ogbon Qui sommes-nous ?","breadcrumb":{"@id":"https:\/\/rescuesheet.net\/fr\/a-propos-de-nous\/#breadcrumb"},"inLanguage":"fr-FR","potentialAction":[{"@type":"ReadAction","target":["https:\/\/rescuesheet.net\/fr\/a-propos-de-nous\/"]}]},{"@type":"ImageObject","inLanguage":"fr-FR","@id":"https:\/\/rescuesheet.net\/fr\/a-propos-de-nous\/#primaryimage","url":"https:\/\/rescuesheet.net\/wp-content\/uploads\/beitrag-bilder\/qr-autos.jpg","contentUrl":"https:\/\/rescuesheet.net\/wp-content\/uploads\/beitrag-bilder\/qr-autos.jpg"},{"@type":"BreadcrumbList","@id":"https:\/\/rescuesheet.net\/fr\/a-propos-de-nous\/#breadcrumb","itemListElement":[{"@type":"ListItem","position":1,"name":"Startseite","item":"https:\/\/rescuesheet.net\/fr\/home\/"},{"@type":"ListItem","position":2,"name":"\u00c0 propos de nous"}]},{"@type":"WebSite","@id":"https:\/\/rescuesheet.net\/fr\/#website","url":"https:\/\/rescuesheet.net\/fr\/","name":"Digitale Rettungskarte per QR Code - Wenn es um Sekunden geht","description":"Setzen Sie Ihren QR-Code in Ihrem Fahrzeug ein, um im Notfall rasch und effizient Hilfe zu erhalten.","publisher":{"@id":"https:\/\/rescuesheet.net\/fr\/#organization"},"potentialAction":[{"@type":"SearchAction","target":{"@type":"EntryPoint","urlTemplate":"https:\/\/rescuesheet.net\/fr\/?s={search_term_string}"},"query-input":{"@type":"PropertyValueSpecification","valueRequired":true,"valueName":"search_term_string"}}],"inLanguage":"fr-FR"},{"@type":"Organization","@id":"https:\/\/rescuesheet.net\/fr\/#organization","name":"Ogbon GmbH","url":"https:\/\/rescuesheet.net\/fr\/","logo":{"@type":"ImageObject","inLanguage":"fr-FR","@id":"https:\/\/rescuesheet.net\/fr\/#\/schema\/logo\/image\/","url":"https:\/\/shop.rescuesheet.net\/wp-content\/uploads\/logos\/logo_ogbon.png","contentUrl":"https:\/\/shop.rescuesheet.net\/wp-content\/uploads\/logos\/logo_ogbon.png","width":974,"height":423,"caption":"Ogbon GmbH"},"image":{"@id":"https:\/\/rescuesheet.net\/fr\/#\/schema\/logo\/image\/"}}]}},"jetpack_sharing_enabled":true,"_links":{"self":[{"href":"https:\/\/rescuesheet.net\/fr\/wp-json\/wp\/v2\/pages\/37925","targetHints":{"allow":["GET"]}}],"collection":[{"href":"https:\/\/rescuesheet.net\/fr\/wp-json\/wp\/v2\/pages"}],"about":[{"href":"https:\/\/rescuesheet.net\/fr\/wp-json\/wp\/v2\/types\/page"}],"author":[{"embeddable":true,"href":"https:\/\/rescuesheet.net\/fr\/wp-json\/wp\/v2\/users\/1"}],"replies":[{"embeddable":true,"href":"https:\/\/rescuesheet.net\/fr\/wp-json\/wp\/v2\/comments?post=37925"}],"version-history":[{"count":0,"href":"https:\/\/rescuesheet.net\/fr\/wp-json\/wp\/v2\/pages\/37925\/revisions"}],"wp:attachment":[{"href":"https:\/\/rescuesheet.net\/fr\/wp-json\/wp\/v2\/media?parent=37925"}],"curies":[{"name":"wp","href":"https:\/\/api.w.org\/{rel}","templated":true}]}}