{"id":91517,"date":"2026-04-04T11:29:13","date_gmt":"2026-04-04T09:29:13","guid":{"rendered":"https:\/\/rescuesheet.net\/produkt\/mitsubishi-eclipse-cross-2025\/"},"modified":"2026-04-04T11:29:15","modified_gmt":"2026-04-04T09:29:15","slug":"mitsubishi-eclipse-cross-2025","status":"publish","type":"product","link":"https:\/\/rescuesheet.net\/en\/produkt\/mitsubishi-eclipse-cross-2025\/","title":{"rendered":"Mitsubishi Eclipse Cross (>2025)"},"content":{"rendered":"\t\t\t<link rel=\"stylesheet\" id=\"elementor-post-37962-css\" href=\"https:\/\/rescuesheet.net\/wp-content\/uploads\/elementor\/css\/post-37962.css?ver=1775235093\" type=\"text\/css\" media=\"all\">\n\t\t\t\t\t<div data-elementor-type=\"wp-post\" data-elementor-id=\"37962\" class=\"elementor elementor-37962 elementor-16883\" data-elementor-post-type=\"cms_block\">\n\t\t\t\t<div class=\"wd-negative-gap elementor-element elementor-element-4b566da e-flex e-con-boxed e-con e-parent\" data-id=\"4b566da\" data-element_type=\"container\" data-e-type=\"container\">\n\t\t\t\t\t<div class=\"e-con-inner\">\n\t\t\t\t<div class=\"elementor-element elementor-element-73bbd22 elementor-widget elementor-widget-wd_image_or_svg\" data-id=\"73bbd22\" data-element_type=\"widget\" data-e-type=\"widget\" data-widget_type=\"wd_image_or_svg.default\">\n\t\t\t\t<div class=\"elementor-widget-container\">\n\t\t\t\t\t\n\t\t<div class=\"wd-image text-left\">\n\t\t\t\t\t\t\t\t<img decoding=\"async\" width=\"1940\" height=\"600\" src=\"https:\/\/rescuesheet.net\/wp-content\/uploads\/2025\/02\/001.jpg\" class=\"attachment-full size-full\" alt=\"Auto Unfall\" srcset=\"https:\/\/rescuesheet.net\/wp-content\/uploads\/2025\/02\/001.jpg 1940w, https:\/\/rescuesheet.net\/wp-content\/uploads\/2025\/02\/001-400x124.jpg 400w, https:\/\/rescuesheet.net\/wp-content\/uploads\/2025\/02\/001-1300x402.jpg 1300w, https:\/\/rescuesheet.net\/wp-content\/uploads\/2025\/02\/001-768x238.jpg 768w, https:\/\/rescuesheet.net\/wp-content\/uploads\/2025\/02\/001-1536x475.jpg 1536w, https:\/\/rescuesheet.net\/wp-content\/uploads\/2025\/02\/001-1320x408.jpg 1320w, https:\/\/rescuesheet.net\/wp-content\/uploads\/2025\/02\/001-430x133.jpg 430w, https:\/\/rescuesheet.net\/wp-content\/uploads\/2025\/02\/001-700x216.jpg 700w, https:\/\/rescuesheet.net\/wp-content\/uploads\/2025\/02\/001-150x46.jpg 150w\" sizes=\"(max-width: 1940px) 100vw, 1940px\" \/>\t\t\t\t\t<\/div>\n\n\t\t\t\t\t\t<\/div>\n\t\t\t\t<\/div>\n\t\t\t\t<div class=\"elementor-element elementor-element-257bb09 elementor-widget elementor-widget-wd_image_or_svg\" data-id=\"257bb09\" data-element_type=\"widget\" data-e-type=\"widget\" data-widget_type=\"wd_image_or_svg.default\">\n\t\t\t\t<div class=\"elementor-widget-container\">\n\t\t\t\t\t\n\t\t<div class=\"wd-image text-left\">\n\t\t\t\t\t\t\t\t<img decoding=\"async\" width=\"1940\" height=\"600\" src=\"https:\/\/rescuesheet.net\/wp-content\/uploads\/2025\/02\/003.jpg\" class=\"attachment-full size-full\" alt=\"Feuerwehr\" srcset=\"https:\/\/rescuesheet.net\/wp-content\/uploads\/2025\/02\/003.jpg 1940w, https:\/\/rescuesheet.net\/wp-content\/uploads\/2025\/02\/003-400x124.jpg 400w, https:\/\/rescuesheet.net\/wp-content\/uploads\/2025\/02\/003-1300x402.jpg 1300w, https:\/\/rescuesheet.net\/wp-content\/uploads\/2025\/02\/003-768x238.jpg 768w, https:\/\/rescuesheet.net\/wp-content\/uploads\/2025\/02\/003-1536x475.jpg 1536w, https:\/\/rescuesheet.net\/wp-content\/uploads\/2025\/02\/003-1320x408.jpg 1320w, https:\/\/rescuesheet.net\/wp-content\/uploads\/2025\/02\/003-430x133.jpg 430w, https:\/\/rescuesheet.net\/wp-content\/uploads\/2025\/02\/003-700x216.jpg 700w, https:\/\/rescuesheet.net\/wp-content\/uploads\/2025\/02\/003-150x46.jpg 150w\" sizes=\"(max-width: 1940px) 100vw, 1940px\" \/>\t\t\t\t\t<\/div>\n\n\t\t\t\t\t\t<\/div>\n\t\t\t\t<\/div>\n\t\t\t\t\t<\/div>\n\t\t\t\t<\/div>\n\t\t<div class=\"elementor-element elementor-element-d9f5a73 e-grid e-con-full e-con e-parent\" data-id=\"d9f5a73\" data-element_type=\"container\" data-e-type=\"container\">\n\t\t\t\t<div class=\"elementor-element elementor-element-54d0e89 elementor-widget__width-inherit elementor-position-top elementor-widget elementor-widget-image-box\" data-id=\"54d0e89\" data-element_type=\"widget\" data-e-type=\"widget\" data-widget_type=\"image-box.default\">\n\t\t\t\t<div class=\"elementor-widget-container\">\n\t\t\t\t\t<div class=\"elementor-image-box-wrapper\"><figure class=\"elementor-image-box-img\"><img decoding=\"async\" width=\"1000\" height=\"1000\" src=\"https:\/\/rescuesheet.net\/wp-content\/uploads\/beitrag-bilder\/002_a.jpg\" class=\"attachment-full size-full wp-image-16929\" alt=\"Feuerwehr\" srcset=\"https:\/\/rescuesheet.net\/wp-content\/uploads\/beitrag-bilder\/002_a.jpg 1000w, https:\/\/rescuesheet.net\/wp-content\/uploads\/beitrag-bilder\/002_a-300x300.jpg 300w, https:\/\/rescuesheet.net\/wp-content\/uploads\/beitrag-bilder\/002_a-800x800.jpg 800w, https:\/\/rescuesheet.net\/wp-content\/uploads\/beitrag-bilder\/002_a-150x150.jpg 150w, https:\/\/rescuesheet.net\/wp-content\/uploads\/beitrag-bilder\/002_a-768x768.jpg 768w, https:\/\/rescuesheet.net\/wp-content\/uploads\/beitrag-bilder\/002_a-430x430.jpg 430w, https:\/\/rescuesheet.net\/wp-content\/uploads\/beitrag-bilder\/002_a-700x700.jpg 700w\" sizes=\"(max-width: 1000px) 100vw, 1000px\" \/><\/figure><div class=\"elementor-image-box-content\"><h3 class=\"elementor-image-box-title\">More than 3700 vehicle models from 95 brands<\/h3><\/div><\/div>\t\t\t\t<\/div>\n\t\t\t\t<\/div>\n\t\t\t\t<div class=\"elementor-element elementor-element-6c4d9b8 elementor-widget__width-inherit elementor-position-top elementor-widget elementor-widget-image-box\" data-id=\"6c4d9b8\" data-element_type=\"widget\" data-e-type=\"widget\" data-widget_type=\"image-box.default\">\n\t\t\t\t<div class=\"elementor-widget-container\">\n\t\t\t\t\t<div class=\"elementor-image-box-wrapper\"><figure class=\"elementor-image-box-img\"><img decoding=\"async\" width=\"1000\" height=\"1000\" src=\"https:\/\/rescuesheet.net\/wp-content\/uploads\/beitrag-bilder\/002_b.jpg\" class=\"attachment-full size-full wp-image-16938\" alt=\"Rettung\" srcset=\"https:\/\/rescuesheet.net\/wp-content\/uploads\/beitrag-bilder\/002_b.jpg 1000w, https:\/\/rescuesheet.net\/wp-content\/uploads\/beitrag-bilder\/002_b-300x300.jpg 300w, https:\/\/rescuesheet.net\/wp-content\/uploads\/beitrag-bilder\/002_b-800x800.jpg 800w, https:\/\/rescuesheet.net\/wp-content\/uploads\/beitrag-bilder\/002_b-150x150.jpg 150w, https:\/\/rescuesheet.net\/wp-content\/uploads\/beitrag-bilder\/002_b-768x768.jpg 768w, https:\/\/rescuesheet.net\/wp-content\/uploads\/beitrag-bilder\/002_b-430x430.jpg 430w, https:\/\/rescuesheet.net\/wp-content\/uploads\/beitrag-bilder\/002_b-700x700.jpg 700w\" sizes=\"(max-width: 1000px) 100vw, 1000px\" \/><\/figure><div class=\"elementor-image-box-content\"><h3 class=\"elementor-image-box-title\">The right rescue card in seconds<\/h3><\/div><\/div>\t\t\t\t<\/div>\n\t\t\t\t<\/div>\n\t\t\t\t<div class=\"elementor-element elementor-element-44f95a9 elementor-widget__width-inherit elementor-position-top elementor-widget elementor-widget-image-box\" data-id=\"44f95a9\" data-element_type=\"widget\" data-e-type=\"widget\" data-widget_type=\"image-box.default\">\n\t\t\t\t<div class=\"elementor-widget-container\">\n\t\t\t\t\t<div class=\"elementor-image-box-wrapper\"><figure class=\"elementor-image-box-img\"><img decoding=\"async\" width=\"1000\" height=\"1000\" src=\"https:\/\/rescuesheet.net\/wp-content\/uploads\/beitrag-bilder\/002_c.jpg\" class=\"attachment-full size-full wp-image-16945\" alt=\"Sprachen\" srcset=\"https:\/\/rescuesheet.net\/wp-content\/uploads\/beitrag-bilder\/002_c.jpg 1000w, https:\/\/rescuesheet.net\/wp-content\/uploads\/beitrag-bilder\/002_c-300x300.jpg 300w, https:\/\/rescuesheet.net\/wp-content\/uploads\/beitrag-bilder\/002_c-800x800.jpg 800w, https:\/\/rescuesheet.net\/wp-content\/uploads\/beitrag-bilder\/002_c-150x150.jpg 150w, https:\/\/rescuesheet.net\/wp-content\/uploads\/beitrag-bilder\/002_c-768x768.jpg 768w, https:\/\/rescuesheet.net\/wp-content\/uploads\/beitrag-bilder\/002_c-430x430.jpg 430w, https:\/\/rescuesheet.net\/wp-content\/uploads\/beitrag-bilder\/002_c-700x700.jpg 700w\" sizes=\"(max-width: 1000px) 100vw, 1000px\" \/><\/figure><div class=\"elementor-image-box-content\"><h3 class=\"elementor-image-box-title\">Multilingual rescue cards with the same QR code<\/h3><\/div><\/div>\t\t\t\t<\/div>\n\t\t\t\t<\/div>\n\t\t\t\t<\/div>\n\t\t<div class=\"wd-negative-gap elementor-element elementor-element-c2ac555 e-flex e-con-boxed e-con e-parent\" data-id=\"c2ac555\" data-element_type=\"container\" data-e-type=\"container\">\n\t\t\t\t\t<div class=\"e-con-inner\">\n\t\t\t\t\t<\/div>\n\t\t\t\t<\/div>\n\t\t\t\t<\/div>\n\t\t\n<p>    <b>Wenn jede Sekunde z\u00e4hlt!<\/b><br \/>\nEine Rettungskarte stellt ein wichtiges Instrument dar, um bei einem Verkehrsunfall Menschen effizient aus ihrem Fahrzeug zu bergen. Auf dieser Karte sind entscheidende Bauteile des jeweiligen Fahrzeugs aufgef\u00fchrt, darunter Airbags, Gurtstraffer, Batterie, Kraftstofftank sowie Verst\u00e4rkungen der Karosserie. Unser QR-Code kann mit jedem Smartphone gescannt werden. Es wird eine fahrzeugbezogene Rettungskarten angezeigt. Diese unterst\u00fctzt die Feuerwehr bei lebenswichtigen Bergungsschritten. Sie hilft, schnell und sicher die optimalen Angriffspunkte f\u00fcr Rettungsger\u00e4te wie Spreizer und Rettungsschere zu finden.<\/p>\n<p><b>Mehrsprachig<\/b><br \/>\nMehrsprachige Rettungskarten mit demselben QR-Code. Die Karte wird automatisch in der vom Benutzer gew\u00fcnschten Sprache angezeigt. Ideal f\u00fcr Reisen.<\/p>\n<p><b>Unsere Datenbank<\/b><br \/>\nDie angebotenen Rettungskarten werden kontinuierlich aktualisiert und erweitert. Sollten Sie hier keinen passenden QR-Code finden, k\u00f6nnen Sie uns einfach Ihre Fahrzeug-Identifikationsnummer (FIN\/VIN) senden. Wir k\u00fcmmern uns um den Rest und schicken Ihnen die passende digitale Rettungskarte zu.<\/p>\n<p><b>Lieferumfang<\/b><br \/>\n1\u00d7 Rettungskarte mit QR-Code in robuster, selbstklebender Kartenh\u00fclle<br \/>\n2\u00d7 wasser- und \u00f6lfeste Aufkleber mit QR-Code f\u00fcr die B-S\u00e4ule und den Tankdeckel<\/p>\n<p><b>Unterst\u00fctzen Sie unsere Rettungskr\u00e4fte dabei, Ihnen zu helfen.<\/b><\/p>\n","protected":false},"excerpt":{"rendered":"<p>Rettungskarte per QR-Code \/ Aufkleber \/ Auto Windschutzscheibe \/ Kartenh\u00fclle selbstklebend \/ Rescue Card Sheets<\/p>\n","protected":false},"featured_media":25604,"comment_status":"open","ping_status":"closed","template":"","meta":{"jetpack_publicize_message":"","jetpack_publicize_feature_enabled":true,"jetpack_social_post_already_shared":true,"jetpack_social_options":{"image_generator_settings":{"template":"highway","default_image_id":0,"font":"","enabled":false},"version":2}},"product_brand":[],"product_cat":[133],"product_tag":[168,169,751,171,172,173,174,175,176,177,178],"class_list":{"0":"post-91517","1":"product","2":"type-product","3":"status-publish","4":"has-post-thumbnail","6":"product_cat-mitsubishi","7":"product_tag-aufkleber","8":"product_tag-auto","9":"product_tag-digital","10":"product_tag-fahrzeugmodelle","11":"product_tag-kartenhuelle","12":"product_tag-qr-code","13":"product_tag-rescue","14":"product_tag-rettungskarte","15":"product_tag-selbstklebend","16":"product_tag-sheets","17":"product_tag-windschutzscheibe","19":"first","20":"instock","21":"taxable","22":"shipping-taxable","23":"purchasable","24":"product-type-simple"},"yoast_head":"<!-- This site is optimized with the Yoast SEO plugin v27.2 - https:\/\/yoast.com\/product\/yoast-seo-wordpress\/ -->\n<title>Mitsubishi Eclipse Cross (&gt;2025) - Digitale Rettungskarte per QR Code - Wenn es um Sekunden geht<\/title>\n<meta name=\"robots\" content=\"index, follow, max-snippet:-1, max-image-preview:large, max-video-preview:-1\" \/>\n<link rel=\"canonical\" href=\"https:\/\/rescuesheet.net\/en\/produkt\/mitsubishi-eclipse-cross-2025\/\" \/>\n<meta property=\"og:locale\" content=\"en_US\" \/>\n<meta property=\"og:type\" content=\"article\" \/>\n<meta property=\"og:title\" content=\"Mitsubishi Eclipse Cross (&gt;2025) - Digitale Rettungskarte per QR Code - Wenn es um Sekunden geht\" \/>\n<meta property=\"og:description\" content=\"Rettungskarte per QR-Code \/ Aufkleber \/ Auto Windschutzscheibe \/ Kartenh\u00fclle selbstklebend \/ Rescue Card Sheets\" \/>\n<meta property=\"og:url\" content=\"https:\/\/rescuesheet.net\/en\/produkt\/mitsubishi-eclipse-cross-2025\/\" \/>\n<meta property=\"og:site_name\" content=\"Digitale Rettungskarte per QR Code - Wenn es um Sekunden geht\" \/>\n<meta property=\"article:modified_time\" content=\"2026-04-04T09:29:15+00:00\" \/>\n<meta name=\"twitter:card\" content=\"summary_large_image\" \/>\n<meta name=\"twitter:label1\" content=\"Est. reading time\" \/>\n\t<meta name=\"twitter:data1\" content=\"1 minute\" \/>\n<script type=\"application\/ld+json\" class=\"yoast-schema-graph\">{\"@context\":\"https:\/\/schema.org\",\"@graph\":[{\"@type\":\"WebPage\",\"@id\":\"https:\/\/rescuesheet.net\/en\/produkt\/mitsubishi-eclipse-cross-2025\/\",\"url\":\"https:\/\/rescuesheet.net\/en\/produkt\/mitsubishi-eclipse-cross-2025\/\",\"name\":\"Mitsubishi Eclipse Cross (>2025) - Digitale Rettungskarte per QR Code - Wenn es um Sekunden geht\",\"isPartOf\":{\"@id\":\"https:\/\/rescuesheet.net\/en\/#website\"},\"primaryImageOfPage\":{\"@id\":\"https:\/\/rescuesheet.net\/en\/produkt\/mitsubishi-eclipse-cross-2025\/#primaryimage\"},\"image\":{\"@id\":\"https:\/\/rescuesheet.net\/en\/produkt\/mitsubishi-eclipse-cross-2025\/#primaryimage\"},\"thumbnailUrl\":\"https:\/\/rescuesheet.net\/wp-content\/uploads\/2025\/02\/Mitsubishi.jpg\",\"datePublished\":\"2026-04-04T09:29:13+00:00\",\"dateModified\":\"2026-04-04T09:29:15+00:00\",\"breadcrumb\":{\"@id\":\"https:\/\/rescuesheet.net\/en\/produkt\/mitsubishi-eclipse-cross-2025\/#breadcrumb\"},\"inLanguage\":\"en-US\",\"potentialAction\":[{\"@type\":\"ReadAction\",\"target\":[\"https:\/\/rescuesheet.net\/en\/produkt\/mitsubishi-eclipse-cross-2025\/\"]}]},{\"@type\":\"ImageObject\",\"inLanguage\":\"en-US\",\"@id\":\"https:\/\/rescuesheet.net\/en\/produkt\/mitsubishi-eclipse-cross-2025\/#primaryimage\",\"url\":\"https:\/\/rescuesheet.net\/wp-content\/uploads\/2025\/02\/Mitsubishi.jpg\",\"contentUrl\":\"https:\/\/rescuesheet.net\/wp-content\/uploads\/2025\/02\/Mitsubishi.jpg\",\"width\":800,\"height\":796},{\"@type\":\"BreadcrumbList\",\"@id\":\"https:\/\/rescuesheet.net\/en\/produkt\/mitsubishi-eclipse-cross-2025\/#breadcrumb\",\"itemListElement\":[{\"@type\":\"ListItem\",\"position\":1,\"name\":\"Startseite\",\"item\":\"https:\/\/rescuesheet.net\/en\/home\/\"},{\"@type\":\"ListItem\",\"position\":2,\"name\":\"Shop\",\"item\":\"https:\/\/rescuesheet.net\/en\/shop\/\"},{\"@type\":\"ListItem\",\"position\":3,\"name\":\"Mitsubishi Eclipse Cross (>2025)\"}]},{\"@type\":\"WebSite\",\"@id\":\"https:\/\/rescuesheet.net\/en\/#website\",\"url\":\"https:\/\/rescuesheet.net\/en\/\",\"name\":\"Digitale Rettungskarte per QR Code - Wenn es um Sekunden geht\",\"description\":\"Setzen Sie Ihren QR-Code in Ihrem Fahrzeug ein, um im Notfall rasch und effizient Hilfe zu erhalten.\",\"publisher\":{\"@id\":\"https:\/\/rescuesheet.net\/en\/#organization\"},\"potentialAction\":[{\"@type\":\"SearchAction\",\"target\":{\"@type\":\"EntryPoint\",\"urlTemplate\":\"https:\/\/rescuesheet.net\/en\/?s={search_term_string}\"},\"query-input\":{\"@type\":\"PropertyValueSpecification\",\"valueRequired\":true,\"valueName\":\"search_term_string\"}}],\"inLanguage\":\"en-US\"},{\"@type\":\"Organization\",\"@id\":\"https:\/\/rescuesheet.net\/en\/#organization\",\"name\":\"Ogbon GmbH\",\"url\":\"https:\/\/rescuesheet.net\/en\/\",\"logo\":{\"@type\":\"ImageObject\",\"inLanguage\":\"en-US\",\"@id\":\"https:\/\/rescuesheet.net\/en\/#\/schema\/logo\/image\/\",\"url\":\"https:\/\/shop.rescuesheet.net\/wp-content\/uploads\/logos\/logo_ogbon.png\",\"contentUrl\":\"https:\/\/shop.rescuesheet.net\/wp-content\/uploads\/logos\/logo_ogbon.png\",\"width\":974,\"height\":423,\"caption\":\"Ogbon GmbH\"},\"image\":{\"@id\":\"https:\/\/rescuesheet.net\/en\/#\/schema\/logo\/image\/\"}}]}<\/script>\n<!-- \/ Yoast SEO plugin. -->","yoast_head_json":{"title":"Mitsubishi Eclipse Cross (>2025) - Digitale Rettungskarte per QR Code - Wenn es um Sekunden geht","robots":{"index":"index","follow":"follow","max-snippet":"max-snippet:-1","max-image-preview":"max-image-preview:large","max-video-preview":"max-video-preview:-1"},"canonical":"https:\/\/rescuesheet.net\/en\/produkt\/mitsubishi-eclipse-cross-2025\/","og_locale":"en_US","og_type":"article","og_title":"Mitsubishi Eclipse Cross (>2025) - Digitale Rettungskarte per QR Code - Wenn es um Sekunden geht","og_description":"Rettungskarte per QR-Code \/ Aufkleber \/ Auto Windschutzscheibe \/ Kartenh\u00fclle selbstklebend \/ Rescue Card Sheets","og_url":"https:\/\/rescuesheet.net\/en\/produkt\/mitsubishi-eclipse-cross-2025\/","og_site_name":"Digitale Rettungskarte per QR Code - Wenn es um Sekunden geht","article_modified_time":"2026-04-04T09:29:15+00:00","twitter_card":"summary_large_image","twitter_misc":{"Est. reading time":"1 minute"},"schema":{"@context":"https:\/\/schema.org","@graph":[{"@type":"WebPage","@id":"https:\/\/rescuesheet.net\/en\/produkt\/mitsubishi-eclipse-cross-2025\/","url":"https:\/\/rescuesheet.net\/en\/produkt\/mitsubishi-eclipse-cross-2025\/","name":"Mitsubishi Eclipse Cross (>2025) - Digitale Rettungskarte per QR Code - Wenn es um Sekunden geht","isPartOf":{"@id":"https:\/\/rescuesheet.net\/en\/#website"},"primaryImageOfPage":{"@id":"https:\/\/rescuesheet.net\/en\/produkt\/mitsubishi-eclipse-cross-2025\/#primaryimage"},"image":{"@id":"https:\/\/rescuesheet.net\/en\/produkt\/mitsubishi-eclipse-cross-2025\/#primaryimage"},"thumbnailUrl":"https:\/\/rescuesheet.net\/wp-content\/uploads\/2025\/02\/Mitsubishi.jpg","datePublished":"2026-04-04T09:29:13+00:00","dateModified":"2026-04-04T09:29:15+00:00","breadcrumb":{"@id":"https:\/\/rescuesheet.net\/en\/produkt\/mitsubishi-eclipse-cross-2025\/#breadcrumb"},"inLanguage":"en-US","potentialAction":[{"@type":"ReadAction","target":["https:\/\/rescuesheet.net\/en\/produkt\/mitsubishi-eclipse-cross-2025\/"]}]},{"@type":"ImageObject","inLanguage":"en-US","@id":"https:\/\/rescuesheet.net\/en\/produkt\/mitsubishi-eclipse-cross-2025\/#primaryimage","url":"https:\/\/rescuesheet.net\/wp-content\/uploads\/2025\/02\/Mitsubishi.jpg","contentUrl":"https:\/\/rescuesheet.net\/wp-content\/uploads\/2025\/02\/Mitsubishi.jpg","width":800,"height":796},{"@type":"BreadcrumbList","@id":"https:\/\/rescuesheet.net\/en\/produkt\/mitsubishi-eclipse-cross-2025\/#breadcrumb","itemListElement":[{"@type":"ListItem","position":1,"name":"Startseite","item":"https:\/\/rescuesheet.net\/en\/home\/"},{"@type":"ListItem","position":2,"name":"Shop","item":"https:\/\/rescuesheet.net\/en\/shop\/"},{"@type":"ListItem","position":3,"name":"Mitsubishi Eclipse Cross (>2025)"}]},{"@type":"WebSite","@id":"https:\/\/rescuesheet.net\/en\/#website","url":"https:\/\/rescuesheet.net\/en\/","name":"Digitale Rettungskarte per QR Code - Wenn es um Sekunden geht","description":"Setzen Sie Ihren QR-Code in Ihrem Fahrzeug ein, um im Notfall rasch und effizient Hilfe zu erhalten.","publisher":{"@id":"https:\/\/rescuesheet.net\/en\/#organization"},"potentialAction":[{"@type":"SearchAction","target":{"@type":"EntryPoint","urlTemplate":"https:\/\/rescuesheet.net\/en\/?s={search_term_string}"},"query-input":{"@type":"PropertyValueSpecification","valueRequired":true,"valueName":"search_term_string"}}],"inLanguage":"en-US"},{"@type":"Organization","@id":"https:\/\/rescuesheet.net\/en\/#organization","name":"Ogbon GmbH","url":"https:\/\/rescuesheet.net\/en\/","logo":{"@type":"ImageObject","inLanguage":"en-US","@id":"https:\/\/rescuesheet.net\/en\/#\/schema\/logo\/image\/","url":"https:\/\/shop.rescuesheet.net\/wp-content\/uploads\/logos\/logo_ogbon.png","contentUrl":"https:\/\/shop.rescuesheet.net\/wp-content\/uploads\/logos\/logo_ogbon.png","width":974,"height":423,"caption":"Ogbon GmbH"},"image":{"@id":"https:\/\/rescuesheet.net\/en\/#\/schema\/logo\/image\/"}}]}},"jetpack_publicize_connections":[],"jetpack_sharing_enabled":true,"_links":{"self":[{"href":"https:\/\/rescuesheet.net\/en\/wp-json\/wp\/v2\/product\/91517","targetHints":{"allow":["GET"]}}],"collection":[{"href":"https:\/\/rescuesheet.net\/en\/wp-json\/wp\/v2\/product"}],"about":[{"href":"https:\/\/rescuesheet.net\/en\/wp-json\/wp\/v2\/types\/product"}],"replies":[{"embeddable":true,"href":"https:\/\/rescuesheet.net\/en\/wp-json\/wp\/v2\/comments?post=91517"}],"version-history":[{"count":0,"href":"https:\/\/rescuesheet.net\/en\/wp-json\/wp\/v2\/product\/91517\/revisions"}],"wp:featuredmedia":[{"embeddable":true,"href":"https:\/\/rescuesheet.net\/en\/wp-json\/wp\/v2\/media\/25604"}],"wp:attachment":[{"href":"https:\/\/rescuesheet.net\/en\/wp-json\/wp\/v2\/media?parent=91517"}],"wp:term":[{"taxonomy":"product_brand","embeddable":true,"href":"https:\/\/rescuesheet.net\/en\/wp-json\/wp\/v2\/product_brand?post=91517"},{"taxonomy":"product_cat","embeddable":true,"href":"https:\/\/rescuesheet.net\/en\/wp-json\/wp\/v2\/product_cat?post=91517"},{"taxonomy":"product_tag","embeddable":true,"href":"https:\/\/rescuesheet.net\/en\/wp-json\/wp\/v2\/product_tag?post=91517"}],"curies":[{"name":"wp","href":"https:\/\/api.w.org\/{rel}","templated":true}]}}