{"id":90168,"date":"2025-11-17T13:57:04","date_gmt":"2025-11-17T12:57:04","guid":{"rendered":"https:\/\/rescuesheet.net\/?post_type=product&#038;p=90168"},"modified":"2025-11-24T09:50:39","modified_gmt":"2025-11-24T08:50:39","slug":"individuell-gestaltete-qr-oder-barcode-aufkleber-35-stueck-35-x-35-mm","status":"publish","type":"product","link":"https:\/\/rescuesheet.net\/en\/produkt\/individuell-gestaltete-qr-oder-barcode-aufkleber-35-stueck-35-x-35-mm\/","title":{"rendered":"Individuell gestaltete QR- oder Barcode-Aufkleber, 35 St\u00fcck (35 \u00d7 35 mm)"},"content":{"rendered":"\t\t<div data-elementor-type=\"product-post\" data-elementor-id=\"90168\" class=\"elementor elementor-90168\" data-elementor-post-type=\"product\">\n\t\t\t\t<div class=\"wd-negative-gap elementor-element elementor-element-b628073 e-flex e-con-boxed e-con e-parent\" data-id=\"b628073\" data-element_type=\"container\" data-e-type=\"container\">\n\t\t\t\t\t<div class=\"e-con-inner\">\n\t\t\t\t<div class=\"elementor-element elementor-element-ff71ac7 elementor-position-left elementor-vertical-align-top elementor-widget elementor-widget-image-box\" data-id=\"ff71ac7\" data-element_type=\"widget\" data-e-type=\"widget\" data-widget_type=\"image-box.default\">\n\t\t\t\t<div class=\"elementor-widget-container\">\n\t\t\t\t\t<div class=\"elementor-image-box-wrapper\"><figure class=\"elementor-image-box-img\"><a href=\"https:\/\/ogbon.de\/\" target=\"_blank\" tabindex=\"-1\"><img decoding=\"async\" width=\"1445\" height=\"1248\" src=\"https:\/\/rescuesheet.net\/wp-content\/uploads\/2025\/11\/seite-1.png\" class=\"attachment-full size-full wp-image-90162\" alt=\"ogbon.de\" srcset=\"https:\/\/rescuesheet.net\/wp-content\/uploads\/2025\/11\/seite-1.png 1445w, https:\/\/rescuesheet.net\/wp-content\/uploads\/2025\/11\/seite-1-347x300.png 347w, https:\/\/rescuesheet.net\/wp-content\/uploads\/2025\/11\/seite-1-926x800.png 926w, https:\/\/rescuesheet.net\/wp-content\/uploads\/2025\/11\/seite-1-768x663.png 768w, https:\/\/rescuesheet.net\/wp-content\/uploads\/2025\/11\/seite-1-1320x1140.png 1320w, https:\/\/rescuesheet.net\/wp-content\/uploads\/2025\/11\/seite-1-430x371.png 430w, https:\/\/rescuesheet.net\/wp-content\/uploads\/2025\/11\/seite-1-700x605.png 700w, https:\/\/rescuesheet.net\/wp-content\/uploads\/2025\/11\/seite-1-150x130.png 150w\" sizes=\"(max-width: 1445px) 100vw, 1445px\" \/><\/a><\/figure><div class=\"elementor-image-box-content\"><h3 class=\"elementor-image-box-title\"><a href=\"https:\/\/ogbon.de\/\" target=\"_blank\">Benutzerdefinierte Etiketten mit QR- oder Barcodes<\/a><\/h3><p class=\"elementor-image-box-description\">Erstellen Sie Ihr individuelles QR- oder Barcode-Etikett ganz einfach mit unserem <b>\u201eOgbon QR-Code \/ Barcode Designer\u201c<\/b>. Dank der interaktiven Oberfl\u00e4che sehen Sie in Echtzeit, wie Ihr Etikett aussehen wird.<br><br>\nDer Code kann zu jeder gew\u00fcnschten Zieladresse weiterleiten \u2013 z. B. zu einer Nummer, einem Website-Link, einer E-Mail-Adresse, einer Social-Media-Plattform, einem YouTube-Video, Venmo, PayPal und vielem mehr.<br><br>\n<b>Material<\/b>: permanent haftend, selbstklebend, Papier, nicht wasserfest<br>\n<b>Lieferumfang: <\/b>1 Bogen mit 35 Aufklebern<br><br>\n&#128073; <a href=\"https:\/\/www.ogbon.de\" target=\"_blank\" rel=\"noopener noreferrer\">www.ogbon.de<\/a>\n<br><br>\n<\/p><\/div><\/div>\t\t\t\t<\/div>\n\t\t\t\t<\/div>\n\t\t\t\t\t<\/div>\n\t\t\t\t<\/div>\n\t\t<div class=\"wd-negative-gap elementor-element elementor-element-f3a80ac e-flex e-con-boxed e-con e-parent\" data-id=\"f3a80ac\" data-element_type=\"container\" data-e-type=\"container\">\n\t\t\t\t\t<div class=\"e-con-inner\">\n\t\t\t\t<div class=\"elementor-element elementor-element-325d06e elementor-position-left elementor-vertical-align-top elementor-widget elementor-widget-image-box\" data-id=\"325d06e\" data-element_type=\"widget\" data-e-type=\"widget\" data-widget_type=\"image-box.default\">\n\t\t\t\t<div class=\"elementor-widget-container\">\n\t\t\t\t\t<div class=\"elementor-image-box-wrapper\"><figure class=\"elementor-image-box-img\"><a href=\"https:\/\/ogbon.de\/\" target=\"_blank\" tabindex=\"-1\"><img decoding=\"async\" width=\"353\" height=\"663\" src=\"https:\/\/rescuesheet.net\/wp-content\/uploads\/2025\/11\/seite-2.png\" class=\"attachment-full size-full wp-image-90164\" alt=\"Code type\" srcset=\"https:\/\/rescuesheet.net\/wp-content\/uploads\/2025\/11\/seite-2.png 353w, https:\/\/rescuesheet.net\/wp-content\/uploads\/2025\/11\/seite-2-160x300.png 160w, https:\/\/rescuesheet.net\/wp-content\/uploads\/2025\/11\/seite-2-150x282.png 150w\" sizes=\"(max-width: 353px) 100vw, 353px\" \/><\/a><\/figure><div class=\"elementor-image-box-content\"><h3 class=\"elementor-image-box-title\"><a href=\"https:\/\/ogbon.de\/\" target=\"_blank\">Dein universeller QR- &amp; Barcode-Designer \u2013 Schnell. Flexibel. Grenzenlos.<\/a><\/h3><p class=\"elementor-image-box-description\">Erstelle professionelle Codes in Sekundenschnelle!<br><br>\nUnser leistungsstarker QR- und Barcode-Designer unterst\u00fctzt alle g\u00e4ngigen 1D- und 2D-Barcode-Formate sowie moderne GS1-Standards \u2013 ideal f\u00fcr E-Commerce, Produktkennzeichnung, Logistik, Marketing und mehr.<br><br>\nAlle wichtigen Code-Typen m\u00f6glich:<br><br>\n<table><tr><td>\n<b>QR Codes<\/b><br>\n\u2022 Klassischer QR Code<br><br>\n<b>1D-Barcodes<\/b><br>\n\u2022 Code 128<br>\n\u2022 Code 39<br>\n\u2022 EAN-13 \/ GTIN-13<br>\n\u2022 EAN-14 \/ GTIN-14<br>\n\u2022 EAN-8 \/ GTIN-8<br>\n\u2022 UPC-A \/ GTIN-12<br>\n\u2022 UPC-E<br>\n\u2022 ITF-14<br>\n\u2022 Interleaved 2 of 5<br>\n\u2022 Data Matrix<br>\n<\/td><td>\n<b>2D-Barcodes<\/b><br>\n\u2022 DataBar Limited<br>\n\u2022 DataBar Omni<br>\n<br>\n<b>GS1-Standards<\/b><br>\n\u2022 GS1-128<br>\n\u2022 GS1 DataMatrix<br>\n\u2022 GS1 QR Code<br>\n<\/td><\/tr>\n<\/table><\/p><\/div><\/div>\t\t\t\t<\/div>\n\t\t\t\t<\/div>\n\t\t\t\t\t<\/div>\n\t\t\t\t<\/div>\n\t\t\t\t<\/div>\n\t\t","protected":false},"excerpt":{"rendered":"<p><strong data-start=\"66\" data-end=\"120\">Benutzerdefinierte Etiketten mit QR- oder Barcodes<\/strong> \u2013 ideal f\u00fcr Ihr Gesch\u00e4ft, Ihre Lagerhaltung, Bestandsf\u00fchrung, Veranstaltungen oder Produkte.<\/p>\n","protected":false},"featured_media":90153,"comment_status":"open","ping_status":"closed","template":"","meta":{"jetpack_publicize_message":"","jetpack_publicize_feature_enabled":true,"jetpack_social_post_already_shared":true,"jetpack_social_options":{"image_generator_settings":{"template":"highway","default_image_id":0,"font":"","enabled":false},"version":2}},"product_brand":[],"product_cat":[179],"product_tag":[],"class_list":{"0":"post-90168","1":"product","2":"type-product","3":"status-publish","4":"has-post-thumbnail","6":"product_cat-ogbon","7":"product_shipping_class-normal","9":"first","10":"instock","11":"taxable","12":"shipping-taxable","13":"purchasable","14":"product-type-simple"},"yoast_head":"<!-- This site is optimized with the Yoast SEO plugin v27.2 - https:\/\/yoast.com\/product\/yoast-seo-wordpress\/ -->\n<title>Individuell gestaltete QR- oder Barcode-Aufkleber, 35 St\u00fcck (35 \u00d7 35 mm) - Digitale Rettungskarte per QR Code - Wenn es um Sekunden geht<\/title>\n<meta name=\"description\" content=\"Benutzerdefinierte Etiketten mit QR- oder Barcodes \u2013 ideal f\u00fcr Ihr Gesch\u00e4ft, Ihre Lagerhaltung, Bestandsf\u00fchrung, Veranstaltungen oder Produkte.\" \/>\n<meta name=\"robots\" content=\"index, follow, max-snippet:-1, max-image-preview:large, max-video-preview:-1\" \/>\n<link rel=\"canonical\" href=\"https:\/\/rescuesheet.net\/en\/produkt\/individuell-gestaltete-qr-oder-barcode-aufkleber-35-stueck-35-x-35-mm\/\" \/>\n<meta property=\"og:locale\" content=\"en_US\" \/>\n<meta property=\"og:type\" content=\"article\" \/>\n<meta property=\"og:title\" content=\"Individuell gestaltete QR- oder Barcode-Aufkleber, 35 St\u00fcck (35 \u00d7 35 mm) - Digitale Rettungskarte per QR Code - Wenn es um Sekunden geht\" \/>\n<meta property=\"og:description\" content=\"Benutzerdefinierte Etiketten mit QR- oder Barcodes \u2013 ideal f\u00fcr Ihr Gesch\u00e4ft, Ihre Lagerhaltung, Bestandsf\u00fchrung, Veranstaltungen oder Produkte.\" \/>\n<meta property=\"og:url\" content=\"https:\/\/rescuesheet.net\/en\/produkt\/individuell-gestaltete-qr-oder-barcode-aufkleber-35-stueck-35-x-35-mm\/\" \/>\n<meta property=\"og:site_name\" content=\"Digitale Rettungskarte per QR Code - Wenn es um Sekunden geht\" \/>\n<meta property=\"article:modified_time\" content=\"2025-11-24T08:50:39+00:00\" \/>\n<meta property=\"og:image\" content=\"https:\/\/rescuesheet.net\/wp-content\/uploads\/2025\/11\/qr-q.jpg\" \/>\n\t<meta property=\"og:image:width\" content=\"849\" \/>\n\t<meta property=\"og:image:height\" content=\"849\" \/>\n\t<meta property=\"og:image:type\" content=\"image\/jpeg\" \/>\n<meta name=\"twitter:card\" content=\"summary_large_image\" \/>\n<meta name=\"twitter:label1\" content=\"Est. reading time\" \/>\n\t<meta name=\"twitter:data1\" content=\"2 minutes\" \/>\n<script type=\"application\/ld+json\" class=\"yoast-schema-graph\">{\"@context\":\"https:\/\/schema.org\",\"@graph\":[{\"@type\":\"WebPage\",\"@id\":\"https:\/\/rescuesheet.net\/en\/produkt\/individuell-gestaltete-qr-oder-barcode-aufkleber-35-stueck-35-x-35-mm\/\",\"url\":\"https:\/\/rescuesheet.net\/en\/produkt\/individuell-gestaltete-qr-oder-barcode-aufkleber-35-stueck-35-x-35-mm\/\",\"name\":\"Individuell gestaltete QR- oder Barcode-Aufkleber, 35 St\u00fcck (35 \u00d7 35 mm) - Digitale Rettungskarte per QR Code - Wenn es um Sekunden geht\",\"isPartOf\":{\"@id\":\"https:\/\/rescuesheet.net\/en\/#website\"},\"primaryImageOfPage\":{\"@id\":\"https:\/\/rescuesheet.net\/en\/produkt\/individuell-gestaltete-qr-oder-barcode-aufkleber-35-stueck-35-x-35-mm\/#primaryimage\"},\"image\":{\"@id\":\"https:\/\/rescuesheet.net\/en\/produkt\/individuell-gestaltete-qr-oder-barcode-aufkleber-35-stueck-35-x-35-mm\/#primaryimage\"},\"thumbnailUrl\":\"https:\/\/rescuesheet.net\/wp-content\/uploads\/2025\/11\/qr-q.jpg\",\"datePublished\":\"2025-11-17T12:57:04+00:00\",\"dateModified\":\"2025-11-24T08:50:39+00:00\",\"description\":\"Benutzerdefinierte Etiketten mit QR- oder Barcodes \u2013 ideal f\u00fcr Ihr Gesch\u00e4ft, Ihre Lagerhaltung, Bestandsf\u00fchrung, Veranstaltungen oder Produkte.\",\"breadcrumb\":{\"@id\":\"https:\/\/rescuesheet.net\/en\/produkt\/individuell-gestaltete-qr-oder-barcode-aufkleber-35-stueck-35-x-35-mm\/#breadcrumb\"},\"inLanguage\":\"en-US\",\"potentialAction\":[{\"@type\":\"ReadAction\",\"target\":[\"https:\/\/rescuesheet.net\/en\/produkt\/individuell-gestaltete-qr-oder-barcode-aufkleber-35-stueck-35-x-35-mm\/\"]}]},{\"@type\":\"ImageObject\",\"inLanguage\":\"en-US\",\"@id\":\"https:\/\/rescuesheet.net\/en\/produkt\/individuell-gestaltete-qr-oder-barcode-aufkleber-35-stueck-35-x-35-mm\/#primaryimage\",\"url\":\"https:\/\/rescuesheet.net\/wp-content\/uploads\/2025\/11\/qr-q.jpg\",\"contentUrl\":\"https:\/\/rescuesheet.net\/wp-content\/uploads\/2025\/11\/qr-q.jpg\",\"width\":849,\"height\":849,\"caption\":\"QR-Code\"},{\"@type\":\"BreadcrumbList\",\"@id\":\"https:\/\/rescuesheet.net\/en\/produkt\/individuell-gestaltete-qr-oder-barcode-aufkleber-35-stueck-35-x-35-mm\/#breadcrumb\",\"itemListElement\":[{\"@type\":\"ListItem\",\"position\":1,\"name\":\"Startseite\",\"item\":\"https:\/\/rescuesheet.net\/en\/home\/\"},{\"@type\":\"ListItem\",\"position\":2,\"name\":\"Shop\",\"item\":\"https:\/\/rescuesheet.net\/en\/shop\/\"},{\"@type\":\"ListItem\",\"position\":3,\"name\":\"Individuell gestaltete QR- oder Barcode-Aufkleber, 35 St\u00fcck (35 \u00d7 35 mm)\"}]},{\"@type\":\"WebSite\",\"@id\":\"https:\/\/rescuesheet.net\/en\/#website\",\"url\":\"https:\/\/rescuesheet.net\/en\/\",\"name\":\"Digitale Rettungskarte per QR Code - Wenn es um Sekunden geht\",\"description\":\"Setzen Sie Ihren QR-Code in Ihrem Fahrzeug ein, um im Notfall rasch und effizient Hilfe zu erhalten.\",\"publisher\":{\"@id\":\"https:\/\/rescuesheet.net\/en\/#organization\"},\"potentialAction\":[{\"@type\":\"SearchAction\",\"target\":{\"@type\":\"EntryPoint\",\"urlTemplate\":\"https:\/\/rescuesheet.net\/en\/?s={search_term_string}\"},\"query-input\":{\"@type\":\"PropertyValueSpecification\",\"valueRequired\":true,\"valueName\":\"search_term_string\"}}],\"inLanguage\":\"en-US\"},{\"@type\":\"Organization\",\"@id\":\"https:\/\/rescuesheet.net\/en\/#organization\",\"name\":\"Ogbon GmbH\",\"url\":\"https:\/\/rescuesheet.net\/en\/\",\"logo\":{\"@type\":\"ImageObject\",\"inLanguage\":\"en-US\",\"@id\":\"https:\/\/rescuesheet.net\/en\/#\/schema\/logo\/image\/\",\"url\":\"https:\/\/shop.rescuesheet.net\/wp-content\/uploads\/logos\/logo_ogbon.png\",\"contentUrl\":\"https:\/\/shop.rescuesheet.net\/wp-content\/uploads\/logos\/logo_ogbon.png\",\"width\":974,\"height\":423,\"caption\":\"Ogbon GmbH\"},\"image\":{\"@id\":\"https:\/\/rescuesheet.net\/en\/#\/schema\/logo\/image\/\"}}]}<\/script>\n<!-- \/ Yoast SEO plugin. -->","yoast_head_json":{"title":"Individuell gestaltete QR- oder Barcode-Aufkleber, 35 St\u00fcck (35 \u00d7 35 mm) - Digitale Rettungskarte per QR Code - Wenn es um Sekunden geht","description":"Benutzerdefinierte Etiketten mit QR- oder Barcodes \u2013 ideal f\u00fcr Ihr Gesch\u00e4ft, Ihre Lagerhaltung, Bestandsf\u00fchrung, Veranstaltungen oder Produkte.","robots":{"index":"index","follow":"follow","max-snippet":"max-snippet:-1","max-image-preview":"max-image-preview:large","max-video-preview":"max-video-preview:-1"},"canonical":"https:\/\/rescuesheet.net\/en\/produkt\/individuell-gestaltete-qr-oder-barcode-aufkleber-35-stueck-35-x-35-mm\/","og_locale":"en_US","og_type":"article","og_title":"Individuell gestaltete QR- oder Barcode-Aufkleber, 35 St\u00fcck (35 \u00d7 35 mm) - Digitale Rettungskarte per QR Code - Wenn es um Sekunden geht","og_description":"Benutzerdefinierte Etiketten mit QR- oder Barcodes \u2013 ideal f\u00fcr Ihr Gesch\u00e4ft, Ihre Lagerhaltung, Bestandsf\u00fchrung, Veranstaltungen oder Produkte.","og_url":"https:\/\/rescuesheet.net\/en\/produkt\/individuell-gestaltete-qr-oder-barcode-aufkleber-35-stueck-35-x-35-mm\/","og_site_name":"Digitale Rettungskarte per QR Code - Wenn es um Sekunden geht","article_modified_time":"2025-11-24T08:50:39+00:00","og_image":[{"width":849,"height":849,"url":"https:\/\/rescuesheet.net\/wp-content\/uploads\/2025\/11\/qr-q.jpg","type":"image\/jpeg"}],"twitter_card":"summary_large_image","twitter_misc":{"Est. reading time":"2 minutes"},"schema":{"@context":"https:\/\/schema.org","@graph":[{"@type":"WebPage","@id":"https:\/\/rescuesheet.net\/en\/produkt\/individuell-gestaltete-qr-oder-barcode-aufkleber-35-stueck-35-x-35-mm\/","url":"https:\/\/rescuesheet.net\/en\/produkt\/individuell-gestaltete-qr-oder-barcode-aufkleber-35-stueck-35-x-35-mm\/","name":"Individuell gestaltete QR- oder Barcode-Aufkleber, 35 St\u00fcck (35 \u00d7 35 mm) - Digitale Rettungskarte per QR Code - Wenn es um Sekunden geht","isPartOf":{"@id":"https:\/\/rescuesheet.net\/en\/#website"},"primaryImageOfPage":{"@id":"https:\/\/rescuesheet.net\/en\/produkt\/individuell-gestaltete-qr-oder-barcode-aufkleber-35-stueck-35-x-35-mm\/#primaryimage"},"image":{"@id":"https:\/\/rescuesheet.net\/en\/produkt\/individuell-gestaltete-qr-oder-barcode-aufkleber-35-stueck-35-x-35-mm\/#primaryimage"},"thumbnailUrl":"https:\/\/rescuesheet.net\/wp-content\/uploads\/2025\/11\/qr-q.jpg","datePublished":"2025-11-17T12:57:04+00:00","dateModified":"2025-11-24T08:50:39+00:00","description":"Benutzerdefinierte Etiketten mit QR- oder Barcodes \u2013 ideal f\u00fcr Ihr Gesch\u00e4ft, Ihre Lagerhaltung, Bestandsf\u00fchrung, Veranstaltungen oder Produkte.","breadcrumb":{"@id":"https:\/\/rescuesheet.net\/en\/produkt\/individuell-gestaltete-qr-oder-barcode-aufkleber-35-stueck-35-x-35-mm\/#breadcrumb"},"inLanguage":"en-US","potentialAction":[{"@type":"ReadAction","target":["https:\/\/rescuesheet.net\/en\/produkt\/individuell-gestaltete-qr-oder-barcode-aufkleber-35-stueck-35-x-35-mm\/"]}]},{"@type":"ImageObject","inLanguage":"en-US","@id":"https:\/\/rescuesheet.net\/en\/produkt\/individuell-gestaltete-qr-oder-barcode-aufkleber-35-stueck-35-x-35-mm\/#primaryimage","url":"https:\/\/rescuesheet.net\/wp-content\/uploads\/2025\/11\/qr-q.jpg","contentUrl":"https:\/\/rescuesheet.net\/wp-content\/uploads\/2025\/11\/qr-q.jpg","width":849,"height":849,"caption":"QR-Code"},{"@type":"BreadcrumbList","@id":"https:\/\/rescuesheet.net\/en\/produkt\/individuell-gestaltete-qr-oder-barcode-aufkleber-35-stueck-35-x-35-mm\/#breadcrumb","itemListElement":[{"@type":"ListItem","position":1,"name":"Startseite","item":"https:\/\/rescuesheet.net\/en\/home\/"},{"@type":"ListItem","position":2,"name":"Shop","item":"https:\/\/rescuesheet.net\/en\/shop\/"},{"@type":"ListItem","position":3,"name":"Individuell gestaltete QR- oder Barcode-Aufkleber, 35 St\u00fcck (35 \u00d7 35 mm)"}]},{"@type":"WebSite","@id":"https:\/\/rescuesheet.net\/en\/#website","url":"https:\/\/rescuesheet.net\/en\/","name":"Digitale Rettungskarte per QR Code - Wenn es um Sekunden geht","description":"Setzen Sie Ihren QR-Code in Ihrem Fahrzeug ein, um im Notfall rasch und effizient Hilfe zu erhalten.","publisher":{"@id":"https:\/\/rescuesheet.net\/en\/#organization"},"potentialAction":[{"@type":"SearchAction","target":{"@type":"EntryPoint","urlTemplate":"https:\/\/rescuesheet.net\/en\/?s={search_term_string}"},"query-input":{"@type":"PropertyValueSpecification","valueRequired":true,"valueName":"search_term_string"}}],"inLanguage":"en-US"},{"@type":"Organization","@id":"https:\/\/rescuesheet.net\/en\/#organization","name":"Ogbon GmbH","url":"https:\/\/rescuesheet.net\/en\/","logo":{"@type":"ImageObject","inLanguage":"en-US","@id":"https:\/\/rescuesheet.net\/en\/#\/schema\/logo\/image\/","url":"https:\/\/shop.rescuesheet.net\/wp-content\/uploads\/logos\/logo_ogbon.png","contentUrl":"https:\/\/shop.rescuesheet.net\/wp-content\/uploads\/logos\/logo_ogbon.png","width":974,"height":423,"caption":"Ogbon GmbH"},"image":{"@id":"https:\/\/rescuesheet.net\/en\/#\/schema\/logo\/image\/"}}]}},"jetpack_publicize_connections":[],"jetpack_sharing_enabled":true,"_links":{"self":[{"href":"https:\/\/rescuesheet.net\/en\/wp-json\/wp\/v2\/product\/90168","targetHints":{"allow":["GET"]}}],"collection":[{"href":"https:\/\/rescuesheet.net\/en\/wp-json\/wp\/v2\/product"}],"about":[{"href":"https:\/\/rescuesheet.net\/en\/wp-json\/wp\/v2\/types\/product"}],"replies":[{"embeddable":true,"href":"https:\/\/rescuesheet.net\/en\/wp-json\/wp\/v2\/comments?post=90168"}],"version-history":[{"count":0,"href":"https:\/\/rescuesheet.net\/en\/wp-json\/wp\/v2\/product\/90168\/revisions"}],"wp:featuredmedia":[{"embeddable":true,"href":"https:\/\/rescuesheet.net\/en\/wp-json\/wp\/v2\/media\/90153"}],"wp:attachment":[{"href":"https:\/\/rescuesheet.net\/en\/wp-json\/wp\/v2\/media?parent=90168"}],"wp:term":[{"taxonomy":"product_brand","embeddable":true,"href":"https:\/\/rescuesheet.net\/en\/wp-json\/wp\/v2\/product_brand?post=90168"},{"taxonomy":"product_cat","embeddable":true,"href":"https:\/\/rescuesheet.net\/en\/wp-json\/wp\/v2\/product_cat?post=90168"},{"taxonomy":"product_tag","embeddable":true,"href":"https:\/\/rescuesheet.net\/en\/wp-json\/wp\/v2\/product_tag?post=90168"}],"curies":[{"name":"wp","href":"https:\/\/api.w.org\/{rel}","templated":true}]}}